{"id":14658,"date":"2025-02-26T18:33:30","date_gmt":"2025-02-26T18:33:30","guid":{"rendered":"https:\/\/edimeinter.com\/libreria\/?post_type=product&#038;p=14658"},"modified":"2025-03-28T20:09:33","modified_gmt":"2025-03-28T20:09:33","slug":"inmunologia-basica-6a-edicion","status":"publish","type":"product","link":"https:\/\/edimeinter.com\/libreria\/product\/inmunologia-basica-6a-edicion\/","title":{"rendered":"Inmunolog\u00eda b\u00e1sica. 6\u00aa Edici\u00f3n"},"content":{"rendered":"\t\t<div data-elementor-type=\"wp-post\" data-elementor-id=\"14658\" class=\"elementor elementor-14658\">\n\t\t\t\t\n<div class=\"elementor-element elementor-element-2612b12 e-flex e-con-boxed e-con e-parent\" data-id=\"2612b12\" data-element_type=\"container\" data-e-type=\"container\">\n\t\t\t\t\t<div class=\"e-con-inner\">\n\t\t\n\t\t<div class=\"elementor-element elementor-element-498707ae elementor-widget elementor-widget-text-editor\" data-id=\"498707ae\" data-element_type=\"widget\" data-e-type=\"widget\" data-widget_type=\"text-editor.default\">\n\t\t\t\t<div class=\"elementor-widget-container\">\n\t\t\t\t\t\t\t\t\t<p>Nueva edici\u00f3n del \u00abbaby Abbas\u00bb que cubre la asignatura de Inmunolog\u00eda de una forma concisa visual y presentando la informaci\u00f3n justa para el estudiante de Medicina o de Farmacia Biotecnolog\u00eda o Ciencias Biom\u00e9dicas que se enfrenta por primera vez a la asignatura.<\/p><p>El valor a\u00f1adido del t\u00edtulo es que sigue la misma estructura organizaci\u00f3n y filosof\u00eda del libro de referencia Abbas Inmunolog\u00eda celular y molecular cuya 9\u00aa ed. en castellano ha sido publicada en 2018.<\/p><p>Accesible y de f\u00e1cil comprensi\u00f3n incluye ilustraciones e im\u00e1genes cl\u00ednicas \u00fatiles tablas y otros pr\u00e1cticos elementos como cuadros resumen preguntas de repaso un completo glosario y casos cl\u00ednicos para ayudar a los estudiantes a dominar eficazmente esta compleja disciplina.<\/p><p>El contenido en SC.com (en ingl\u00e9s) incluye un conjunto de 11 animaciones de procesos inmunol\u00f3gicos y un banco de preguntas de autoevaluaci\u00f3n.<\/p>\t\t\t\t\t\t\t\t<\/div>\n\t\t\t\t<\/div>\n\t\t\t\t\t<\/div>\n\t\t\t\t<\/div>\n\t\t\t\t<\/div>\n\t\t","protected":false},"excerpt":{"rendered":"<div>\n<p><strong>Autores:<\/strong>\u00a0Abul K. Abbas &amp; Andrew H. H. Lichtman &amp; Shiv Pillai<br \/>\n<strong>ISBN:<\/strong>\u00a09788491136705<br \/>\n<strong>Editorial:<\/strong>\u00a0Elsevier<br \/>\n<strong>Edici\u00f3n:<\/strong>\u00a06\u00aa<br \/>\n<strong>Especialidad<\/strong>: Inmunolog\u00eda<br \/>\n<strong>P\u00e1ginas<\/strong>: 328<br \/>\n\u00a9 2020<\/p>\n<\/div>\n","protected":false},"featured_media":14659,"comment_status":"open","ping_status":"open","template":"","meta":{"_joinchat":[]},"product_cat":[164],"product_tag":[85,165],"class_list":{"0":"post-14658","1":"product","2":"type-product","3":"status-publish","4":"has-post-thumbnail","6":"product_cat-inmunologia","7":"product_tag-elsevier","8":"product_tag-inmunologia","10":"first","11":"instock","12":"featured","13":"purchasable","14":"product-type-simple"},"_links":{"self":[{"href":"https:\/\/edimeinter.com\/libreria\/wp-json\/wp\/v2\/product\/14658","targetHints":{"allow":["GET"]}}],"collection":[{"href":"https:\/\/edimeinter.com\/libreria\/wp-json\/wp\/v2\/product"}],"about":[{"href":"https:\/\/edimeinter.com\/libreria\/wp-json\/wp\/v2\/types\/product"}],"replies":[{"embeddable":true,"href":"https:\/\/edimeinter.com\/libreria\/wp-json\/wp\/v2\/comments?post=14658"}],"version-history":[{"count":4,"href":"https:\/\/edimeinter.com\/libreria\/wp-json\/wp\/v2\/product\/14658\/revisions"}],"predecessor-version":[{"id":14663,"href":"https:\/\/edimeinter.com\/libreria\/wp-json\/wp\/v2\/product\/14658\/revisions\/14663"}],"wp:featuredmedia":[{"embeddable":true,"href":"https:\/\/edimeinter.com\/libreria\/wp-json\/wp\/v2\/media\/14659"}],"wp:attachment":[{"href":"https:\/\/edimeinter.com\/libreria\/wp-json\/wp\/v2\/media?parent=14658"}],"wp:term":[{"taxonomy":"product_cat","embeddable":true,"href":"https:\/\/edimeinter.com\/libreria\/wp-json\/wp\/v2\/product_cat?post=14658"},{"taxonomy":"product_tag","embeddable":true,"href":"https:\/\/edimeinter.com\/libreria\/wp-json\/wp\/v2\/product_tag?post=14658"}],"curies":[{"name":"wp","href":"https:\/\/api.w.org\/{rel}","templated":true}]}}