{"id":14670,"date":"2025-02-26T18:41:49","date_gmt":"2025-02-26T18:41:49","guid":{"rendered":"https:\/\/edimeinter.com\/libreria\/?post_type=product&#038;p=14670"},"modified":"2026-01-11T00:15:08","modified_gmt":"2026-01-11T00:15:08","slug":"abeloff-oncologia-clinica-6a-edicion","status":"publish","type":"product","link":"https:\/\/edimeinter.com\/libreria\/product\/abeloff-oncologia-clinica-6a-edicion\/","title":{"rendered":"Abeloff. Oncolog\u00eda cl\u00ednica. 6\u00aa Edici\u00f3n"},"content":{"rendered":"\t\t<div data-elementor-type=\"wp-post\" data-elementor-id=\"14670\" class=\"elementor elementor-14670\">\n\t\t\t\t<div class=\"elementor-element elementor-element-2612b12 e-flex e-con-boxed e-con e-parent\" data-id=\"2612b12\" data-element_type=\"container\" data-e-type=\"container\">\n\t\t\t\t\t<div class=\"e-con-inner\">\n\t\t\n\t\t<div class=\"elementor-element elementor-element-498707ae elementor-widget elementor-widget-text-editor\" data-id=\"498707ae\" data-element_type=\"widget\" data-e-type=\"widget\" data-widget_type=\"text-editor.default\">\n\t\t\t\t<div class=\"elementor-widget-container\">\n\t\t\t\t\t\t\t\t\t<p>Obra de referencia que recoge los avances recientes en la fisiopatolog\u00eda del c\u00e1ncer las causas celulares y moleculares del comienzo y la progresi\u00f3n de la enfermedad as\u00ed como las nuevas terapias y ensayos cl\u00ednicos.<\/p><p>Esta obra presenta numerosas actualizaciones como las gu\u00edas de pr\u00e1cticas cl\u00ednica m\u00e1s recientes algoritmos de toma de decisiones e implicaciones de los ensayos cl\u00ednicos as\u00ed como nuevo contenido sobre medicina de precisi\u00f3n gen\u00e9tica y PET\/TC. Incorpora nuevos cap\u00edtulos sobre el metabolismo del c\u00e1ncer y los dise\u00f1os de ensayos cl\u00ednicos en oncolog\u00eda adem\u00e1s de un cap\u00edtulo espec\u00edfico sobre estilo de\u00a0vida y prevenci\u00f3n del c\u00e1ncer.<\/p><p>Describe los temas clave actuales como la inmunooncolog\u00eda las pruebas de imagen funcionales la medicina de precisi\u00f3n la aplicaci\u00f3n de la gen\u00e9tica en el diagn\u00f3stico patol\u00f3gico la subclasificaci\u00f3n de los tumores y la asociaci\u00f3n del c\u00e1ncer con enfermedades infecciosas cr\u00f3nicas como el VIH.<\/p><p>Ayuda a localizar la informaci\u00f3n con agilidad gracias a una indexaci\u00f3n vinculada a las recomendaciones terap\u00e9uticas a los res\u00famenes centrados en la evidencia a los puntos clave al comienzo de cada cap\u00edtulo ideales para una consulta r\u00e1pida y el repaso antes de los ex\u00e1menes ideales para una consulta r\u00e1pida y el repaso antes de los ex\u00e1menes as\u00ed como a los algoritmos para la evaluaci\u00f3n el diagn\u00f3stico y las opciones terap\u00e9uticas.<\/p>\t\t\t\t\t\t\t\t<\/div>\n\t\t\t\t<\/div>\n\t\t\t\t\t<\/div>\n\t\t\t\t<\/div>\n\t\t\t\t<\/div>\n\t\t","protected":false},"excerpt":{"rendered":"<p><strong>Autores:<\/strong>\u00a0John E. Niederhuber &amp; James O. Armitage &amp; James H Doroshow &amp; Michael B. Kastan &amp; Joel E. Tepper<br \/>\n<strong>ISBN:<\/strong>\u00a09788491135203<br \/>\n<strong>Editorial:<\/strong>\u00a0Elsevier<br \/>\n<strong>Edici\u00f3n:<\/strong>\u00a06\u00aa<br \/>\n<strong>Especialidad<\/strong>: Oncolog\u00eda<br \/>\n<strong>P\u00e1ginas<\/strong>: 2072<br \/>\n\u00a9 2020<\/p>\n","protected":false},"featured_media":14671,"comment_status":"open","ping_status":"closed","template":"","meta":{"_joinchat":[]},"product_cat":[77],"product_tag":[85,78],"class_list":{"0":"post-14670","1":"product","2":"type-product","3":"status-publish","4":"has-post-thumbnail","6":"product_cat-oncologia","7":"product_tag-elsevier","8":"product_tag-oncologia","10":"first","11":"instock","12":"featured","13":"purchasable","14":"product-type-simple"},"_links":{"self":[{"href":"https:\/\/edimeinter.com\/libreria\/wp-json\/wp\/v2\/product\/14670","targetHints":{"allow":["GET"]}}],"collection":[{"href":"https:\/\/edimeinter.com\/libreria\/wp-json\/wp\/v2\/product"}],"about":[{"href":"https:\/\/edimeinter.com\/libreria\/wp-json\/wp\/v2\/types\/product"}],"replies":[{"embeddable":true,"href":"https:\/\/edimeinter.com\/libreria\/wp-json\/wp\/v2\/comments?post=14670"}],"version-history":[{"count":5,"href":"https:\/\/edimeinter.com\/libreria\/wp-json\/wp\/v2\/product\/14670\/revisions"}],"predecessor-version":[{"id":16864,"href":"https:\/\/edimeinter.com\/libreria\/wp-json\/wp\/v2\/product\/14670\/revisions\/16864"}],"wp:featuredmedia":[{"embeddable":true,"href":"https:\/\/edimeinter.com\/libreria\/wp-json\/wp\/v2\/media\/14671"}],"wp:attachment":[{"href":"https:\/\/edimeinter.com\/libreria\/wp-json\/wp\/v2\/media?parent=14670"}],"wp:term":[{"taxonomy":"product_cat","embeddable":true,"href":"https:\/\/edimeinter.com\/libreria\/wp-json\/wp\/v2\/product_cat?post=14670"},{"taxonomy":"product_tag","embeddable":true,"href":"https:\/\/edimeinter.com\/libreria\/wp-json\/wp\/v2\/product_tag?post=14670"}],"curies":[{"name":"wp","href":"https:\/\/api.w.org\/{rel}","templated":true}]}}