{"id":14693,"date":"2025-02-26T19:05:27","date_gmt":"2025-02-26T19:05:27","guid":{"rendered":"https:\/\/edimeinter.com\/libreria\/?post_type=product&#038;p=14693"},"modified":"2025-03-28T20:09:07","modified_gmt":"2025-03-28T20:09:07","slug":"principios-de-la-cirugia-ginecologica-oncologica-1a-edicion","status":"publish","type":"product","link":"https:\/\/edimeinter.com\/libreria\/product\/principios-de-la-cirugia-ginecologica-oncologica-1a-edicion\/","title":{"rendered":"Principios de la cirug\u00eda ginecol\u00f3gica oncol\u00f3gica. 1\u00aa Edici\u00f3n"},"content":{"rendered":"\t\t<div data-elementor-type=\"wp-post\" data-elementor-id=\"14693\" class=\"elementor elementor-14693\">\n\t\t\t\t<div class=\"elementor-element elementor-element-2612b12 e-flex e-con-boxed e-con e-parent\" data-id=\"2612b12\" data-element_type=\"container\" data-e-type=\"container\">\n\t\t\t\t\t<div class=\"e-con-inner\">\n\t\t\n\t\t<div class=\"elementor-element elementor-element-498707ae elementor-widget elementor-widget-text-editor\" data-id=\"498707ae\" data-element_type=\"widget\" data-e-type=\"widget\" data-widget_type=\"text-editor.default\">\n\t\t\t\t<div class=\"elementor-widget-container\">\n\t\t\t\t\t\t\t\t\t<p>Gu\u00eda detallada paso a paso de los procedimientos esenciales en cirug\u00eda ginecol\u00f3gica oncol\u00f3gica.<\/p><p>Presenta temas novedosos como la recuperaci\u00f3n intensificada tras la cirug\u00eda el estudio del ganglio centinela y la cirug\u00eda m\u00ednimamente invasiva (cirug\u00eda rob\u00f3tica cirug\u00eda laparosc\u00f3pica avanzada y cirug\u00eda laparosc\u00f3pica con puerto \u00fanico).<\/p><p>Incluye descripciiones sobre aspectos de cirug\u00eda reconstructiva cirug\u00eda colorrectal urolog\u00eda y cirug\u00eda vascular elaboradas por cirujanos expertos en los respectivos cargos.<\/p><p>Incluye v\u00eddeos (disponibles en ingl\u00e9s en Expert Consult) que gu\u00edan al lector en procedimientos como la exploraci\u00f3n abdominal con laparoscopia para la evaluaci\u00f3n de la citorreducci\u00f3n en el c\u00e1ncer de ovario avanzado la histerectom\u00eda laparosc\u00f3pica con mapeo del ganglio centinela la histerectom\u00eda radical y la traquelectom\u00eda radical rob\u00f3tica entre otros.<\/p>\t\t\t\t\t\t\t\t<\/div>\n\t\t\t\t<\/div>\n\t\t\t\t\t<\/div>\n\t\t\t\t<\/div>\n\t\t\t\t<\/div>\n\t\t","protected":false},"excerpt":{"rendered":"<p><strong>Autores:<\/strong>\u00a0Pedro T Ramirez &amp; Michael Frumovitz &amp; Nadeem R Abu-Rustum<br \/>\n<strong>ISBN:<\/strong>\u00a09788491135173<br \/>\n<strong>Editorial:<\/strong>\u00a0Elsevier<br \/>\n<strong>Edici\u00f3n:<\/strong>\u00a01\u00aa<br \/>\n<strong>Especialidad<\/strong>: Oncolog\u00eda<br \/>\n<strong>P\u00e1ginas<\/strong>: 416<br \/>\n\u00a9 2019<\/p>\n","protected":false},"featured_media":14694,"comment_status":"open","ping_status":"open","template":"","meta":{"_joinchat":[]},"product_cat":[77],"product_tag":[85,78],"class_list":{"0":"post-14693","1":"product","2":"type-product","3":"status-publish","4":"has-post-thumbnail","6":"product_cat-oncologia","7":"product_tag-elsevier","8":"product_tag-oncologia","10":"first","11":"instock","12":"featured","13":"purchasable","14":"product-type-simple"},"_links":{"self":[{"href":"https:\/\/edimeinter.com\/libreria\/wp-json\/wp\/v2\/product\/14693","targetHints":{"allow":["GET"]}}],"collection":[{"href":"https:\/\/edimeinter.com\/libreria\/wp-json\/wp\/v2\/product"}],"about":[{"href":"https:\/\/edimeinter.com\/libreria\/wp-json\/wp\/v2\/types\/product"}],"replies":[{"embeddable":true,"href":"https:\/\/edimeinter.com\/libreria\/wp-json\/wp\/v2\/comments?post=14693"}],"version-history":[{"count":4,"href":"https:\/\/edimeinter.com\/libreria\/wp-json\/wp\/v2\/product\/14693\/revisions"}],"predecessor-version":[{"id":14698,"href":"https:\/\/edimeinter.com\/libreria\/wp-json\/wp\/v2\/product\/14693\/revisions\/14698"}],"wp:featuredmedia":[{"embeddable":true,"href":"https:\/\/edimeinter.com\/libreria\/wp-json\/wp\/v2\/media\/14694"}],"wp:attachment":[{"href":"https:\/\/edimeinter.com\/libreria\/wp-json\/wp\/v2\/media?parent=14693"}],"wp:term":[{"taxonomy":"product_cat","embeddable":true,"href":"https:\/\/edimeinter.com\/libreria\/wp-json\/wp\/v2\/product_cat?post=14693"},{"taxonomy":"product_tag","embeddable":true,"href":"https:\/\/edimeinter.com\/libreria\/wp-json\/wp\/v2\/product_tag?post=14693"}],"curies":[{"name":"wp","href":"https:\/\/api.w.org\/{rel}","templated":true}]}}