{"id":14699,"date":"2025-02-26T19:18:07","date_gmt":"2025-02-26T19:18:07","guid":{"rendered":"https:\/\/edimeinter.com\/libreria\/?post_type=product&#038;p=14699"},"modified":"2025-07-23T16:21:31","modified_gmt":"2025-07-23T16:21:31","slug":"mandell-douglas-y-bennett-enfermedades-infecciosas-principios-y-practica-9a-edicion","status":"publish","type":"product","link":"https:\/\/edimeinter.com\/libreria\/product\/mandell-douglas-y-bennett-enfermedades-infecciosas-principios-y-practica-9a-edicion\/","title":{"rendered":"Mandell Douglas y Bennett. Enfermedades infecciosas. Principios y pr\u00e1ctica. 9\u00aa Edici\u00f3n"},"content":{"rendered":"\t\t<div data-elementor-type=\"wp-post\" data-elementor-id=\"14699\" class=\"elementor elementor-14699\">\n\t\t\t\t<div class=\"elementor-element elementor-element-2612b12 e-flex e-con-boxed e-con e-parent\" data-id=\"2612b12\" data-element_type=\"container\" data-e-type=\"container\">\n\t\t\t\t\t<div class=\"e-con-inner\">\n\t\t\n\t\t<div class=\"elementor-element elementor-element-498707ae elementor-widget elementor-widget-text-editor\" data-id=\"498707ae\" data-element_type=\"widget\" data-e-type=\"widget\" data-widget_type=\"text-editor.default\">\n\t\t\t\t<div class=\"elementor-widget-container\">\n\t\t\t\t\t\t\t\t\t<p>Durante cuatro d\u00e9cadas Mandell Douglas y Bennett. Enfermedades infecciosas. Principios y pr\u00e1ctica ha sido la gu\u00eda de referencia para el diagn\u00f3stico y el tratamiento de estas complejas enfermedades en la cual han depositado su confianza tanto m\u00e9dicos como otros profesionales de la salud. La 9.\u00aa edici\u00f3n mantiene su compromiso por la excelencia con cap\u00edtulos ampliados un abordaje cada vez m\u00e1s global y numerosas actualizaciones para ayudar a los lectores a mantenerse a la vanguardia de esta especialidad de vital importancia. Meticulosamente actualizada por los Dres. John E. Bennett Raphael Dolin y Martin J. Blaser la presente obra ofrece la informaci\u00f3n m\u00e1s reciente acerca del dif\u00edcil campo de las enfermedades infecciosas.<\/p>\t\t\t\t\t\t\t\t<\/div>\n\t\t\t\t<\/div>\n\t\t\t\t\t<\/div>\n\t\t\t\t<\/div>\n\t\t\t\t<\/div>\n\t\t","protected":false},"excerpt":{"rendered":"<p><strong>Autores:<\/strong>\u00a0John E. Bennett &amp; Raphael Dolin &amp; Martin J. Blaser<br \/>\n<strong>ISBN:<\/strong>\u00a09788491134992<br \/>\n<strong>Editorial:<\/strong>\u00a0Elsevier<br \/>\n<strong>Edici\u00f3n:<\/strong>\u00a09\u00aa<br \/>\n<strong>Especialidad<\/strong>: Enfermedades Infecciosas<br \/>\n<strong>P\u00e1ginas<\/strong>: 4056<br \/>\n\u00a9 2020<\/p>\n","protected":false},"featured_media":14700,"comment_status":"open","ping_status":"closed","template":"","meta":{"_joinchat":[]},"product_cat":[228],"product_tag":[85,229],"class_list":{"0":"post-14699","1":"product","2":"type-product","3":"status-publish","4":"has-post-thumbnail","6":"product_cat-enfermedades-infecciosas","7":"product_tag-elsevier","8":"product_tag-enfermedades-infecciosas","10":"first","11":"outofstock","12":"featured","13":"purchasable","14":"product-type-simple"},"_links":{"self":[{"href":"https:\/\/edimeinter.com\/libreria\/wp-json\/wp\/v2\/product\/14699","targetHints":{"allow":["GET"]}}],"collection":[{"href":"https:\/\/edimeinter.com\/libreria\/wp-json\/wp\/v2\/product"}],"about":[{"href":"https:\/\/edimeinter.com\/libreria\/wp-json\/wp\/v2\/types\/product"}],"replies":[{"embeddable":true,"href":"https:\/\/edimeinter.com\/libreria\/wp-json\/wp\/v2\/comments?post=14699"}],"version-history":[{"count":5,"href":"https:\/\/edimeinter.com\/libreria\/wp-json\/wp\/v2\/product\/14699\/revisions"}],"predecessor-version":[{"id":16891,"href":"https:\/\/edimeinter.com\/libreria\/wp-json\/wp\/v2\/product\/14699\/revisions\/16891"}],"wp:featuredmedia":[{"embeddable":true,"href":"https:\/\/edimeinter.com\/libreria\/wp-json\/wp\/v2\/media\/14700"}],"wp:attachment":[{"href":"https:\/\/edimeinter.com\/libreria\/wp-json\/wp\/v2\/media?parent=14699"}],"wp:term":[{"taxonomy":"product_cat","embeddable":true,"href":"https:\/\/edimeinter.com\/libreria\/wp-json\/wp\/v2\/product_cat?post=14699"},{"taxonomy":"product_tag","embeddable":true,"href":"https:\/\/edimeinter.com\/libreria\/wp-json\/wp\/v2\/product_tag?post=14699"}],"curies":[{"name":"wp","href":"https:\/\/api.w.org\/{rel}","templated":true}]}}