{"id":14705,"date":"2025-02-26T19:20:50","date_gmt":"2025-02-26T19:20:50","guid":{"rendered":"https:\/\/edimeinter.com\/libreria\/?post_type=product&#038;p=14705"},"modified":"2025-03-28T20:08:48","modified_gmt":"2025-03-28T20:08:48","slug":"vacunas-1a-edicion","status":"publish","type":"product","link":"https:\/\/edimeinter.com\/libreria\/product\/vacunas-1a-edicion\/","title":{"rendered":"Vacunas. 1\u00aa Edici\u00f3n"},"content":{"rendered":"\t\t<div data-elementor-type=\"wp-post\" data-elementor-id=\"14705\" class=\"elementor elementor-14705\">\n\t\t\t\t<div class=\"elementor-element elementor-element-2612b12 e-flex e-con-boxed e-con e-parent\" data-id=\"2612b12\" data-element_type=\"container\" data-e-type=\"container\">\n\t\t\t\t\t<div class=\"e-con-inner\">\n\t\t\n\t\t<div class=\"elementor-element elementor-element-498707ae elementor-widget elementor-widget-text-editor\" data-id=\"498707ae\" data-element_type=\"widget\" data-e-type=\"widget\" data-widget_type=\"text-editor.default\">\n\t\t\t\t<div class=\"elementor-widget-container\">\n\t\t\t\t\t\t\t\t\t<p>El objetivo de este libro es ofrecer una actualizaci\u00f3n concisa de la inmunizaci\u00f3n de adultos\u00a0en el siglo XXI centr\u00e1ndose en las cuestiones m\u00e1s relevantes a las que tienen que hacer frente los cl\u00ednicos.<\/p><p>\u00a0El\u00a0contenido se estructura en\u00a012 cap\u00edtulos a trav\u00e9s de los cuales se hace una actualizaci\u00f3n completa de las vacunas m\u00e1s habituales en la poblaci\u00f3n adulta y anciana as\u00ed como de las nuevas vacunas que han aparecido en los \u00faltimos a\u00f1os. La vacuna de la gripe contra la infecci\u00f3n neumoc\u00f3cica el herpes z\u00f3ster y las vacunas en las personas inmunodeprimidas son algunos de los aspectos abordados en este manual.<\/p><p>Se incluye\u00a0informaci\u00f3n pr\u00e1ctica y accesible sobre las vacunas en adultos viajeros las vacunas antimeningoc\u00f3cicas as\u00ed como un cap\u00edtulo dedicado a las vacunas en los profesionales sanitarios.<\/p><p>Adem\u00e1s de la presentaci\u00f3n de las distintas estrategias vacunales en adultos este manual profundiza en aspectos tan relevantes como la seguridad vacunal y las posibles dudas sobre las vacunas aspectos ambos de suma importancia de cara a proteger al m\u00e1ximo a todos aquellos pacientes adultos que est\u00e1n en riesgo de enfermedades graves que podr\u00edan prevenirse mediante una correcta estrategia de vacunaci\u00f3n.<\/p><p>Obra de inter\u00e9s para especialistas en salud p\u00fablica inmun\u00f3logos enfermeras m\u00e9dicos de atenci\u00f3n primaria y otros profesionales vinculados con la administraci\u00f3n de vacunas a adultos.<\/p>\t\t\t\t\t\t\t\t<\/div>\n\t\t\t\t<\/div>\n\t\t\t\t\t<\/div>\n\t\t\t\t<\/div>\n\t\t\t\t<\/div>\n\t\t","protected":false},"excerpt":{"rendered":"<p><strong>Autores:<\/strong>\u00a0Gregory Poland<br \/>\n<strong>ISBN:<\/strong>\u00a09788491135685<br \/>\n<strong>Editorial:<\/strong>\u00a0Elsevier<br \/>\n<strong>Edici\u00f3n:<\/strong>\u00a01\u00aa<br \/>\n<strong>Especialidad<\/strong>: Enfermedades Infecciosas<br \/>\n<strong>P\u00e1ginas<\/strong>: 232<br \/>\n\u00a9 2019<\/p>\n","protected":false},"featured_media":14707,"comment_status":"open","ping_status":"open","template":"","meta":{"_joinchat":[]},"product_cat":[228],"product_tag":[85,229],"class_list":{"0":"post-14705","1":"product","2":"type-product","3":"status-publish","4":"has-post-thumbnail","6":"product_cat-enfermedades-infecciosas","7":"product_tag-elsevier","8":"product_tag-enfermedades-infecciosas","10":"first","11":"instock","12":"featured","13":"purchasable","14":"product-type-simple"},"_links":{"self":[{"href":"https:\/\/edimeinter.com\/libreria\/wp-json\/wp\/v2\/product\/14705","targetHints":{"allow":["GET"]}}],"collection":[{"href":"https:\/\/edimeinter.com\/libreria\/wp-json\/wp\/v2\/product"}],"about":[{"href":"https:\/\/edimeinter.com\/libreria\/wp-json\/wp\/v2\/types\/product"}],"replies":[{"embeddable":true,"href":"https:\/\/edimeinter.com\/libreria\/wp-json\/wp\/v2\/comments?post=14705"}],"version-history":[{"count":4,"href":"https:\/\/edimeinter.com\/libreria\/wp-json\/wp\/v2\/product\/14705\/revisions"}],"predecessor-version":[{"id":14711,"href":"https:\/\/edimeinter.com\/libreria\/wp-json\/wp\/v2\/product\/14705\/revisions\/14711"}],"wp:featuredmedia":[{"embeddable":true,"href":"https:\/\/edimeinter.com\/libreria\/wp-json\/wp\/v2\/media\/14707"}],"wp:attachment":[{"href":"https:\/\/edimeinter.com\/libreria\/wp-json\/wp\/v2\/media?parent=14705"}],"wp:term":[{"taxonomy":"product_cat","embeddable":true,"href":"https:\/\/edimeinter.com\/libreria\/wp-json\/wp\/v2\/product_cat?post=14705"},{"taxonomy":"product_tag","embeddable":true,"href":"https:\/\/edimeinter.com\/libreria\/wp-json\/wp\/v2\/product_tag?post=14705"}],"curies":[{"name":"wp","href":"https:\/\/api.w.org\/{rel}","templated":true}]}}