{"id":14712,"date":"2025-02-26T19:34:22","date_gmt":"2025-02-26T19:34:22","guid":{"rendered":"https:\/\/edimeinter.com\/libreria\/?post_type=product&#038;p=14712"},"modified":"2025-03-28T20:08:40","modified_gmt":"2025-03-28T20:08:40","slug":"guia-visual-de-enfermedades-infecciosas-1a-edicion","status":"publish","type":"product","link":"https:\/\/edimeinter.com\/libreria\/product\/guia-visual-de-enfermedades-infecciosas-1a-edicion\/","title":{"rendered":"Gu\u00eda visual de enfermedades infecciosas. 1\u00aa Edici\u00f3n"},"content":{"rendered":"\t\t<div data-elementor-type=\"wp-post\" data-elementor-id=\"14712\" class=\"elementor elementor-14712\">\n\t\t\t\t<div class=\"elementor-element elementor-element-2612b12 e-flex e-con-boxed e-con e-parent\" data-id=\"2612b12\" data-element_type=\"container\" data-e-type=\"container\">\n\t\t\t\t\t<div class=\"e-con-inner\">\n\t\t\n\t\t<div class=\"elementor-element elementor-element-498707ae elementor-widget elementor-widget-text-editor\" data-id=\"498707ae\" data-element_type=\"widget\" data-e-type=\"widget\" data-widget_type=\"text-editor.default\">\n\t\t\t\t<div class=\"elementor-widget-container\">\n\t\t\t\t\t\t\t\t\t<p>Obra que combina originales vi\u00f1etas de estilo c\u00f3mic con textos humor\u00edsticos para hacer m\u00e1s accesible la comprensi\u00f3n de ciertos trastornos y enfermedades de una forma novedosa y muy eficaz.<\/p><p>Presenta un modo innovador conciso y distendido de estudiar las enfermedades sus signos y s\u00edntomas y la forma de tratarlas con un enfoque perfecto para los estudiantes de Medicina.<\/p><p>Mejora la comprensi\u00f3n y la retentiva de informaci\u00f3n compleja por medio de ilustraciones y contenidos de alta calidad creando un recurso de alto inter\u00e9s y de gran valor educativo con enormes dosis de humor y un estilo muy innovador.<\/p><p>Utiliza el aprendizaje visual para reforzar la memorizaci\u00f3n y la retenci\u00f3n de informaci\u00f3n y para obtener buenos resultados en los ex\u00e1menes.<\/p>\t\t\t\t\t\t\t\t<\/div>\n\t\t\t\t<\/div>\n\t\t\t\t\t<\/div>\n\t\t\t\t<\/div>\n\t\t\t\t<\/div>\n\t\t","protected":false},"excerpt":{"rendered":"<p><strong>Autores:<\/strong>\u00a0Brian Kloss &amp; Travis Bruce<br \/>\n<strong>ISBN:<\/strong>\u00a09788491134787<br \/>\n<strong>Editorial:<\/strong>\u00a0Elsevier<br \/>\n<strong>Edici\u00f3n:<\/strong>\u00a01\u00aa<br \/>\n<strong>Especialidad<\/strong>: Enfermedades Infecciosas<br \/>\n<strong>P\u00e1ginas<\/strong>: 384<br \/>\n\u00a9 2019<\/p>\n","protected":false},"featured_media":14713,"comment_status":"open","ping_status":"open","template":"","meta":{"_joinchat":[]},"product_cat":[228],"product_tag":[85,229],"class_list":{"0":"post-14712","1":"product","2":"type-product","3":"status-publish","4":"has-post-thumbnail","6":"product_cat-enfermedades-infecciosas","7":"product_tag-elsevier","8":"product_tag-enfermedades-infecciosas","10":"first","11":"instock","12":"featured","13":"purchasable","14":"product-type-simple"},"_links":{"self":[{"href":"https:\/\/edimeinter.com\/libreria\/wp-json\/wp\/v2\/product\/14712","targetHints":{"allow":["GET"]}}],"collection":[{"href":"https:\/\/edimeinter.com\/libreria\/wp-json\/wp\/v2\/product"}],"about":[{"href":"https:\/\/edimeinter.com\/libreria\/wp-json\/wp\/v2\/types\/product"}],"replies":[{"embeddable":true,"href":"https:\/\/edimeinter.com\/libreria\/wp-json\/wp\/v2\/comments?post=14712"}],"version-history":[{"count":4,"href":"https:\/\/edimeinter.com\/libreria\/wp-json\/wp\/v2\/product\/14712\/revisions"}],"predecessor-version":[{"id":14717,"href":"https:\/\/edimeinter.com\/libreria\/wp-json\/wp\/v2\/product\/14712\/revisions\/14717"}],"wp:featuredmedia":[{"embeddable":true,"href":"https:\/\/edimeinter.com\/libreria\/wp-json\/wp\/v2\/media\/14713"}],"wp:attachment":[{"href":"https:\/\/edimeinter.com\/libreria\/wp-json\/wp\/v2\/media?parent=14712"}],"wp:term":[{"taxonomy":"product_cat","embeddable":true,"href":"https:\/\/edimeinter.com\/libreria\/wp-json\/wp\/v2\/product_cat?post=14712"},{"taxonomy":"product_tag","embeddable":true,"href":"https:\/\/edimeinter.com\/libreria\/wp-json\/wp\/v2\/product_tag?post=14712"}],"curies":[{"name":"wp","href":"https:\/\/api.w.org\/{rel}","templated":true}]}}