{"id":14718,"date":"2025-02-26T19:37:14","date_gmt":"2025-02-26T19:37:14","guid":{"rendered":"https:\/\/edimeinter.com\/libreria\/?post_type=product&#038;p=14718"},"modified":"2026-03-06T21:35:44","modified_gmt":"2026-03-06T21:35:44","slug":"cuidados-en-enfermeria-materno-infantil-12a-edicion","status":"publish","type":"product","link":"https:\/\/edimeinter.com\/libreria\/product\/cuidados-en-enfermeria-materno-infantil-12a-edicion\/","title":{"rendered":"Cuidados en enfermer\u00eda materno-infantil. 12\u00aa Edici\u00f3n"},"content":{"rendered":"\t\t<div data-elementor-type=\"wp-post\" data-elementor-id=\"14718\" class=\"elementor elementor-14718\">\n\t\t\t\t<div class=\"elementor-element elementor-element-2612b12 e-flex e-con-boxed e-con e-parent\" data-id=\"2612b12\" data-element_type=\"container\" data-e-type=\"container\">\n\t\t\t\t\t<div class=\"e-con-inner\">\n\t\t\n\t\t<div class=\"elementor-element elementor-element-498707ae elementor-widget elementor-widget-text-editor\" data-id=\"498707ae\" data-element_type=\"widget\" data-e-type=\"widget\" data-widget_type=\"text-editor.default\">\n\t\t\t\t<div class=\"elementor-widget-container\">\n\t\t\t\t\t\t\t\t\t<p>Cuidados en Enfermer\u00eda Materno-Infantil proporciona al estudiante una fuente de informaci\u00f3n precisa y actualizada que le permite desarrollar el conocimiento y las capacidades necesarios para adquirir competencias cl\u00ednicas y aplicar el pensamiento cr\u00edtico en esta \u00e1rea enfermera. El texto es tambi\u00e9n una referencia para la pr\u00e1ctica enfermera, ya que incorpora las recomendaciones y las pautas de pr\u00e1ctica basada en la evidencia m\u00e1s recientes.<\/p>\t\t\t\t\t\t\t\t<\/div>\n\t\t\t\t<\/div>\n\t\t\t\t\t<\/div>\n\t\t\t\t<\/div>\n\t\t\t\t<\/div>\n\t\t","protected":false},"excerpt":{"rendered":"<p><strong>Autores:<\/strong>\u00a0Deitra Leonard Lowdermilk &amp; Shannon E. Perry &amp; Mary Catherine Cashion &amp; Kathryn Rhodes Alden &amp; Ellen Olshansky<br \/>\n<strong>ISBN:<\/strong>\u00a09788491137795<br \/>\n<strong>Editorial:<\/strong>\u00a0Elsevier<br \/>\n<strong>Edici\u00f3n:<\/strong>\u00a012\u00aa<br \/>\n<strong>Especialidad<\/strong>: Enfermer\u00eda<br \/>\n<strong>P\u00e1ginas<\/strong>: 896<br \/>\n\u00a9 2020<\/p>\n","protected":false},"featured_media":14719,"comment_status":"open","ping_status":"closed","template":"","meta":{"_joinchat":[]},"product_cat":[115],"product_tag":[85,82],"class_list":{"0":"post-14718","1":"product","2":"type-product","3":"status-publish","4":"has-post-thumbnail","6":"product_cat-enfermeria","7":"product_tag-elsevier","8":"product_tag-enfermeria","10":"first","11":"outofstock","12":"featured","13":"purchasable","14":"product-type-simple"},"_links":{"self":[{"href":"https:\/\/edimeinter.com\/libreria\/wp-json\/wp\/v2\/product\/14718","targetHints":{"allow":["GET"]}}],"collection":[{"href":"https:\/\/edimeinter.com\/libreria\/wp-json\/wp\/v2\/product"}],"about":[{"href":"https:\/\/edimeinter.com\/libreria\/wp-json\/wp\/v2\/types\/product"}],"replies":[{"embeddable":true,"href":"https:\/\/edimeinter.com\/libreria\/wp-json\/wp\/v2\/comments?post=14718"}],"version-history":[{"count":5,"href":"https:\/\/edimeinter.com\/libreria\/wp-json\/wp\/v2\/product\/14718\/revisions"}],"predecessor-version":[{"id":17843,"href":"https:\/\/edimeinter.com\/libreria\/wp-json\/wp\/v2\/product\/14718\/revisions\/17843"}],"wp:featuredmedia":[{"embeddable":true,"href":"https:\/\/edimeinter.com\/libreria\/wp-json\/wp\/v2\/media\/14719"}],"wp:attachment":[{"href":"https:\/\/edimeinter.com\/libreria\/wp-json\/wp\/v2\/media?parent=14718"}],"wp:term":[{"taxonomy":"product_cat","embeddable":true,"href":"https:\/\/edimeinter.com\/libreria\/wp-json\/wp\/v2\/product_cat?post=14718"},{"taxonomy":"product_tag","embeddable":true,"href":"https:\/\/edimeinter.com\/libreria\/wp-json\/wp\/v2\/product_tag?post=14718"}],"curies":[{"name":"wp","href":"https:\/\/api.w.org\/{rel}","templated":true}]}}