{"id":14724,"date":"2025-02-26T19:40:07","date_gmt":"2025-02-26T19:40:07","guid":{"rendered":"https:\/\/edimeinter.com\/libreria\/?post_type=product&#038;p=14724"},"modified":"2025-03-28T20:08:16","modified_gmt":"2025-03-28T20:08:16","slug":"manual-practico-de-enfermeria-comunitaria-2a-edicion","status":"publish","type":"product","link":"https:\/\/edimeinter.com\/libreria\/product\/manual-practico-de-enfermeria-comunitaria-2a-edicion\/","title":{"rendered":"Manual pr\u00e1ctico de enfermer\u00eda comunitaria . 2\u00aa Edici\u00f3n"},"content":{"rendered":"\t\t<div data-elementor-type=\"wp-post\" data-elementor-id=\"14724\" class=\"elementor elementor-14724\">\n\t\t\t\t<div class=\"elementor-element elementor-element-2612b12 e-flex e-con-boxed e-con e-parent\" data-id=\"2612b12\" data-element_type=\"container\" data-e-type=\"container\">\n\t\t\t\t\t<div class=\"e-con-inner\">\n\t\t\n\t\t<div class=\"elementor-element elementor-element-498707ae elementor-widget elementor-widget-text-editor\" data-id=\"498707ae\" data-element_type=\"widget\" data-e-type=\"widget\" data-widget_type=\"text-editor.default\">\n\t\t\t\t<div class=\"elementor-widget-container\">\n\t\t\t\t\t\t\t\t\t<p align=\"left\"><i>Manual pr\u00e1ctico de enfermer\u00eda comunitaria\u00a0<\/i>2.\u00aa edici\u00f3n es una obra de consulta r\u00e1pida \u00fatil y sint\u00e9tica sobre los principales temas relacionados con la pr\u00e1ctica de la enfermer\u00eda comunitaria. Por su car\u00e1cter pedag\u00f3gico y genuino permite sistematizar la construcci\u00f3n de cuidados comunitarios de enfermer\u00eda.<\/p><p>Dirigido tanto a enfermeras comunitarias en ejercicio sean especialistas o no como a enfermeras que se est\u00e1n preparando para el examen de la especialidad (EIR) o est\u00e1n realiz\u00e1ndola este texto permite obtener informaci\u00f3n directa y relevante en un \u00e1mbito de actuaci\u00f3n en el cual las enfermeras desempe\u00f1an un papel fundamental.<\/p>\t\t\t\t\t\t\t\t<\/div>\n\t\t\t\t<\/div>\n\t\t\t\t\t<\/div>\n\t\t\t\t<\/div>\n\t\t\t\t<\/div>\n\t\t","protected":false},"excerpt":{"rendered":"<p><strong>Autores:<\/strong>\u00a0Jos\u00e9 Ram\u00f3n Mart\u00ednez Riera &amp; Rafael del Pino Casado &amp; Jos\u00e9 Ram\u00f3n Mart\u00ednez Riera &amp; Rafael del Pino Casado<br \/>\n<strong>ISBN:<\/strong>\u00a09788491136781<br \/>\n<strong>Editorial:<\/strong>\u00a0Elsevier<br \/>\n<strong>Edici\u00f3n:<\/strong>\u00a02\u00aa<br \/>\n<strong>Especialidad<\/strong>: Enfermer\u00eda<br \/>\n<strong>P\u00e1ginas<\/strong>: 752<br \/>\n\u00a9 2020<\/p>\n","protected":false},"featured_media":14725,"comment_status":"open","ping_status":"open","template":"","meta":{"_joinchat":[]},"product_cat":[115],"product_tag":[85,82],"class_list":{"0":"post-14724","1":"product","2":"type-product","3":"status-publish","4":"has-post-thumbnail","6":"product_cat-enfermeria","7":"product_tag-elsevier","8":"product_tag-enfermeria","10":"first","11":"instock","12":"featured","13":"purchasable","14":"product-type-simple"},"_links":{"self":[{"href":"https:\/\/edimeinter.com\/libreria\/wp-json\/wp\/v2\/product\/14724","targetHints":{"allow":["GET"]}}],"collection":[{"href":"https:\/\/edimeinter.com\/libreria\/wp-json\/wp\/v2\/product"}],"about":[{"href":"https:\/\/edimeinter.com\/libreria\/wp-json\/wp\/v2\/types\/product"}],"replies":[{"embeddable":true,"href":"https:\/\/edimeinter.com\/libreria\/wp-json\/wp\/v2\/comments?post=14724"}],"version-history":[{"count":4,"href":"https:\/\/edimeinter.com\/libreria\/wp-json\/wp\/v2\/product\/14724\/revisions"}],"predecessor-version":[{"id":14729,"href":"https:\/\/edimeinter.com\/libreria\/wp-json\/wp\/v2\/product\/14724\/revisions\/14729"}],"wp:featuredmedia":[{"embeddable":true,"href":"https:\/\/edimeinter.com\/libreria\/wp-json\/wp\/v2\/media\/14725"}],"wp:attachment":[{"href":"https:\/\/edimeinter.com\/libreria\/wp-json\/wp\/v2\/media?parent=14724"}],"wp:term":[{"taxonomy":"product_cat","embeddable":true,"href":"https:\/\/edimeinter.com\/libreria\/wp-json\/wp\/v2\/product_cat?post=14724"},{"taxonomy":"product_tag","embeddable":true,"href":"https:\/\/edimeinter.com\/libreria\/wp-json\/wp\/v2\/product_tag?post=14724"}],"curies":[{"name":"wp","href":"https:\/\/api.w.org\/{rel}","templated":true}]}}