{"id":14742,"date":"2025-02-26T19:47:52","date_gmt":"2025-02-26T19:47:52","guid":{"rendered":"https:\/\/edimeinter.com\/libreria\/?post_type=product&#038;p=14742"},"modified":"2025-03-28T20:07:58","modified_gmt":"2025-03-28T20:07:58","slug":"enfermeria-geriatrica-7a-edicion","status":"publish","type":"product","link":"https:\/\/edimeinter.com\/libreria\/product\/enfermeria-geriatrica-7a-edicion\/","title":{"rendered":"Enfermer\u00eda geri\u00e1trica. 7\u00aa Edici\u00f3n"},"content":{"rendered":"\t\t<div data-elementor-type=\"wp-post\" data-elementor-id=\"14742\" class=\"elementor elementor-14742\">\n\t\t\t\t<div class=\"elementor-element elementor-element-2612b12 e-flex e-con-boxed e-con e-parent\" data-id=\"2612b12\" data-element_type=\"container\" data-e-type=\"container\">\n\t\t\t\t\t<div class=\"e-con-inner\">\n\t\t\n\t\t<div class=\"elementor-element elementor-element-498707ae elementor-widget elementor-widget-text-editor\" data-id=\"498707ae\" data-element_type=\"widget\" data-e-type=\"widget\" data-widget_type=\"text-editor.default\">\n\t\t\t\t<div class=\"elementor-widget-container\">\n\t\t\t\t\t\t\t\t\t<p>Esta s\u00e9ptima edici\u00f3n presenta las teor\u00edas y conceptos propios del envejecimiento los cambios y problemas fisiol\u00f3gicos y psicosociales asociados con dicho proceso y las intervenciones de enfermer\u00eda apropiadas.<\/p><p>El objetivo de este libro de texto es ofrecer tanto al estudiante como al personal de enfermer\u00eda que se inicia en la profesi\u00f3n una perspectiva equilibrada de las realidades del envejecimiento y ampliar su visi\u00f3n de las personas mayores de manera que sea posible atender sus necesidades de una forma emp\u00e1tica atenta y profesional.<\/p><p>Cuenta con un dise\u00f1o a todo color con fotograf\u00edas e ilustraciones visualmente atractivos y pedag\u00f3gicamente \u00fatiles. Cada cap\u00edtulo comienza con una lista de objetivos que proporcionan un marco donde ubicar los contenidos y con una serie de t\u00e9rminos clave.<\/p><p>Entre sus caracter\u00edsticas clave dise\u00f1adas para fomentar un aprendizaje y una comprensi\u00f3n eficaces destaca una amplia cobertura de aspectos culturales situaciones cl\u00ednicas delegaci\u00f3n atenci\u00f3n domiciliaria promoci\u00f3n de la salud educaci\u00f3n del paciente y abordajes de salud complementarios. En los numerosos ejercicios de \u00abPensamiento cr\u00edtico\u00bb se aportan ense\u00f1anzas pr\u00e1cticas que sintetizan la informaci\u00f3n y la aplican a los cuidados de enfermer\u00eda del adulto mayor.<\/p>\t\t\t\t\t\t\t\t<\/div>\n\t\t\t\t<\/div>\n\t\t\t\t\t<\/div>\n\t\t\t\t<\/div>\n\t\t\t\t<\/div>\n\t\t","protected":false},"excerpt":{"rendered":"<p><strong>Autores:<\/strong>\u00a0Patricia A. Williams<br \/>\n<strong>ISBN:<\/strong>\u00a09788491137993<br \/>\n<strong>Editorial:<\/strong>\u00a0Elsevier<br \/>\n<strong>Edici\u00f3n:<\/strong>\u00a07\u00aa<br \/>\n<strong>Especialidad<\/strong>: Enfermer\u00eda<br \/>\n<strong>P\u00e1ginas<\/strong>: 392<br \/>\n\u00a9 2020<\/p>\n","protected":false},"featured_media":14743,"comment_status":"open","ping_status":"open","template":"","meta":{"_joinchat":[]},"product_cat":[115],"product_tag":[85,82],"class_list":{"0":"post-14742","1":"product","2":"type-product","3":"status-publish","4":"has-post-thumbnail","6":"product_cat-enfermeria","7":"product_tag-elsevier","8":"product_tag-enfermeria","10":"first","11":"outofstock","12":"featured","13":"purchasable","14":"product-type-simple"},"_links":{"self":[{"href":"https:\/\/edimeinter.com\/libreria\/wp-json\/wp\/v2\/product\/14742","targetHints":{"allow":["GET"]}}],"collection":[{"href":"https:\/\/edimeinter.com\/libreria\/wp-json\/wp\/v2\/product"}],"about":[{"href":"https:\/\/edimeinter.com\/libreria\/wp-json\/wp\/v2\/types\/product"}],"replies":[{"embeddable":true,"href":"https:\/\/edimeinter.com\/libreria\/wp-json\/wp\/v2\/comments?post=14742"}],"version-history":[{"count":4,"href":"https:\/\/edimeinter.com\/libreria\/wp-json\/wp\/v2\/product\/14742\/revisions"}],"predecessor-version":[{"id":14747,"href":"https:\/\/edimeinter.com\/libreria\/wp-json\/wp\/v2\/product\/14742\/revisions\/14747"}],"wp:featuredmedia":[{"embeddable":true,"href":"https:\/\/edimeinter.com\/libreria\/wp-json\/wp\/v2\/media\/14743"}],"wp:attachment":[{"href":"https:\/\/edimeinter.com\/libreria\/wp-json\/wp\/v2\/media?parent=14742"}],"wp:term":[{"taxonomy":"product_cat","embeddable":true,"href":"https:\/\/edimeinter.com\/libreria\/wp-json\/wp\/v2\/product_cat?post=14742"},{"taxonomy":"product_tag","embeddable":true,"href":"https:\/\/edimeinter.com\/libreria\/wp-json\/wp\/v2\/product_tag?post=14742"}],"curies":[{"name":"wp","href":"https:\/\/api.w.org\/{rel}","templated":true}]}}