{"id":14748,"date":"2025-02-26T19:50:19","date_gmt":"2025-02-26T19:50:19","guid":{"rendered":"https:\/\/edimeinter.com\/libreria\/?post_type=product&#038;p=14748"},"modified":"2025-03-28T20:07:48","modified_gmt":"2025-03-28T20:07:48","slug":"investigacion-en-metodologia-y-lenguajes-enfermeros-2a-edicion","status":"publish","type":"product","link":"https:\/\/edimeinter.com\/libreria\/product\/investigacion-en-metodologia-y-lenguajes-enfermeros-2a-edicion\/","title":{"rendered":"Investigaci\u00f3n en metodolog\u00eda y lenguajes enfermeros. 2\u00aa Edici\u00f3n"},"content":{"rendered":"\t\t<div data-elementor-type=\"wp-post\" data-elementor-id=\"14748\" class=\"elementor elementor-14748\">\n\t\t\t\t<div class=\"elementor-element elementor-element-2612b12 e-flex e-con-boxed e-con e-parent\" data-id=\"2612b12\" data-element_type=\"container\" data-e-type=\"container\">\n\t\t\t\t\t<div class=\"e-con-inner\">\n\t\t\n\t\t<div class=\"elementor-element elementor-element-498707ae elementor-widget elementor-widget-text-editor\" data-id=\"498707ae\" data-element_type=\"widget\" data-e-type=\"widget\" data-widget_type=\"text-editor.default\">\n\t\t\t\t<div class=\"elementor-widget-container\">\n\t\t\t\t\t\t\t\t\t<p>Segunda edici\u00f3n que se consolida como manual de referencia en legua espa\u00f1ola sobre este \u00e1mbito en creciente desarrollo e implantaci\u00f3n en los centros de investigaci\u00f3n y las universidades de todo el mundo.<\/p><p>Esta obra que fue pionera en el campo de la investigaci\u00f3n en metodolog\u00eda y lenguajes enfermeros sigue teniendo como objetivos describir los aspectos conceptuales y met\u00f3dicos\u00a0 espec\u00edficos de la investigaci\u00f3n en metodolog\u00eda y lenguajes enfermeros estandarizados destacar las diferentes \u00e1reas y l\u00edneas de investigaci\u00f3n y revisar los recursos e instrumentos que pueden servir de ayuda a los investigadores para generar conocimientos sobre lenguajes enfermeros.<\/p><p>Se ha revisdo todo el contenido se han actualizado la bibliograf\u00eda y se han incorporado dos nuevas colaboraciones de la Universidad de Iowa. Aportan su valiosa experiencia\u00a0 en este campo numerosos expertos del \u00e1mbito internacional \u00e1s\u00ed como miembros actuales y antiguos de la Asociaci\u00f3n Espa\u00f1ola de Nomenclatura Taxonom\u00eda y Diagn\u00f3sticos de Enfermer\u00eda (AENTDE). En total m\u00e1s de 40 docentes investigadores gestores asistentes y sociedades cient\u00edficas.<\/p><p>El respaldo y la participaci\u00f3n de la AENTDE y del Centro para las Clasificaciones de Enfermer\u00eda y la Efectividad Cl\u00ednica de la Universidad de Iowa (Estados Unidos) constituyen una garant\u00eda para profesores y alumnos de escuelas y facultades de Enfermer\u00eda (especialmente para posgrados y doctorado) docentes de formaci\u00f3n continuada de los distintos servicios de salud y centros sanitarios personal de enfermer\u00eda investigadores y gestores sanitarios.<\/p>\t\t\t\t\t\t\t\t<\/div>\n\t\t\t\t<\/div>\n\t\t\t\t\t<\/div>\n\t\t\t\t<\/div>\n\t\t\t\t<\/div>\n\t\t","protected":false},"excerpt":{"rendered":"<p><strong>Autores:<\/strong>\u00a0Paloma Echevarr\u00eda P\u00e9rez<br \/>\n<strong>ISBN:<\/strong>\u00a09788491136071<br \/>\n<strong>Editorial:<\/strong>\u00a0Elsevier<br \/>\n<strong>Edici\u00f3n:<\/strong>\u00a02\u00aa<br \/>\n<strong>Especialidad<\/strong>: Enfermer\u00eda<br \/>\n<strong>P\u00e1ginas<\/strong>: 280<br \/>\n\u00a9 2020<\/p>\n","protected":false},"featured_media":14749,"comment_status":"open","ping_status":"open","template":"","meta":{"_joinchat":[]},"product_cat":[115],"product_tag":[85,82],"class_list":{"0":"post-14748","1":"product","2":"type-product","3":"status-publish","4":"has-post-thumbnail","6":"product_cat-enfermeria","7":"product_tag-elsevier","8":"product_tag-enfermeria","10":"first","11":"instock","12":"featured","13":"purchasable","14":"product-type-simple"},"_links":{"self":[{"href":"https:\/\/edimeinter.com\/libreria\/wp-json\/wp\/v2\/product\/14748","targetHints":{"allow":["GET"]}}],"collection":[{"href":"https:\/\/edimeinter.com\/libreria\/wp-json\/wp\/v2\/product"}],"about":[{"href":"https:\/\/edimeinter.com\/libreria\/wp-json\/wp\/v2\/types\/product"}],"replies":[{"embeddable":true,"href":"https:\/\/edimeinter.com\/libreria\/wp-json\/wp\/v2\/comments?post=14748"}],"version-history":[{"count":4,"href":"https:\/\/edimeinter.com\/libreria\/wp-json\/wp\/v2\/product\/14748\/revisions"}],"predecessor-version":[{"id":14753,"href":"https:\/\/edimeinter.com\/libreria\/wp-json\/wp\/v2\/product\/14748\/revisions\/14753"}],"wp:featuredmedia":[{"embeddable":true,"href":"https:\/\/edimeinter.com\/libreria\/wp-json\/wp\/v2\/media\/14749"}],"wp:attachment":[{"href":"https:\/\/edimeinter.com\/libreria\/wp-json\/wp\/v2\/media?parent=14748"}],"wp:term":[{"taxonomy":"product_cat","embeddable":true,"href":"https:\/\/edimeinter.com\/libreria\/wp-json\/wp\/v2\/product_cat?post=14748"},{"taxonomy":"product_tag","embeddable":true,"href":"https:\/\/edimeinter.com\/libreria\/wp-json\/wp\/v2\/product_tag?post=14748"}],"curies":[{"name":"wp","href":"https:\/\/api.w.org\/{rel}","templated":true}]}}