{"id":14754,"date":"2025-02-26T19:57:03","date_gmt":"2025-02-26T19:57:03","guid":{"rendered":"https:\/\/edimeinter.com\/libreria\/?post_type=product&#038;p=14754"},"modified":"2025-03-28T20:07:39","modified_gmt":"2025-03-28T20:07:39","slug":"farmacologia-y-proceso-enfermero-9a-edicion","status":"publish","type":"product","link":"https:\/\/edimeinter.com\/libreria\/product\/farmacologia-y-proceso-enfermero-9a-edicion\/","title":{"rendered":"Farmacolog\u00eda y proceso enfermero. 9\u00aa Edici\u00f3n"},"content":{"rendered":"\t\t<div data-elementor-type=\"wp-post\" data-elementor-id=\"14754\" class=\"elementor elementor-14754\">\n\t\t\t\t<div class=\"elementor-element elementor-element-2612b12 e-flex e-con-boxed e-con e-parent\" data-id=\"2612b12\" data-element_type=\"container\" data-e-type=\"container\">\n\t\t\t\t\t<div class=\"e-con-inner\">\n\t\t\n\t\t<div class=\"elementor-element elementor-element-498707ae elementor-widget elementor-widget-text-editor\" data-id=\"498707ae\" data-element_type=\"widget\" data-e-type=\"widget\" data-widget_type=\"text-editor.default\">\n\t\t\t\t<div class=\"elementor-widget-container\">\n\t\t\t\t\t\t\t\t\t<p>Esta novena edici\u00f3n ofrece los contenidos m\u00e1s actualizados y cl\u00ednicamente m\u00e1s relevantes en el campo de la farmacolog\u00eda de enfermer\u00eda prestando especial atenci\u00f3n al proceso enfermero y la priorizaci\u00f3n de conceptos.<\/p><p>Presenta herramientas de ense\u00f1anza y aprendizaje innovadoras que optimizan la comprensi\u00f3n de los contenidos como objetivos resumen t\u00e9rminos clave resumen o los cuadros &lt;atenci\u00f3n centrada=\u00bb\u00bb en=\u00bb\u00bb el=\u00bb\u00bb paciente:=\u00bb\u00bb educaci\u00f3n=\u00bb\u00bb del=\u00bb\u00bb paciente=\u00bb\u00bb relacionados=\u00bb\u00bb con=\u00bb\u00bb la=\u00bb\u00bb farmacoterapia.&lt;=\u00bb\u00bb p=\u00bb\u00bb&gt;<\/p><p>El contenido ha sido revisado y actualizado de manera exhaustiva. Entre las actualizaciones destacamos las nuevas clasificaciones de las convulsiones los nuevos f\u00e1rmacos de reversi\u00f3n de los anticoagulantes orales recuadros de advertencia relacionados con la seguridad y la inclusi\u00f3n y an\u00e1lisis de los f\u00e1rmacos recientemente aprobados.<\/p><p>Aborda la informaci\u00f3n sobre f\u00e1rmacos que los estudiantes de enfermer\u00eda necesitan conocer y tambi\u00e9n sobre las situaciones a las que pueden enfrentarse durante la administraci\u00f3n de f\u00e1rmacos incluyendo referencias sobre errores en la administraci\u00f3n de medicaci\u00f3n y consejos para evitarlos.<\/p>\t\t\t\t\t\t\t\t<\/div>\n\t\t\t\t<\/div>\n\t\t\t\t\t<\/div>\n\t\t\t\t<\/div>\n\t\t\t\t<\/div>\n\t\t","protected":false},"excerpt":{"rendered":"<p><strong>Autores:<\/strong>\u00a0Linda Lane Lilley &amp; Shelly Rainforth Collins &amp; Julie S. Snyder<br \/>\n<strong>ISBN:<\/strong>\u00a09788491136033<br \/>\n<strong>Editorial:<\/strong>\u00a0Elsevier<br \/>\n<strong>Edici\u00f3n:<\/strong>\u00a09\u00aa<br \/>\n<strong>Especialidad<\/strong>: Enfermer\u00eda<br \/>\n<strong>P\u00e1ginas<\/strong>: 936<br \/>\n\u00a9 2020<\/p>\n","protected":false},"featured_media":14755,"comment_status":"open","ping_status":"open","template":"","meta":{"_joinchat":[]},"product_cat":[115],"product_tag":[85,82],"class_list":{"0":"post-14754","1":"product","2":"type-product","3":"status-publish","4":"has-post-thumbnail","6":"product_cat-enfermeria","7":"product_tag-elsevier","8":"product_tag-enfermeria","10":"first","11":"instock","12":"featured","13":"purchasable","14":"product-type-simple"},"_links":{"self":[{"href":"https:\/\/edimeinter.com\/libreria\/wp-json\/wp\/v2\/product\/14754","targetHints":{"allow":["GET"]}}],"collection":[{"href":"https:\/\/edimeinter.com\/libreria\/wp-json\/wp\/v2\/product"}],"about":[{"href":"https:\/\/edimeinter.com\/libreria\/wp-json\/wp\/v2\/types\/product"}],"replies":[{"embeddable":true,"href":"https:\/\/edimeinter.com\/libreria\/wp-json\/wp\/v2\/comments?post=14754"}],"version-history":[{"count":4,"href":"https:\/\/edimeinter.com\/libreria\/wp-json\/wp\/v2\/product\/14754\/revisions"}],"predecessor-version":[{"id":14759,"href":"https:\/\/edimeinter.com\/libreria\/wp-json\/wp\/v2\/product\/14754\/revisions\/14759"}],"wp:featuredmedia":[{"embeddable":true,"href":"https:\/\/edimeinter.com\/libreria\/wp-json\/wp\/v2\/media\/14755"}],"wp:attachment":[{"href":"https:\/\/edimeinter.com\/libreria\/wp-json\/wp\/v2\/media?parent=14754"}],"wp:term":[{"taxonomy":"product_cat","embeddable":true,"href":"https:\/\/edimeinter.com\/libreria\/wp-json\/wp\/v2\/product_cat?post=14754"},{"taxonomy":"product_tag","embeddable":true,"href":"https:\/\/edimeinter.com\/libreria\/wp-json\/wp\/v2\/product_tag?post=14754"}],"curies":[{"name":"wp","href":"https:\/\/api.w.org\/{rel}","templated":true}]}}