{"id":14761,"date":"2025-02-26T20:00:26","date_gmt":"2025-02-26T20:00:26","guid":{"rendered":"https:\/\/edimeinter.com\/libreria\/?post_type=product&#038;p=14761"},"modified":"2025-03-28T20:07:32","modified_gmt":"2025-03-28T20:07:32","slug":"enfermeria-medico-quirurgica-basada-en-planes-de-cuidado-5a-edicion","status":"publish","type":"product","link":"https:\/\/edimeinter.com\/libreria\/product\/enfermeria-medico-quirurgica-basada-en-planes-de-cuidado-5a-edicion\/","title":{"rendered":"Enfermer\u00eda m\u00e9dico-quir\u00fargica basada en planes de cuidado. 5\u00aa Edici\u00f3n"},"content":{"rendered":"\t\t<div data-elementor-type=\"wp-post\" data-elementor-id=\"14761\" class=\"elementor elementor-14761\">\n\t\t\t\t<div class=\"elementor-element elementor-element-2612b12 e-flex e-con-boxed e-con e-parent\" data-id=\"2612b12\" data-element_type=\"container\" data-e-type=\"container\">\n\t\t\t\t\t<div class=\"e-con-inner\">\n\t\t\n\t\t<div class=\"elementor-element elementor-element-498707ae elementor-widget elementor-widget-text-editor\" data-id=\"498707ae\" data-element_type=\"widget\" data-e-type=\"widget\" data-widget_type=\"text-editor.default\">\n\t\t\t\t<div class=\"elementor-widget-container\">\n\t\t\t\t\t\t\t\t\t<p>Esta nueva obra que sigue la tradici\u00f3n del conocido Manual de Enfermer\u00eda M\u00e9dico-quir\u00fargica de Swearingen cubre toda la informaci\u00f3n necesaria sobre las condiciones m\u00e9dico-quir\u00fargicas m\u00e1s frecuentes y explica c\u00f3mo manejar con efectividad la atenci\u00f3n al paciente y mayor prevenci\u00f3n de complicaciones.<\/p><p>Presenta multitud de planes de cuidado organizados alfab\u00e9ticamente por sistemas corporales que ayudan a atender a pacientes en cualquier entorno. Los nuevos planes reflejan las \u00faltimas pautas de tratamiento basadas en la evidencia para la pr\u00e1ctica cl\u00ednica.<\/p><p>Ofrece siempre el mismo formato para cada trastorno abordando por completo la informaci\u00f3n clave que los profesionales de enfermer\u00eda deben conocer.<\/p><p>Con su enfoque claro formato f\u00e1cil de usar y razonamientos directos ense\u00f1a a los estudiantes c\u00f3mo hablar a los pacientes sin utilizar un lenguaje espec\u00edfico de enfermer\u00eda que no comprendan.<\/p>\t\t\t\t\t\t\t\t<\/div>\n\t\t\t\t<\/div>\n\t\t\t\t\t<\/div>\n\t\t\t\t<\/div>\n\t\t\t\t<\/div>\n\t\t","protected":false},"excerpt":{"rendered":"<p><strong>Autores:<\/strong>\u00a0Pamela L. Swearingen &amp; Jacqueline Wright<br \/>\n<strong>ISBN:<\/strong>\u00a09788491136040<br \/>\n<strong>Editorial:<\/strong>\u00a0Elsevier<br \/>\n<strong>Edici\u00f3n:<\/strong>\u00a05\u00aa<br \/>\n<strong>Especialidad<\/strong>: Enfermer\u00eda<br \/>\n<strong>P\u00e1ginas<\/strong>: 616<br \/>\n\u00a9 2020<\/p>\n","protected":false},"featured_media":14762,"comment_status":"open","ping_status":"open","template":"","meta":{"_joinchat":[]},"product_cat":[115],"product_tag":[85,82],"class_list":{"0":"post-14761","1":"product","2":"type-product","3":"status-publish","4":"has-post-thumbnail","6":"product_cat-enfermeria","7":"product_tag-elsevier","8":"product_tag-enfermeria","10":"first","11":"instock","12":"featured","13":"purchasable","14":"product-type-simple"},"_links":{"self":[{"href":"https:\/\/edimeinter.com\/libreria\/wp-json\/wp\/v2\/product\/14761","targetHints":{"allow":["GET"]}}],"collection":[{"href":"https:\/\/edimeinter.com\/libreria\/wp-json\/wp\/v2\/product"}],"about":[{"href":"https:\/\/edimeinter.com\/libreria\/wp-json\/wp\/v2\/types\/product"}],"replies":[{"embeddable":true,"href":"https:\/\/edimeinter.com\/libreria\/wp-json\/wp\/v2\/comments?post=14761"}],"version-history":[{"count":4,"href":"https:\/\/edimeinter.com\/libreria\/wp-json\/wp\/v2\/product\/14761\/revisions"}],"predecessor-version":[{"id":14766,"href":"https:\/\/edimeinter.com\/libreria\/wp-json\/wp\/v2\/product\/14761\/revisions\/14766"}],"wp:featuredmedia":[{"embeddable":true,"href":"https:\/\/edimeinter.com\/libreria\/wp-json\/wp\/v2\/media\/14762"}],"wp:attachment":[{"href":"https:\/\/edimeinter.com\/libreria\/wp-json\/wp\/v2\/media?parent=14761"}],"wp:term":[{"taxonomy":"product_cat","embeddable":true,"href":"https:\/\/edimeinter.com\/libreria\/wp-json\/wp\/v2\/product_cat?post=14761"},{"taxonomy":"product_tag","embeddable":true,"href":"https:\/\/edimeinter.com\/libreria\/wp-json\/wp\/v2\/product_tag?post=14761"}],"curies":[{"name":"wp","href":"https:\/\/api.w.org\/{rel}","templated":true}]}}