{"id":14767,"date":"2025-02-26T20:03:09","date_gmt":"2025-02-26T20:03:09","guid":{"rendered":"https:\/\/edimeinter.com\/libreria\/?post_type=product&#038;p=14767"},"modified":"2025-03-28T20:07:24","modified_gmt":"2025-03-28T20:07:24","slug":"manual-mosby-de-cuidados-basicos-de-enfermeria-6a-edicion","status":"publish","type":"product","link":"https:\/\/edimeinter.com\/libreria\/product\/manual-mosby-de-cuidados-basicos-de-enfermeria-6a-edicion\/","title":{"rendered":"Manual Mosby de cuidados b\u00e1sicos de Enfermer\u00eda. 6\u00aa Edici\u00f3n"},"content":{"rendered":"\t\t<div data-elementor-type=\"wp-post\" data-elementor-id=\"14767\" class=\"elementor elementor-14767\">\n\t\t\t\t<div class=\"elementor-element elementor-element-2612b12 e-flex e-con-boxed e-con e-parent\" data-id=\"2612b12\" data-element_type=\"container\" data-e-type=\"container\">\n\t\t\t\t\t<div class=\"e-con-inner\">\n\t\t\n\t\t<div class=\"elementor-element elementor-element-498707ae elementor-widget elementor-widget-text-editor\" data-id=\"498707ae\" data-element_type=\"widget\" data-e-type=\"widget\" data-widget_type=\"text-editor.default\">\n\t\t\t\t<div class=\"elementor-widget-container\">\n\t\t\t\t\t\t\t\t\t<p>Nueva edici\u00f3n que cambia de t\u00edtulo para representar mejor su contenido y proporciona informaci\u00f3n actual para la docencia y el aprendizaje de una asistencia segura y eficaz adaptada a la asistencia sanitaria.<\/p><p>La obra tiene por objetivo preparar a los estudiantes de Cuidados Auxiliares de Enfermer\u00eda para trabajar en centros asistenciales y hospitales y ayudar a los docentes a cumplir sus objetivos educativos.<\/p><p>Incorpora importantes novedades como los nuevos cap\u00edtulos \u00ab\u00c9tica y leyes\u00bb \u00abMovilizaci\u00f3n de personas\u00bb \u00abTraslado de personas\u00bb \u00abSondas urinarias\u00bb \u00abNecesidades de l\u00edquidos\u00bb y \u00abProblemas de audici\u00f3n habla y visi\u00f3n\u00bb; dos nuevos procedimientos \u00abTraslado de una persona mediante el uso de una gr\u00faa mec\u00e1nica de pie\u00bb y \u00abCuidado de las gafas!; los cuadors \u00abImportancia de las matem\u00b4\u00e1ticas\u00bb y numerosas figuras.<\/p><p>Cuenta con diversas herramientas did\u00e1cticas como los cuadros que acompa\u00f1an el texto iconos en ep\u00edgrafes que avisan de cuadros de procedimientos asociados e inversamente iconos en cuadros de procedimiento que alertan de contenido asociado en el texto. As\u00edmismo todos los cap\u00edtulos comienzan con una serie de objetivos palabras clave y abreviaturas clave.<\/p>\t\t\t\t\t\t\t\t<\/div>\n\t\t\t\t<\/div>\n\t\t\t\t\t<\/div>\n\t\t\t\t<\/div>\n\t\t\t\t<\/div>\n\t\t","protected":false},"excerpt":{"rendered":"<p><strong>Autores:<\/strong>\u00a0Sheila A. Sorrentino &amp; Leighann Remmert<br \/>\n<strong>ISBN:<\/strong>\u00a09788491135722<br \/>\n<strong>Editorial:<\/strong>\u00a0Elsevier<br \/>\n<strong>Edici\u00f3n:<\/strong>\u00a06\u00aa<br \/>\n<strong>Especialidad<\/strong>: Enfermer\u00eda<br \/>\n<strong>P\u00e1ginas<\/strong>: 544<br \/>\n\u00a9 2020<\/p>\n","protected":false},"featured_media":14768,"comment_status":"open","ping_status":"open","template":"","meta":{"_joinchat":[]},"product_cat":[115],"product_tag":[85,82],"class_list":{"0":"post-14767","1":"product","2":"type-product","3":"status-publish","4":"has-post-thumbnail","6":"product_cat-enfermeria","7":"product_tag-elsevier","8":"product_tag-enfermeria","10":"first","11":"instock","12":"featured","13":"purchasable","14":"product-type-simple"},"_links":{"self":[{"href":"https:\/\/edimeinter.com\/libreria\/wp-json\/wp\/v2\/product\/14767","targetHints":{"allow":["GET"]}}],"collection":[{"href":"https:\/\/edimeinter.com\/libreria\/wp-json\/wp\/v2\/product"}],"about":[{"href":"https:\/\/edimeinter.com\/libreria\/wp-json\/wp\/v2\/types\/product"}],"replies":[{"embeddable":true,"href":"https:\/\/edimeinter.com\/libreria\/wp-json\/wp\/v2\/comments?post=14767"}],"version-history":[{"count":4,"href":"https:\/\/edimeinter.com\/libreria\/wp-json\/wp\/v2\/product\/14767\/revisions"}],"predecessor-version":[{"id":14773,"href":"https:\/\/edimeinter.com\/libreria\/wp-json\/wp\/v2\/product\/14767\/revisions\/14773"}],"wp:featuredmedia":[{"embeddable":true,"href":"https:\/\/edimeinter.com\/libreria\/wp-json\/wp\/v2\/media\/14768"}],"wp:attachment":[{"href":"https:\/\/edimeinter.com\/libreria\/wp-json\/wp\/v2\/media?parent=14767"}],"wp:term":[{"taxonomy":"product_cat","embeddable":true,"href":"https:\/\/edimeinter.com\/libreria\/wp-json\/wp\/v2\/product_cat?post=14767"},{"taxonomy":"product_tag","embeddable":true,"href":"https:\/\/edimeinter.com\/libreria\/wp-json\/wp\/v2\/product_tag?post=14767"}],"curies":[{"name":"wp","href":"https:\/\/api.w.org\/{rel}","templated":true}]}}