{"id":14796,"date":"2025-02-26T20:19:12","date_gmt":"2025-02-26T20:19:12","guid":{"rendered":"https:\/\/edimeinter.com\/libreria\/?post_type=product&#038;p=14796"},"modified":"2025-03-28T20:06:53","modified_gmt":"2025-03-28T20:06:53","slug":"wong-enfermeria-pediatrica-10a-edicion","status":"publish","type":"product","link":"https:\/\/edimeinter.com\/libreria\/product\/wong-enfermeria-pediatrica-10a-edicion\/","title":{"rendered":"Wong. Enfermer\u00eda Pedi\u00e1trica. 10\u00aa Edici\u00f3n"},"content":{"rendered":"\t\t<div data-elementor-type=\"wp-post\" data-elementor-id=\"14796\" class=\"elementor elementor-14796\">\n\t\t\t\t<div class=\"elementor-element elementor-element-2612b12 e-flex e-con-boxed e-con e-parent\" data-id=\"2612b12\" data-element_type=\"container\" data-e-type=\"container\">\n\t\t\t\t\t<div class=\"e-con-inner\">\n\t\t\n\t\t<div class=\"elementor-element elementor-element-498707ae elementor-widget elementor-widget-text-editor\" data-id=\"498707ae\" data-element_type=\"widget\" data-e-type=\"widget\" data-widget_type=\"text-editor.default\">\n\t\t\t\t<div class=\"elementor-widget-container\">\n\t\t\t\t\t\t\t\t\t<p>Obra de referencia en enfermer\u00eda pedi\u00e1trica desde hace casi 40 a\u00f1os que en esta edici\u00f3n ofrece una extensa revisi\u00f3n de los contenidos y al mismo tiempo conserva aspectos fundamentales.<\/p><p>M\u00faltiples expertos de enfermer\u00eda y especialistas de diversas disciplinas han revisado redactado o elaborado los fragmentos relativos a las \u00e1reas sometidas a cambios r\u00e1pidos y complejos como son la enfermer\u00eda comunitaria desarrollo vacunas gen\u00e9tica cuidados domiciliarios atenci\u00f3n del reci\u00e9n nacido de alto riesgo o cuidados paliativos.<\/p><p>El texto anima a los estudiantes a utilizar el pensamiento cr\u00edtico. Novedades de esta edici\u00f3n son el cambio de formato y el contenido de los planes de cuidados de enfermer\u00eda. Se han elaborado estudios de casos que presentan situaciones cl\u00ednicas lo que permite al estudiante ver c\u00f3mo se elabora el plan de cuidados a medida que la situaci\u00f3n cl\u00ednica evoluciona. Los cuadros \u00abEstudio de caso con pensamiento cr\u00edtico\u00bb piden al profesional de enfermer\u00eda que analice la evidencia tenga en cuenta sus supuestos establezca prioridades y eval\u00faa alternativas para la situaci\u00f3n de cada paciente.<\/p><p>Se ha dedicado mucho esfuerzo a que este libro sea pr\u00e1ctico para la ense\u00f1anza y para el aprendizaje. En esta edici\u00f3n se han\u00a0incluido diversas herramientas para el beneficio de docentes estudiantes y profesionales tales como los cuadros de alerta farmacol\u00f3gica los de la evidencia a la pr\u00e1ctica o los del proceso de enfermer\u00eda entre otros.<\/p>\t\t\t\t\t\t\t\t<\/div>\n\t\t\t\t<\/div>\n\t\t\t\t\t<\/div>\n\t\t\t\t<\/div>\n\t\t\t\t<\/div>\n\t\t","protected":false},"excerpt":{"rendered":"<p><strong>Autores:<\/strong>\u00a0Marilyn J. Hockenberry &amp; Cheryl C Rodgers &amp; David Wilson<br \/>\n<strong>ISBN:<\/strong>\u00a09788491135128<br \/>\n<strong>Editorial:<\/strong>\u00a0Elsevier<br \/>\n<strong>Edici\u00f3n:<\/strong>\u00a010\u00aa<br \/>\n<strong>Especialidad<\/strong>: Enfermer\u00eda<br \/>\n<strong>P\u00e1ginas<\/strong>: 1064<br \/>\n\u00a9 2019<\/p>\n","protected":false},"featured_media":14797,"comment_status":"open","ping_status":"open","template":"","meta":{"_joinchat":[]},"product_cat":[115],"product_tag":[85,82],"class_list":{"0":"post-14796","1":"product","2":"type-product","3":"status-publish","4":"has-post-thumbnail","6":"product_cat-enfermeria","7":"product_tag-elsevier","8":"product_tag-enfermeria","10":"first","11":"instock","12":"featured","13":"purchasable","14":"product-type-simple"},"_links":{"self":[{"href":"https:\/\/edimeinter.com\/libreria\/wp-json\/wp\/v2\/product\/14796","targetHints":{"allow":["GET"]}}],"collection":[{"href":"https:\/\/edimeinter.com\/libreria\/wp-json\/wp\/v2\/product"}],"about":[{"href":"https:\/\/edimeinter.com\/libreria\/wp-json\/wp\/v2\/types\/product"}],"replies":[{"embeddable":true,"href":"https:\/\/edimeinter.com\/libreria\/wp-json\/wp\/v2\/comments?post=14796"}],"version-history":[{"count":5,"href":"https:\/\/edimeinter.com\/libreria\/wp-json\/wp\/v2\/product\/14796\/revisions"}],"predecessor-version":[{"id":17838,"href":"https:\/\/edimeinter.com\/libreria\/wp-json\/wp\/v2\/product\/14796\/revisions\/17838"}],"wp:featuredmedia":[{"embeddable":true,"href":"https:\/\/edimeinter.com\/libreria\/wp-json\/wp\/v2\/media\/14797"}],"wp:attachment":[{"href":"https:\/\/edimeinter.com\/libreria\/wp-json\/wp\/v2\/media?parent=14796"}],"wp:term":[{"taxonomy":"product_cat","embeddable":true,"href":"https:\/\/edimeinter.com\/libreria\/wp-json\/wp\/v2\/product_cat?post=14796"},{"taxonomy":"product_tag","embeddable":true,"href":"https:\/\/edimeinter.com\/libreria\/wp-json\/wp\/v2\/product_tag?post=14796"}],"curies":[{"name":"wp","href":"https:\/\/api.w.org\/{rel}","templated":true}]}}