{"id":14811,"date":"2025-02-26T20:26:12","date_gmt":"2025-02-26T20:26:12","guid":{"rendered":"https:\/\/edimeinter.com\/libreria\/?post_type=product&#038;p=14811"},"modified":"2025-03-28T20:06:45","modified_gmt":"2025-03-28T20:06:45","slug":"impresion-3d-en-cirugia-ortopedica-1a-edicion","status":"publish","type":"product","link":"https:\/\/edimeinter.com\/libreria\/product\/impresion-3d-en-cirugia-ortopedica-1a-edicion\/","title":{"rendered":"Impresi\u00f3n 3D en cirug\u00eda ortop\u00e9dica. 1\u00aa Edici\u00f3n"},"content":{"rendered":"\t\t<div data-elementor-type=\"wp-post\" data-elementor-id=\"14811\" class=\"elementor elementor-14811\">\n\t\t\t\t<div class=\"elementor-element elementor-element-2612b12 e-flex e-con-boxed e-con e-parent\" data-id=\"2612b12\" data-element_type=\"container\" data-e-type=\"container\">\n\t\t\t\t\t<div class=\"e-con-inner\">\n\t\t\n\t\t<div class=\"elementor-element elementor-element-498707ae elementor-widget elementor-widget-text-editor\" data-id=\"498707ae\" data-element_type=\"widget\" data-e-type=\"widget\" data-widget_type=\"text-editor.default\">\n\t\t\t\t<div class=\"elementor-widget-container\">\n\t\t\t\t\t\t\t\t\t<p>Aportaciones de los traumat\u00f3logos y cirujanos ortop\u00e9dicos sobre los usos de la impresi\u00f3n 3D.<\/p><p>Los avances en impresi\u00f3n 3D pueden haber encontrado su especialidad m\u00e9dica en la traumatolog\u00eda y cirug\u00eda ortop\u00e9dica.<\/p><p>Visi\u00f3n general de la impresi\u00f3n 3D en artroplastia de la educaci\u00f3n del residente ortop\u00e9dico y de c\u00f3mo configurar una impresi\u00f3n 3D de bajo coste para que el profesional pueda imprimir sus propios modelos de huesos.<\/p><p>Esta obra proporciona a los cirujanos ortop\u00e9dicos y a los residentes la informaci\u00f3n necesaria sobre las aplicaciones cl\u00ednicas de la impresi\u00f3n en 3D incluidas las capacidades tecnol\u00f3gicas actuales la orientaci\u00f3n para la pr\u00e1ctica y las perspectivas futuras para esta \u00e1rea en r\u00e1pido crecimiento.<\/p>\t\t\t\t\t\t\t\t<\/div>\n\t\t\t\t<\/div>\n\t\t\t\t\t<\/div>\n\t\t\t\t<\/div>\n\t\t\t\t<\/div>\n\t\t","protected":false},"excerpt":{"rendered":"<p><strong>Autores:<\/strong>\u00a0Matthew Dipaola &amp; Felasfa M. Wodajo<br \/>\n<strong>ISBN:<\/strong>\u00a09788491135593<br \/>\n<strong>Editorial:<\/strong>\u00a0Elsevier<br \/>\n<strong>Edici\u00f3n:<\/strong>\u00a01\u00aa<br \/>\n<strong>Especialidad<\/strong>: Ortopedia y Traumatolog\u00eda<br \/>\n<strong>P\u00e1ginas<\/strong>: 232<br \/>\n\u00a9 2019<\/p>\n","protected":false},"featured_media":14815,"comment_status":"open","ping_status":"open","template":"","meta":{"_joinchat":[]},"product_cat":[97],"product_tag":[85,98],"class_list":{"0":"post-14811","1":"product","2":"type-product","3":"status-publish","4":"has-post-thumbnail","6":"product_cat-ortopedia-y-traumatologia","7":"product_tag-elsevier","8":"product_tag-ortopedia-y-traumatologia","10":"first","11":"instock","12":"featured","13":"purchasable","14":"product-type-simple"},"_links":{"self":[{"href":"https:\/\/edimeinter.com\/libreria\/wp-json\/wp\/v2\/product\/14811","targetHints":{"allow":["GET"]}}],"collection":[{"href":"https:\/\/edimeinter.com\/libreria\/wp-json\/wp\/v2\/product"}],"about":[{"href":"https:\/\/edimeinter.com\/libreria\/wp-json\/wp\/v2\/types\/product"}],"replies":[{"embeddable":true,"href":"https:\/\/edimeinter.com\/libreria\/wp-json\/wp\/v2\/comments?post=14811"}],"version-history":[{"count":4,"href":"https:\/\/edimeinter.com\/libreria\/wp-json\/wp\/v2\/product\/14811\/revisions"}],"predecessor-version":[{"id":14822,"href":"https:\/\/edimeinter.com\/libreria\/wp-json\/wp\/v2\/product\/14811\/revisions\/14822"}],"wp:featuredmedia":[{"embeddable":true,"href":"https:\/\/edimeinter.com\/libreria\/wp-json\/wp\/v2\/media\/14815"}],"wp:attachment":[{"href":"https:\/\/edimeinter.com\/libreria\/wp-json\/wp\/v2\/media?parent=14811"}],"wp:term":[{"taxonomy":"product_cat","embeddable":true,"href":"https:\/\/edimeinter.com\/libreria\/wp-json\/wp\/v2\/product_cat?post=14811"},{"taxonomy":"product_tag","embeddable":true,"href":"https:\/\/edimeinter.com\/libreria\/wp-json\/wp\/v2\/product_tag?post=14811"}],"curies":[{"name":"wp","href":"https:\/\/api.w.org\/{rel}","templated":true}]}}