{"id":14835,"date":"2025-02-26T20:35:19","date_gmt":"2025-02-26T20:35:19","guid":{"rendered":"https:\/\/edimeinter.com\/libreria\/?post_type=product&#038;p=14835"},"modified":"2025-03-28T20:06:27","modified_gmt":"2025-03-28T20:06:27","slug":"farmacovigilancia-un-enfoque-practico-1a-edicion","status":"publish","type":"product","link":"https:\/\/edimeinter.com\/libreria\/product\/farmacovigilancia-un-enfoque-practico-1a-edicion\/","title":{"rendered":"Farmacovigilancia. Un enfoque pr\u00e1ctico. 1\u00aa Edici\u00f3n"},"content":{"rendered":"\t\t<div data-elementor-type=\"wp-post\" data-elementor-id=\"14835\" class=\"elementor elementor-14835\">\n\t\t\t\t<div class=\"elementor-element elementor-element-2612b12 e-flex e-con-boxed e-con e-parent\" data-id=\"2612b12\" data-element_type=\"container\" data-e-type=\"container\">\n\t\t\t\t\t<div class=\"e-con-inner\">\n\t\t\n\t\t<div class=\"elementor-element elementor-element-498707ae elementor-widget elementor-widget-text-editor\" data-id=\"498707ae\" data-element_type=\"widget\" data-e-type=\"widget\" data-widget_type=\"text-editor.default\">\n\t\t\t\t<div class=\"elementor-widget-container\">\n\t\t\t\t\t\t\t\t\t<p>Obra que se centra en la evoluci\u00f3n del panorama normativo los estudios de casos y el uso actual y futuro de las tecnolog\u00edas digitales.<\/p><p>Este t\u00edtulo ofrece informaci\u00f3n exhaustiva f\u00e1cil de leer y actualizada sobre los principios y la pr\u00e1ctica de la farmacovigilancia centr\u00e1ndose en el panorama normativo en el estudio de casos y en el uso actual y futuro de las tecnolog\u00edas digitales.<\/p><p>Los autores recurren al estudio de casos para asegurar que el contenido es relevante para la pr\u00e1ctica diaria.<\/p><p>Cubre aspectos como: marco normativo datos sobre seguridad y de la vida real temas de inter\u00e9s para poblaciones especiales y el futuro de la farmacovigilancia.<\/p>\t\t\t\t\t\t\t\t<\/div>\n\t\t\t\t<\/div>\n\t\t\t\t\t<\/div>\n\t\t\t\t<\/div>\n\t\t\t\t<\/div>\n\t\t","protected":false},"excerpt":{"rendered":"<p><strong>Autores:<\/strong>\u00a0Thao Doan &amp; Fabio Lievano &amp; Mondira Bhattacharya &amp; Linda Scarazzini &amp; Cheryl Renz<br \/>\n<strong>ISBN:<\/strong>\u00a09788491135777<br \/>\n<strong>Editorial:<\/strong>\u00a0Elsevier<br \/>\n<strong>Edici\u00f3n:<\/strong>\u00a01\u00aa<br \/>\n<strong>Especialidad<\/strong>:\u00a0Farmacolog\u00eda<br \/>\n<strong>P\u00e1ginas<\/strong>: 224<br \/>\n\u00a9 2019<\/p>\n","protected":false},"featured_media":14836,"comment_status":"open","ping_status":"open","template":"","meta":{"_joinchat":[]},"product_cat":[207],"product_tag":[85,208],"class_list":{"0":"post-14835","1":"product","2":"type-product","3":"status-publish","4":"has-post-thumbnail","6":"product_cat-farmacologia-y-terapeutica","7":"product_tag-elsevier","8":"product_tag-farmacologia-y-terapeutica","10":"first","11":"instock","12":"featured","13":"purchasable","14":"product-type-simple"},"_links":{"self":[{"href":"https:\/\/edimeinter.com\/libreria\/wp-json\/wp\/v2\/product\/14835","targetHints":{"allow":["GET"]}}],"collection":[{"href":"https:\/\/edimeinter.com\/libreria\/wp-json\/wp\/v2\/product"}],"about":[{"href":"https:\/\/edimeinter.com\/libreria\/wp-json\/wp\/v2\/types\/product"}],"replies":[{"embeddable":true,"href":"https:\/\/edimeinter.com\/libreria\/wp-json\/wp\/v2\/comments?post=14835"}],"version-history":[{"count":4,"href":"https:\/\/edimeinter.com\/libreria\/wp-json\/wp\/v2\/product\/14835\/revisions"}],"predecessor-version":[{"id":14845,"href":"https:\/\/edimeinter.com\/libreria\/wp-json\/wp\/v2\/product\/14835\/revisions\/14845"}],"wp:featuredmedia":[{"embeddable":true,"href":"https:\/\/edimeinter.com\/libreria\/wp-json\/wp\/v2\/media\/14836"}],"wp:attachment":[{"href":"https:\/\/edimeinter.com\/libreria\/wp-json\/wp\/v2\/media?parent=14835"}],"wp:term":[{"taxonomy":"product_cat","embeddable":true,"href":"https:\/\/edimeinter.com\/libreria\/wp-json\/wp\/v2\/product_cat?post=14835"},{"taxonomy":"product_tag","embeddable":true,"href":"https:\/\/edimeinter.com\/libreria\/wp-json\/wp\/v2\/product_tag?post=14835"}],"curies":[{"name":"wp","href":"https:\/\/api.w.org\/{rel}","templated":true}]}}