{"id":14867,"date":"2025-02-26T20:45:47","date_gmt":"2025-02-26T20:45:47","guid":{"rendered":"https:\/\/edimeinter.com\/libreria\/?post_type=product&#038;p=14867"},"modified":"2025-03-28T20:06:18","modified_gmt":"2025-03-28T20:06:18","slug":"neuroanatomia-texto-y-atlas-en-color-6a-edicion","status":"publish","type":"product","link":"https:\/\/edimeinter.com\/libreria\/product\/neuroanatomia-texto-y-atlas-en-color-6a-edicion\/","title":{"rendered":"Neuroanatom\u00eda. Texto y atlas en color. 6\u00aa Edici\u00f3n"},"content":{"rendered":"\t\t<div data-elementor-type=\"wp-post\" data-elementor-id=\"14867\" class=\"elementor elementor-14867\">\n\t\t\t\t<div class=\"elementor-element elementor-element-2612b12 e-flex e-con-boxed e-con e-parent\" data-id=\"2612b12\" data-element_type=\"container\" data-e-type=\"container\">\n\t\t\t\t\t<div class=\"e-con-inner\">\n\t\t\n\t\t<div class=\"elementor-element elementor-element-498707ae elementor-widget elementor-widget-text-editor\" data-id=\"498707ae\" data-element_type=\"widget\" data-e-type=\"widget\" data-widget_type=\"text-editor.default\">\n\t\t\t\t<div class=\"elementor-widget-container\">\n\t\t\t\t\t\t\t\t\t<p>Completamente revisada y actualizada esta nueva edici\u00f3n ofrece un repaso conciso y magn\u00edficamente ilustrado de la neuroanatom\u00eda que evidencia la importancia de la anatom\u00eda en la pr\u00e1ctica de la neurolog\u00eda cl\u00ednica moderna.<\/p><p>El objetivo de la obra es incluir el contenido considerado esencial corelacionando siempre que sea posible la estructura anat\u00f3mica con su funci\u00f3n y cuando sea aplicable con su significado cl\u00ednico. As\u00ed mismo la iconograf\u00eda sigue siendo uno de los puntos fuertes de la obra. La nueva edici\u00f3n incluye m\u00e1s de 150 fotograf\u00edas e ilustraciones (revisadas y nuevas) que de forma clara sencilla y expl\u00edcita presentan las estructuras y sistemas anat\u00f3micas.<\/p><p>La nueva edici\u00f3n inlcuye un importante n\u00famer de im\u00e1genes nuevas mantiene los cuadros resumen y de ocrrelaci\u00f3n cl\u00ednica. A nivel conceptual se ha ampliado considerablemente la informaci\u00f3n sobre los trastornos neurol\u00f3gicos (a los que se da cada vez mayor importancia en la poblaci\u00f3n de edad avanzada) y su relaci\u00f3n con la neuroanatom\u00eda.<\/p><p>En StudentConsult.com se encuentra un total de 68 preguntas de autoevaluaci\u00f3n varias l\u00e1minas mudas e im\u00e1genes seriadas de RMI craneales.<\/p>\t\t\t\t\t\t\t\t<\/div>\n\t\t\t\t<\/div>\n\t\t\t\t\t<\/div>\n\t\t\t\t<\/div>\n\t\t\t\t<\/div>\n\t\t","protected":false},"excerpt":{"rendered":"<p><strong>Autores:<\/strong>\u00a0Alan R. Crossman &amp; David Neary<br \/>\n<strong>ISBN:<\/strong>\u00a09788491135708<br \/>\n<strong>Editorial:<\/strong>\u00a0Elsevier<br \/>\n<strong>Edici\u00f3n:<\/strong>\u00a06\u00aa<br \/>\n<strong>Especialidad<\/strong>:\u00a0Anatom\u00eda<br \/>\n<strong>P\u00e1ginas<\/strong>: 174<br \/>\n\u00a9 2019<\/p>\n","protected":false},"featured_media":14868,"comment_status":"open","ping_status":"open","template":"","meta":{"_joinchat":[]},"product_cat":[100],"product_tag":[101,85],"class_list":{"0":"post-14867","1":"product","2":"type-product","3":"status-publish","4":"has-post-thumbnail","6":"product_cat-anatomia","7":"product_tag-anatomia","8":"product_tag-elsevier","10":"first","11":"instock","12":"featured","13":"purchasable","14":"product-type-simple"},"_links":{"self":[{"href":"https:\/\/edimeinter.com\/libreria\/wp-json\/wp\/v2\/product\/14867","targetHints":{"allow":["GET"]}}],"collection":[{"href":"https:\/\/edimeinter.com\/libreria\/wp-json\/wp\/v2\/product"}],"about":[{"href":"https:\/\/edimeinter.com\/libreria\/wp-json\/wp\/v2\/types\/product"}],"replies":[{"embeddable":true,"href":"https:\/\/edimeinter.com\/libreria\/wp-json\/wp\/v2\/comments?post=14867"}],"version-history":[{"count":4,"href":"https:\/\/edimeinter.com\/libreria\/wp-json\/wp\/v2\/product\/14867\/revisions"}],"predecessor-version":[{"id":14872,"href":"https:\/\/edimeinter.com\/libreria\/wp-json\/wp\/v2\/product\/14867\/revisions\/14872"}],"wp:featuredmedia":[{"embeddable":true,"href":"https:\/\/edimeinter.com\/libreria\/wp-json\/wp\/v2\/media\/14868"}],"wp:attachment":[{"href":"https:\/\/edimeinter.com\/libreria\/wp-json\/wp\/v2\/media?parent=14867"}],"wp:term":[{"taxonomy":"product_cat","embeddable":true,"href":"https:\/\/edimeinter.com\/libreria\/wp-json\/wp\/v2\/product_cat?post=14867"},{"taxonomy":"product_tag","embeddable":true,"href":"https:\/\/edimeinter.com\/libreria\/wp-json\/wp\/v2\/product_tag?post=14867"}],"curies":[{"name":"wp","href":"https:\/\/api.w.org\/{rel}","templated":true}]}}