{"id":15501,"date":"2025-03-05T15:58:10","date_gmt":"2025-03-05T15:58:10","guid":{"rendered":"https:\/\/edimeinter.com\/libreria\/?post_type=product&#038;p=15501"},"modified":"2025-03-28T20:06:10","modified_gmt":"2025-03-28T20:06:10","slug":"gordis-epidemiologia-6a-edicion","status":"publish","type":"product","link":"https:\/\/edimeinter.com\/libreria\/product\/gordis-epidemiologia-6a-edicion\/","title":{"rendered":"Gordis. Epidemiolog\u00eda. 6\u00aa Edici\u00f3n"},"content":{"rendered":"\t\t<div data-elementor-type=\"wp-post\" data-elementor-id=\"15501\" class=\"elementor elementor-15501\">\n\t\t\t\t<div class=\"elementor-element elementor-element-2612b12 e-flex e-con-boxed e-con e-parent\" data-id=\"2612b12\" data-element_type=\"container\" data-e-type=\"container\">\n\t\t\t\t\t<div class=\"e-con-inner\">\n\t\t\n\t\t<div class=\"elementor-element elementor-element-498707ae elementor-widget elementor-widget-text-editor\" data-id=\"498707ae\" data-element_type=\"widget\" data-e-type=\"widget\" data-widget_type=\"text-editor.default\">\n\t\t\t\t<div class=\"elementor-widget-container\">\n\t\t\t\t\t\t\t\t\t<p>Nueva edici\u00f3n del texto de referencia en epidemiolog\u00eda que proporciona tanto una introducci\u00f3n detallada de los principios b\u00e1sicos como su relevante papel en la salud p\u00fablica y en la investigaci\u00f3n m\u00e9dica actual.<\/p><p>La sexta edici\u00f3n al igual que la previa se encuentra organizada en 3 secciones. La secci\u00f3n 1 aborda c\u00f3mo se utiliza la epidemiolog\u00eda para comprender la salud y el desarrollo de enfermedades en las poblaciones la secci\u00f3n 2 incluye explicaciones detalladas sobre los m\u00e9todos utilizados y finalmente en la secci\u00f3n 3 se abordan las aplicaciones cotidianas de la epidemiolog\u00eda en la salud p\u00fablica.<\/p><p>La nueva edici\u00f3n incluye informaci\u00f3n ampliada sobre epidemiolog\u00eda gen\u00e9tica epidemiolog\u00eda y salud p\u00fablica as\u00ed como en lo referente a las cuestiones \u00e9ticas y profesionales que pueden plantearse en el desarrollo de un estudio. Incluye nuevas preguntas al final de los cap\u00edtulos para facilitar la autoevaluaci\u00f3n cuyas soluciones se recogen en un ap\u00e9ndice al final del libro.<\/p>\t\t\t\t\t\t\t\t<\/div>\n\t\t\t\t<\/div>\n\t\t\t\t\t<\/div>\n\t\t\t\t<\/div>\n\t\t\t\t<\/div>\n\t\t","protected":false},"excerpt":{"rendered":"<p><strong>Autores:<\/strong>\u00a0David D Celentano &amp; Moyses Szklo<br \/>\n<strong>ISBN:<\/strong>\u00a09788491135364<br \/>\n<strong>Editorial:<\/strong>\u00a0Elsevier<br \/>\n<strong>Edici\u00f3n:<\/strong>\u00a06\u00aa<br \/>\n<strong>Especialidad<\/strong>:\u00a0Epidemiolog\u00eda<br \/>\n<strong>P\u00e1ginas<\/strong>: 432<br \/>\n\u00a9 2019<\/p>\n","protected":false},"featured_media":15502,"comment_status":"open","ping_status":"open","template":"","meta":{"_joinchat":[]},"product_cat":[225],"product_tag":[85,226],"class_list":{"0":"post-15501","1":"product","2":"type-product","3":"status-publish","4":"has-post-thumbnail","6":"product_cat-epidemiologia","7":"product_tag-elsevier","8":"product_tag-epidemiologia","10":"first","11":"instock","12":"featured","13":"purchasable","14":"product-type-simple"},"_links":{"self":[{"href":"https:\/\/edimeinter.com\/libreria\/wp-json\/wp\/v2\/product\/15501","targetHints":{"allow":["GET"]}}],"collection":[{"href":"https:\/\/edimeinter.com\/libreria\/wp-json\/wp\/v2\/product"}],"about":[{"href":"https:\/\/edimeinter.com\/libreria\/wp-json\/wp\/v2\/types\/product"}],"replies":[{"embeddable":true,"href":"https:\/\/edimeinter.com\/libreria\/wp-json\/wp\/v2\/comments?post=15501"}],"version-history":[{"count":5,"href":"https:\/\/edimeinter.com\/libreria\/wp-json\/wp\/v2\/product\/15501\/revisions"}],"predecessor-version":[{"id":16134,"href":"https:\/\/edimeinter.com\/libreria\/wp-json\/wp\/v2\/product\/15501\/revisions\/16134"}],"wp:featuredmedia":[{"embeddable":true,"href":"https:\/\/edimeinter.com\/libreria\/wp-json\/wp\/v2\/media\/15502"}],"wp:attachment":[{"href":"https:\/\/edimeinter.com\/libreria\/wp-json\/wp\/v2\/media?parent=15501"}],"wp:term":[{"taxonomy":"product_cat","embeddable":true,"href":"https:\/\/edimeinter.com\/libreria\/wp-json\/wp\/v2\/product_cat?post=15501"},{"taxonomy":"product_tag","embeddable":true,"href":"https:\/\/edimeinter.com\/libreria\/wp-json\/wp\/v2\/product_tag?post=15501"}],"curies":[{"name":"wp","href":"https:\/\/api.w.org\/{rel}","templated":true}]}}