{"id":15525,"date":"2025-03-05T16:16:52","date_gmt":"2025-03-05T16:16:52","guid":{"rendered":"https:\/\/edimeinter.com\/libreria\/?post_type=product&#038;p=15525"},"modified":"2026-03-06T19:18:24","modified_gmt":"2026-03-06T19:18:24","slug":"anatomia-humana-descriptiva-topografica-y-funcional-tomo-1-cabeza-y-cuello-11a-edicion","status":"publish","type":"product","link":"https:\/\/edimeinter.com\/libreria\/product\/anatomia-humana-descriptiva-topografica-y-funcional-tomo-1-cabeza-y-cuello-11a-edicion\/","title":{"rendered":"Anatom\u00eda Humana Descriptiva topogr\u00e1fica y funcional. Tomo 1. Cabeza y cuello. 11\u00aa Edici\u00f3n"},"content":{"rendered":"\t\t<div data-elementor-type=\"wp-post\" data-elementor-id=\"15525\" class=\"elementor elementor-15525\">\n\t\t\t\t<div class=\"elementor-element elementor-element-2612b12 e-flex e-con-boxed e-con e-parent\" data-id=\"2612b12\" data-element_type=\"container\" data-e-type=\"container\">\n\t\t\t\t\t<div class=\"e-con-inner\">\n\t\t\n\t\t<div class=\"elementor-element elementor-element-498707ae elementor-widget elementor-widget-text-editor\" data-id=\"498707ae\" data-element_type=\"widget\" data-e-type=\"widget\" data-widget_type=\"text-editor.default\">\n\t\t\t\t<div class=\"elementor-widget-container\">\n\t\t\t\t\t\t\t\t\t<p>Nueva edici\u00f3n de este texto cl\u00e1sico de referencia en Anatom\u00eda revisado por Vincent Delmas miembro del Instituto de Anatom\u00eda de Par\u00eds y Profesor de Anatom\u00eda de la Facultad de Medicina de la Universidad Ren\u00e9 Descartes de Par\u00eds.<\/p><p>La obra en esta edici\u00f3n est\u00e1 estructurada en 4 tomos: Tomo 1: \u201cCabeza y cuello\u0094 Tomo 2: \u201cTronco\u0094 Tomo 3: \u201cMiembros\u0094 y Tomo 4: \u201cSistema Nervioso Central\u0094. Cada tomo ofrece una descripci\u00f3n de las estructuras corporales desde tres aproximaciones: descriptiva topogr\u00e1fica y funcional lo cual permite un enfoque did\u00e1ctico m\u00e1s claro y entendedor.<\/p><p>El Tomo 4 \u201cSistema Nervioso Central\u0094 incluye junto a la parte de Anatom\u00eda Descriptiva una parte totalmente nueva de Anatom\u00eda Funcional del Sistema Nervioso Central.<\/p><p>Se ha enriquecido la iconograf\u00eda de la obra y se ha incluido al final de los tomos 3 y 4 un peque\u00f1o atlas de im\u00e1genes obtenidas por RM.<\/p><p>Al inicio de cada tomo hay un \u00cdndice de la N\u00f3mina Anat\u00f3mica totalmente actualizado que facilita una referencia terminol\u00f3gica internacional.<\/p>\t\t\t\t\t\t\t\t<\/div>\n\t\t\t\t<\/div>\n\t\t\t\t\t<\/div>\n\t\t\t\t<\/div>\n\t\t\t\t<\/div>\n\t\t","protected":false},"excerpt":{"rendered":"<p><strong>Autores:<\/strong>\u00a0Henri Rouvi\u00e8re &amp; Vincent Delmas &amp; Andr\u00e9 Delmas<br \/>\n<strong>ISBN:<\/strong>\u00a09788445813133<br \/>\n<strong>Editorial:<\/strong>\u00a0Elsevier<br \/>\n<strong>Edici\u00f3n:<\/strong>\u00a011\u00aa<br \/>\n<strong>Especialidad<\/strong>:\u00a0Anatom\u00eda<br \/>\n<strong>P\u00e1ginas<\/strong>: 712<br \/>\n\u00a9 2019<\/p>\n","protected":false},"featured_media":15526,"comment_status":"open","ping_status":"closed","template":"","meta":{"_joinchat":[]},"product_cat":[100],"product_tag":[101,85],"class_list":{"0":"post-15525","1":"product","2":"type-product","3":"status-publish","4":"has-post-thumbnail","6":"product_cat-anatomia","7":"product_tag-anatomia","8":"product_tag-elsevier","10":"first","11":"outofstock","12":"featured","13":"purchasable","14":"product-type-simple"},"_links":{"self":[{"href":"https:\/\/edimeinter.com\/libreria\/wp-json\/wp\/v2\/product\/15525","targetHints":{"allow":["GET"]}}],"collection":[{"href":"https:\/\/edimeinter.com\/libreria\/wp-json\/wp\/v2\/product"}],"about":[{"href":"https:\/\/edimeinter.com\/libreria\/wp-json\/wp\/v2\/types\/product"}],"replies":[{"embeddable":true,"href":"https:\/\/edimeinter.com\/libreria\/wp-json\/wp\/v2\/comments?post=15525"}],"version-history":[{"count":5,"href":"https:\/\/edimeinter.com\/libreria\/wp-json\/wp\/v2\/product\/15525\/revisions"}],"predecessor-version":[{"id":16125,"href":"https:\/\/edimeinter.com\/libreria\/wp-json\/wp\/v2\/product\/15525\/revisions\/16125"}],"wp:featuredmedia":[{"embeddable":true,"href":"https:\/\/edimeinter.com\/libreria\/wp-json\/wp\/v2\/media\/15526"}],"wp:attachment":[{"href":"https:\/\/edimeinter.com\/libreria\/wp-json\/wp\/v2\/media?parent=15525"}],"wp:term":[{"taxonomy":"product_cat","embeddable":true,"href":"https:\/\/edimeinter.com\/libreria\/wp-json\/wp\/v2\/product_cat?post=15525"},{"taxonomy":"product_tag","embeddable":true,"href":"https:\/\/edimeinter.com\/libreria\/wp-json\/wp\/v2\/product_tag?post=15525"}],"curies":[{"name":"wp","href":"https:\/\/api.w.org\/{rel}","templated":true}]}}