{"id":15537,"date":"2025-03-05T17:26:16","date_gmt":"2025-03-05T17:26:16","guid":{"rendered":"https:\/\/edimeinter.com\/libreria\/?post_type=product&#038;p=15537"},"modified":"2026-04-20T18:16:56","modified_gmt":"2026-04-20T18:16:56","slug":"netter-bioquimica-esencial-1a-edicion","status":"publish","type":"product","link":"https:\/\/edimeinter.com\/libreria\/product\/netter-bioquimica-esencial-1a-edicion\/","title":{"rendered":"Netter. Bioqu\u00edmica esencial. 1\u00aa Edici\u00f3n"},"content":{"rendered":"\t\t<div data-elementor-type=\"wp-post\" data-elementor-id=\"15537\" class=\"elementor elementor-15537\">\n\t\t\t\t<div class=\"elementor-element elementor-element-2612b12 e-flex e-con-boxed e-con e-parent\" data-id=\"2612b12\" data-element_type=\"container\" data-e-type=\"container\">\n\t\t\t\t\t<div class=\"e-con-inner\">\n\t\t\n\t\t<div class=\"elementor-element elementor-element-498707ae elementor-widget elementor-widget-text-editor\" data-id=\"498707ae\" data-element_type=\"widget\" data-e-type=\"widget\" data-widget_type=\"text-editor.default\">\n\t\t\t\t<div class=\"elementor-widget-container\">\n\t\t\t\t\t\t\t\t\t<p>Su estilo claro, la atenci\u00f3n centrada en las aplicaciones cl\u00ednicas y unas ilustraciones de gran calidad convierten a esta obra en la opci\u00f3n perfecta para conocer los principios b\u00e1sicos de la bioqu\u00edmica, repasar la asignatura o complementar las clases.<\/p><p>La experiencia del autor, complementada con los conocimientos del equipo de revisores, proporciona continuidad a lo largo del texto, donde se presentan los fundamentos esenciales de la bioqu\u00edmica paso a paso. Adem\u00e1s, los apartados de resumen ayudan a asimilar los conceptos principales con rapidez.<\/p><p>Presenta los complejos contenidos de la bioqu\u00edmica con un enfoque muy visual y asequible para el lector. As\u00ed mismo, integra la perspectiva cl\u00ednica a lo largo de todo el texto, aportando contexto y significado a la bioqu\u00edmica. Todos los cap\u00edtulos incluyen sinopsis y res\u00famenes.<\/p><p>Los conceptos clave se ilustran como magn\u00edficos dibujos y diagramas de los procesos bioqu\u00edmicos, complementados con las ilustraciones de la famosa colecci\u00f3n Netter, para relacionar las ciencias b\u00e1sicas con la pr\u00e1ctica cl\u00ednica.<\/p>\t\t\t\t\t\t\t\t<\/div>\n\t\t\t\t<\/div>\n\t\t\t\t\t<\/div>\n\t\t\t\t<\/div>\n\t\t\t\t<\/div>\n\t\t","protected":false},"excerpt":{"rendered":"<p><strong>Autores:<\/strong>\u00a0Peter Ronner, PhD<br \/>\n<strong>ISBN:<\/strong>\u00a09788491135159<br \/>\n<strong>Editorial:<\/strong>\u00a0Elsevier<br \/>\n<strong>Edici\u00f3n:<\/strong>\u00a01\u00aa<br \/>\n<strong>Especialidad<\/strong>: Bioqu\u00edmica<br \/>\n<strong>P\u00e1ginas<\/strong>: 488<br \/>\n\u00a9 2019<\/p>\n","protected":false},"featured_media":15538,"comment_status":"open","ping_status":"closed","template":"","meta":{"_joinchat":[]},"product_cat":[90],"product_tag":[91,85],"class_list":{"0":"post-15537","1":"product","2":"type-product","3":"status-publish","4":"has-post-thumbnail","6":"product_cat-bioquimica","7":"product_tag-bioquimica","8":"product_tag-elsevier","10":"first","11":"instock","12":"featured","13":"purchasable","14":"product-type-simple"},"_links":{"self":[{"href":"https:\/\/edimeinter.com\/libreria\/wp-json\/wp\/v2\/product\/15537","targetHints":{"allow":["GET"]}}],"collection":[{"href":"https:\/\/edimeinter.com\/libreria\/wp-json\/wp\/v2\/product"}],"about":[{"href":"https:\/\/edimeinter.com\/libreria\/wp-json\/wp\/v2\/types\/product"}],"replies":[{"embeddable":true,"href":"https:\/\/edimeinter.com\/libreria\/wp-json\/wp\/v2\/comments?post=15537"}],"version-history":[{"count":5,"href":"https:\/\/edimeinter.com\/libreria\/wp-json\/wp\/v2\/product\/15537\/revisions"}],"predecessor-version":[{"id":16139,"href":"https:\/\/edimeinter.com\/libreria\/wp-json\/wp\/v2\/product\/15537\/revisions\/16139"}],"wp:featuredmedia":[{"embeddable":true,"href":"https:\/\/edimeinter.com\/libreria\/wp-json\/wp\/v2\/media\/15538"}],"wp:attachment":[{"href":"https:\/\/edimeinter.com\/libreria\/wp-json\/wp\/v2\/media?parent=15537"}],"wp:term":[{"taxonomy":"product_cat","embeddable":true,"href":"https:\/\/edimeinter.com\/libreria\/wp-json\/wp\/v2\/product_cat?post=15537"},{"taxonomy":"product_tag","embeddable":true,"href":"https:\/\/edimeinter.com\/libreria\/wp-json\/wp\/v2\/product_tag?post=15537"}],"curies":[{"name":"wp","href":"https:\/\/api.w.org\/{rel}","templated":true}]}}