{"id":15543,"date":"2025-03-05T17:31:44","date_gmt":"2025-03-05T17:31:44","guid":{"rendered":"https:\/\/edimeinter.com\/libreria\/?post_type=product&#038;p=15543"},"modified":"2025-03-28T20:04:54","modified_gmt":"2025-03-28T20:04:54","slug":"ortodoncia-contemporanea-6a-edicion","status":"publish","type":"product","link":"https:\/\/edimeinter.com\/libreria\/product\/ortodoncia-contemporanea-6a-edicion\/","title":{"rendered":"Ortodoncia contempor\u00e1nea. 6\u00aa Edici\u00f3n"},"content":{"rendered":"\t\t<div data-elementor-type=\"wp-post\" data-elementor-id=\"15543\" class=\"elementor elementor-15543\">\n\t\t\t\t<div class=\"elementor-element elementor-element-2612b12 e-flex e-con-boxed e-con e-parent\" data-id=\"2612b12\" data-element_type=\"container\" data-e-type=\"container\">\n\t\t\t\t\t<div class=\"e-con-inner\">\n\t\t\n\t\t<div class=\"elementor-element elementor-element-498707ae elementor-widget elementor-widget-text-editor\" data-id=\"498707ae\" data-element_type=\"widget\" data-e-type=\"widget\" data-widget_type=\"text-editor.default\">\n\t\t\t\t<div class=\"elementor-widget-container\">\n\t\t\t\t\t\t\t\t\t<p>Con un equipo de autores de prestigio internacional dirigido por el Dr. William Proffit, la obra contin\u00faa con su larga tradici\u00f3n de excelencia a la hora de abordar detalladamente el diagn\u00f3stico, la planificaci\u00f3n y las t\u00e9cnicas de tratamiento ortod\u00f3ncico.<\/p><p>Entre los temas clave tratados destacan las aplicaciones pr\u00e1cticas de la tecnolog\u00eda inform\u00e1tica, los tratamientos alternativos, los aspectos biomec\u00e1nicos de la aparatolog\u00eda ortod\u00f3ncica, la elecci\u00f3n de m\u00e9todos de tratamiento eficientes y el tratamiento de problemas complejos en ni\u00f1os y adultos.<\/p><p>Entre las principales novedades cabe destacar la inclusi\u00f3n de nuevos casos pr\u00e1cticos basados en la evidencia y dos nuevos cap\u00edtulos que abordan los aspectos fundamentales del tratamiento de los problemas transversales esquel\u00e9ticos y de clase III, y la modificaci\u00f3n del crecimiento en los problemas de clase II, de mordida abierta\/profunda y multidimensionales.<\/p><p>Incluye el acceso a la versi\u00f3n electr\u00f3nica del texto en ingl\u00e9s a trav\u00e9s de ExpertConsult, con enlaces entre las referencias bibliogr\u00e1fica y sus res\u00famenes en PubMed.<\/p>\t\t\t\t\t\t\t\t<\/div>\n\t\t\t\t<\/div>\n\t\t\t\t\t<\/div>\n\t\t\t\t<\/div>\n\t\t\t\t<\/div>\n\t\t","protected":false},"excerpt":{"rendered":"<p><strong>Autores:<\/strong>\u00a0William R. Proffit, DDS, PhD, Henry W. Fields, Jr., DDS, MS, MSD, Brent Larson and David M. Sarver, DMD, MS<br \/>\n<strong>ISBN:<\/strong>\u00a09788491134770<br \/>\n<strong>Editorial:<\/strong>\u00a0Elsevier<br \/>\n<strong>Edici\u00f3n:<\/strong>\u00a06\u00aa<br \/>\n<strong>Especialidad<\/strong>: Odontolog\u00eda y Ortodoncia<br \/>\n<strong>P\u00e1ginas<\/strong>: 736<br \/>\n\u00a9 2019<\/p>\n","protected":false},"featured_media":15544,"comment_status":"open","ping_status":"open","template":"","meta":{"_joinchat":[]},"product_cat":[140],"product_tag":[85,141],"class_list":{"0":"post-15543","1":"product","2":"type-product","3":"status-publish","4":"has-post-thumbnail","6":"product_cat-odontologia-y-ortodoncia","7":"product_tag-elsevier","8":"product_tag-odontologia-y-ortodoncia","10":"first","11":"instock","12":"featured","13":"purchasable","14":"product-type-simple"},"_links":{"self":[{"href":"https:\/\/edimeinter.com\/libreria\/wp-json\/wp\/v2\/product\/15543","targetHints":{"allow":["GET"]}}],"collection":[{"href":"https:\/\/edimeinter.com\/libreria\/wp-json\/wp\/v2\/product"}],"about":[{"href":"https:\/\/edimeinter.com\/libreria\/wp-json\/wp\/v2\/types\/product"}],"replies":[{"embeddable":true,"href":"https:\/\/edimeinter.com\/libreria\/wp-json\/wp\/v2\/comments?post=15543"}],"version-history":[{"count":4,"href":"https:\/\/edimeinter.com\/libreria\/wp-json\/wp\/v2\/product\/15543\/revisions"}],"predecessor-version":[{"id":15549,"href":"https:\/\/edimeinter.com\/libreria\/wp-json\/wp\/v2\/product\/15543\/revisions\/15549"}],"wp:featuredmedia":[{"embeddable":true,"href":"https:\/\/edimeinter.com\/libreria\/wp-json\/wp\/v2\/media\/15544"}],"wp:attachment":[{"href":"https:\/\/edimeinter.com\/libreria\/wp-json\/wp\/v2\/media?parent=15543"}],"wp:term":[{"taxonomy":"product_cat","embeddable":true,"href":"https:\/\/edimeinter.com\/libreria\/wp-json\/wp\/v2\/product_cat?post=15543"},{"taxonomy":"product_tag","embeddable":true,"href":"https:\/\/edimeinter.com\/libreria\/wp-json\/wp\/v2\/product_tag?post=15543"}],"curies":[{"name":"wp","href":"https:\/\/api.w.org\/{rel}","templated":true}]}}