{"id":15550,"date":"2025-03-05T17:35:25","date_gmt":"2025-03-05T17:35:25","guid":{"rendered":"https:\/\/edimeinter.com\/libreria\/?post_type=product&#038;p=15550"},"modified":"2025-03-28T20:04:45","modified_gmt":"2025-03-28T20:04:45","slug":"genetica-perinatal-1a-edicion","status":"publish","type":"product","link":"https:\/\/edimeinter.com\/libreria\/product\/genetica-perinatal-1a-edicion\/","title":{"rendered":"Gen\u00e9tica perinatal. 1\u00aa Edici\u00f3n"},"content":{"rendered":"\t\t<div data-elementor-type=\"wp-post\" data-elementor-id=\"15550\" class=\"elementor elementor-15550\">\n\t\t\t\t\n<div class=\"elementor-element elementor-element-2612b12 e-flex e-con-boxed e-con e-parent\" data-id=\"2612b12\" data-element_type=\"container\" data-e-type=\"container\">\n\t\t\t\t\t<div class=\"e-con-inner\">\n\t\t\n\t\t<div class=\"elementor-element elementor-element-498707ae elementor-widget elementor-widget-text-editor\" data-id=\"498707ae\" data-element_type=\"widget\" data-e-type=\"widget\" data-widget_type=\"text-editor.default\">\n\t\t\t\t<div class=\"elementor-widget-container\">\n\t\t\t\t\t\t\t\t\t<p>Los lectores de Gen\u00e9tica Perinatal obtendr\u00e1n una visi\u00f3n general del campo de la gen\u00e9tica con este recurso conciso y pr\u00e1ctico.<\/p><p>Obra con una visi\u00f3n general del campo de la gen\u00e9tica perinatal donde los doctores Mary Norton, Jeffrey A. Kuller y Lorraine Dugoff cubren completamente los temas cl\u00ednicamente relevantes que son clave para los profesionales que cuidan a las mujeres embarazadas y a las parejas que contemplan el embarazo.<\/p><p>Dirigido a m\u00e9dicos de obstetricia y ginecolog\u00eda, especialistas en medicina materno-fetal y generalistas cl\u00ednicos, as\u00ed como para enfermeras.<\/p>\t\t\t\t\t\t\t\t<\/div>\n\t\t\t\t<\/div>\n\t\t\t\t\t<\/div>\n\t\t\t\t<\/div>\n\t\t\t\t<\/div>\n\t\t","protected":false},"excerpt":{"rendered":"<p><strong>Autores:<\/strong>\u00a0Mary E Norton, MD, Jeffrey A. Kuller, MD and Lorraine Dugoff, MD<br \/>\n<strong>ISBN:<\/strong>\u00a09788491135555<br \/>\n<strong>Editorial:<\/strong>\u00a0Elsevier<br \/>\n<strong>Edici\u00f3n:<\/strong>\u00a01\u00aa<br \/>\n<strong>Especialidad<\/strong>: Gen\u00e9tica<br \/>\n<strong>P\u00e1ginas<\/strong>: 208<br \/>\n\u00a9 2019<\/p>\n","protected":false},"featured_media":15551,"comment_status":"open","ping_status":"open","template":"","meta":{"_joinchat":[]},"product_cat":[144],"product_tag":[85,145],"class_list":{"0":"post-15550","1":"product","2":"type-product","3":"status-publish","4":"has-post-thumbnail","6":"product_cat-genetica","7":"product_tag-elsevier","8":"product_tag-genetica","10":"first","11":"instock","12":"featured","13":"purchasable","14":"product-type-simple"},"_links":{"self":[{"href":"https:\/\/edimeinter.com\/libreria\/wp-json\/wp\/v2\/product\/15550","targetHints":{"allow":["GET"]}}],"collection":[{"href":"https:\/\/edimeinter.com\/libreria\/wp-json\/wp\/v2\/product"}],"about":[{"href":"https:\/\/edimeinter.com\/libreria\/wp-json\/wp\/v2\/types\/product"}],"replies":[{"embeddable":true,"href":"https:\/\/edimeinter.com\/libreria\/wp-json\/wp\/v2\/comments?post=15550"}],"version-history":[{"count":5,"href":"https:\/\/edimeinter.com\/libreria\/wp-json\/wp\/v2\/product\/15550\/revisions"}],"predecessor-version":[{"id":16133,"href":"https:\/\/edimeinter.com\/libreria\/wp-json\/wp\/v2\/product\/15550\/revisions\/16133"}],"wp:featuredmedia":[{"embeddable":true,"href":"https:\/\/edimeinter.com\/libreria\/wp-json\/wp\/v2\/media\/15551"}],"wp:attachment":[{"href":"https:\/\/edimeinter.com\/libreria\/wp-json\/wp\/v2\/media?parent=15550"}],"wp:term":[{"taxonomy":"product_cat","embeddable":true,"href":"https:\/\/edimeinter.com\/libreria\/wp-json\/wp\/v2\/product_cat?post=15550"},{"taxonomy":"product_tag","embeddable":true,"href":"https:\/\/edimeinter.com\/libreria\/wp-json\/wp\/v2\/product_tag?post=15550"}],"curies":[{"name":"wp","href":"https:\/\/api.w.org\/{rel}","templated":true}]}}