{"id":15556,"date":"2025-03-05T17:38:30","date_gmt":"2025-03-05T17:38:30","guid":{"rendered":"https:\/\/edimeinter.com\/libreria\/?post_type=product&#038;p=15556"},"modified":"2025-03-28T20:04:38","modified_gmt":"2025-03-28T20:04:38","slug":"diagnostico-y-monitorizacion-inmunologica-de-las-enfermedades-autoinflamatorias-1a-edicion","status":"publish","type":"product","link":"https:\/\/edimeinter.com\/libreria\/product\/diagnostico-y-monitorizacion-inmunologica-de-las-enfermedades-autoinflamatorias-1a-edicion\/","title":{"rendered":"Diagn\u00f3stico y monitorizaci\u00f3n inmunol\u00f3gica de las enfermedades autoinflamatorias. 1\u00aa Edici\u00f3n"},"content":{"rendered":"\t\t<div data-elementor-type=\"wp-post\" data-elementor-id=\"15556\" class=\"elementor elementor-15556\">\n\t\t\t\t<div class=\"elementor-element elementor-element-2612b12 e-flex e-con-boxed e-con e-parent\" data-id=\"2612b12\" data-element_type=\"container\" data-e-type=\"container\">\n\t\t\t\t\t<div class=\"e-con-inner\">\n\t\t\n\t\t<div class=\"elementor-element elementor-element-498707ae elementor-widget elementor-widget-text-editor\" data-id=\"498707ae\" data-element_type=\"widget\" data-e-type=\"widget\" data-widget_type=\"text-editor.default\">\n\t\t\t\t<div class=\"elementor-widget-container\">\n\t\t\t\t\t\t\t\t\t<p>Nueva monograf\u00eda avalada por la Sociedad Espa\u00f1ola de Inmunolog\u00eda (SEI) que aborda de manera exhaustiva las patolog\u00edas inmunol\u00f3gicas de origen autoinflamatoria con la informaci\u00f3n cl\u00ednica m\u00e1s actualizada disponible.<\/p><p>Los autores revisan todos los conceptos vinculados al proceso de autoinflamaci\u00f3n y sus mecanismos etiopatog\u00e9nicos, poniendo especial \u00e9nfasis en el papel del inflamasoma y sus alteraciones, as\u00ed como en los mecanismos moleculares y epigen\u00e9ticos que participan en el desarrollo de estas patolog\u00edas.<\/p><p>Al igual que en el resto de t\u00edtulos de la serie el objetivo es ofrecer al lector un contenido pr\u00e1ctico, muy estructurado y enfocado a la resoluci\u00f3n de los problemas cl\u00ednicos actuales.<\/p><p>Monograf\u00eda de gran inter\u00e9s para especialistas y tamb\u00ed\u00e9n estudiantes del \u00e1mbito biom\u00e9dico, inmun\u00f3logos b\u00e1sicos y cl\u00ednicos, y para todos aquellos facultativos que puedan participar en el diagn\u00f3stico, la monitorizaci\u00f3n y el tratamiento de los pacientes afectados por estas enfermedades.<\/p>\t\t\t\t\t\t\t\t<\/div>\n\t\t\t\t<\/div>\n\t\t\t\t\t<\/div>\n\t\t\t\t<\/div>\n\t\t\t\t<\/div>\n\t\t","protected":false},"excerpt":{"rendered":"<p><strong>Autores:<\/strong>\u00a0Juan Ignacio Ar\u00f3stegui Gorospe and Jordi Yag\u00fce Ribes<br \/>\n<strong>ISBN:<\/strong>\u00a09788491131076<br \/>\n<strong>Editorial:<\/strong>\u00a0Elsevier<br \/>\n<strong>Edici\u00f3n:<\/strong>\u00a01\u00aa<br \/>\n<strong>Especialidad<\/strong>: Medicina Interna<br \/>\n<strong>P\u00e1ginas<\/strong>: 128<br \/>\n\u00a9 2019<\/p>\n","protected":false},"featured_media":15557,"comment_status":"open","ping_status":"open","template":"","meta":{"_joinchat":[]},"product_cat":[150],"product_tag":[85,151],"class_list":{"0":"post-15556","1":"product","2":"type-product","3":"status-publish","4":"has-post-thumbnail","6":"product_cat-medicina-interna","7":"product_tag-elsevier","8":"product_tag-medicina-interna","10":"first","11":"instock","12":"featured","13":"purchasable","14":"product-type-simple"},"_links":{"self":[{"href":"https:\/\/edimeinter.com\/libreria\/wp-json\/wp\/v2\/product\/15556","targetHints":{"allow":["GET"]}}],"collection":[{"href":"https:\/\/edimeinter.com\/libreria\/wp-json\/wp\/v2\/product"}],"about":[{"href":"https:\/\/edimeinter.com\/libreria\/wp-json\/wp\/v2\/types\/product"}],"replies":[{"embeddable":true,"href":"https:\/\/edimeinter.com\/libreria\/wp-json\/wp\/v2\/comments?post=15556"}],"version-history":[{"count":5,"href":"https:\/\/edimeinter.com\/libreria\/wp-json\/wp\/v2\/product\/15556\/revisions"}],"predecessor-version":[{"id":16131,"href":"https:\/\/edimeinter.com\/libreria\/wp-json\/wp\/v2\/product\/15556\/revisions\/16131"}],"wp:featuredmedia":[{"embeddable":true,"href":"https:\/\/edimeinter.com\/libreria\/wp-json\/wp\/v2\/media\/15557"}],"wp:attachment":[{"href":"https:\/\/edimeinter.com\/libreria\/wp-json\/wp\/v2\/media?parent=15556"}],"wp:term":[{"taxonomy":"product_cat","embeddable":true,"href":"https:\/\/edimeinter.com\/libreria\/wp-json\/wp\/v2\/product_cat?post=15556"},{"taxonomy":"product_tag","embeddable":true,"href":"https:\/\/edimeinter.com\/libreria\/wp-json\/wp\/v2\/product_tag?post=15556"}],"curies":[{"name":"wp","href":"https:\/\/api.w.org\/{rel}","templated":true}]}}