{"id":15562,"date":"2025-03-05T17:41:35","date_gmt":"2025-03-05T17:41:35","guid":{"rendered":"https:\/\/edimeinter.com\/libreria\/?post_type=product&#038;p=15562"},"modified":"2025-03-28T20:04:31","modified_gmt":"2025-03-28T20:04:31","slug":"braunwald-cardiologia-en-atencion-primaria-prevencion-y-poblaciones-especiales-11a-edicion","status":"publish","type":"product","link":"https:\/\/edimeinter.com\/libreria\/product\/braunwald-cardiologia-en-atencion-primaria-prevencion-y-poblaciones-especiales-11a-edicion\/","title":{"rendered":"Braunwald. Cardiolog\u00eda en atenci\u00f3n primaria: Prevenci\u00f3n y poblaciones especiales. 11\u00aa Edici\u00f3n"},"content":{"rendered":"\t\t<div data-elementor-type=\"wp-post\" data-elementor-id=\"15562\" class=\"elementor elementor-15562\">\n\t\t\t\t<div class=\"elementor-element elementor-element-2612b12 e-flex e-con-boxed e-con e-parent\" data-id=\"2612b12\" data-element_type=\"container\" data-e-type=\"container\">\n\t\t\t\t\t<div class=\"e-con-inner\">\n\t\t\n\t\t<div class=\"elementor-element elementor-element-498707ae elementor-widget elementor-widget-text-editor\" data-id=\"498707ae\" data-element_type=\"widget\" data-e-type=\"widget\" data-widget_type=\"text-editor.default\">\n\t\t\t\t<div class=\"elementor-widget-container\">\n\t\t\t\t\t\t\t\t\t<p>Monogr\u00e1fico procedente de la obra de referencia Braunwald. Tratado de Cardiolog\u00eda, que recoge una selecci\u00f3n de todos aquellos temas de la especialidad que son de inter\u00e9s para los profesionales de Atenci\u00f3n Priamria.<\/p><p>El abordaje de los aspectos preventivos de la Cardiolog\u00eda ocupa buena parte de esta monograf\u00eda, junto con el tratamiento de la patolog\u00eda cardiovascular en poblaciones especiales y otras cuestiones relacionadas con la obesidad y la enfermedad cardiometab\u00f3lica, as\u00ed como la diabetes y su relaci\u00f3n con el sistema cardiovascular.<\/p><p>Replicando la estructura de la obra de referencia, los lectores podr\u00e1n encontrar de manera r\u00e1pida la informaci\u00f3n requerida y beneficiarse de la fant\u00e1stica iconograf\u00eda de una obra como Braunwald. Tratado de Cardiolog\u00eda, siendo la informaci\u00f3n basada en la evidencia la base del contenido.<\/p><p>Con el objetivo de ayudar a los especialistas en atenci\u00f3n primaria en su pr\u00e1ctica cl\u00ednica diaria, la nueva edici\u00f3n de esta monograf\u00eda incorpora una secci\u00f3n con las recomendaciones procedentes de las gu\u00edas cl\u00ednicas m\u00e1s relevantes, todas ellas actualizadas. Entre ellas se encuentran las directrices sobre el control de las dislipemias, a hipertensi\u00f3n, las cardiopat\u00edas en mujeres embarazadas o el manejo de las patolog\u00edas arteriales perif\u00e9ricas.<\/p>\t\t\t\t\t\t\t\t<\/div>\n\t\t\t\t<\/div>\n\t\t\t\t\t<\/div>\n\t\t\t\t<\/div>\n\t\t\t\t<\/div>\n\t\t","protected":false},"excerpt":{"rendered":"<p><strong>Autores:<\/strong>\u00a0Douglas P. Zipes, MD, Peter Libby, MD, PhD, Robert O. Bonow, MD, MS, Douglas L. Mann, MD and Gordon F. Tomaselli, MD<br \/>\n<strong>ISBN:<\/strong>\u00a09788491134701<br \/>\n<strong>Editorial:<\/strong>\u00a0Elsevier<br \/>\n<strong>Edici\u00f3n:<\/strong>\u00a011\u00aa<br \/>\n<strong>Especialidad<\/strong>: Medicina Familiar y Comunitaria<br \/>\n<strong>P\u00e1ginas<\/strong>: 312<br \/>\n\u00a9 2019<\/p>\n","protected":false},"featured_media":15563,"comment_status":"open","ping_status":"open","template":"","meta":{"_joinchat":[]},"product_cat":[138],"product_tag":[85,139,174],"class_list":{"0":"post-15562","1":"product","2":"type-product","3":"status-publish","4":"has-post-thumbnail","6":"product_cat-medicina-familiar-y-comunitaria","7":"product_tag-elsevier","8":"product_tag-medicina-familiar-y-comunitaria","9":"product_tag-outlet","11":"first","12":"instock","13":"sale","14":"featured","15":"purchasable","16":"product-type-simple"},"_links":{"self":[{"href":"https:\/\/edimeinter.com\/libreria\/wp-json\/wp\/v2\/product\/15562","targetHints":{"allow":["GET"]}}],"collection":[{"href":"https:\/\/edimeinter.com\/libreria\/wp-json\/wp\/v2\/product"}],"about":[{"href":"https:\/\/edimeinter.com\/libreria\/wp-json\/wp\/v2\/types\/product"}],"replies":[{"embeddable":true,"href":"https:\/\/edimeinter.com\/libreria\/wp-json\/wp\/v2\/comments?post=15562"}],"version-history":[{"count":5,"href":"https:\/\/edimeinter.com\/libreria\/wp-json\/wp\/v2\/product\/15562\/revisions"}],"predecessor-version":[{"id":16130,"href":"https:\/\/edimeinter.com\/libreria\/wp-json\/wp\/v2\/product\/15562\/revisions\/16130"}],"wp:featuredmedia":[{"embeddable":true,"href":"https:\/\/edimeinter.com\/libreria\/wp-json\/wp\/v2\/media\/15563"}],"wp:attachment":[{"href":"https:\/\/edimeinter.com\/libreria\/wp-json\/wp\/v2\/media?parent=15562"}],"wp:term":[{"taxonomy":"product_cat","embeddable":true,"href":"https:\/\/edimeinter.com\/libreria\/wp-json\/wp\/v2\/product_cat?post=15562"},{"taxonomy":"product_tag","embeddable":true,"href":"https:\/\/edimeinter.com\/libreria\/wp-json\/wp\/v2\/product_tag?post=15562"}],"curies":[{"name":"wp","href":"https:\/\/api.w.org\/{rel}","templated":true}]}}