{"id":15574,"date":"2025-03-05T17:48:11","date_gmt":"2025-03-05T17:48:11","guid":{"rendered":"https:\/\/edimeinter.com\/libreria\/?post_type=product&#038;p=15574"},"modified":"2025-03-28T20:04:12","modified_gmt":"2025-03-28T20:04:12","slug":"investigacion-en-enfermeria-desarrollo-de-la-practica-enfermera-basada-en-la-evidencia-7a-edicion","status":"publish","type":"product","link":"https:\/\/edimeinter.com\/libreria\/product\/investigacion-en-enfermeria-desarrollo-de-la-practica-enfermera-basada-en-la-evidencia-7a-edicion\/","title":{"rendered":"Investigaci\u00f3n en enfermer\u00eda: Desarrollo de la pr\u00e1ctica enfermera basada en la evidencia. 7\u00aa Edici\u00f3n"},"content":{"rendered":"\t\t<div data-elementor-type=\"wp-post\" data-elementor-id=\"15574\" class=\"elementor elementor-15574\">\n\t\t\t\t<div class=\"elementor-element elementor-element-2612b12 e-flex e-con-boxed e-con e-parent\" data-id=\"2612b12\" data-element_type=\"container\" data-e-type=\"container\">\n\t\t\t\t\t<div class=\"e-con-inner\">\n\t\t\n\t\t<div class=\"elementor-element elementor-element-498707ae elementor-widget elementor-widget-text-editor\" data-id=\"498707ae\" data-element_type=\"widget\" data-e-type=\"widget\" data-widget_type=\"text-editor.default\">\n\t\t\t\t<div class=\"elementor-widget-container\">\n\t\t\t\t\t\t\t\t\t<p>Texto consolidado tras siete ediciones que ofrece una visi\u00f3n \u00fanica, \u00fatil y cr\u00edtica de la investigaci\u00f3n publicada para la pr\u00e1ctica basada en la evidencia.<\/p><p>Escrita por las expertas en el \u00e1rea de la investigaci\u00f3n en enfermer\u00eda Susan y Jennifer R. Gray, esta obra ofrece las claves para comprender y evaluar la investigaci\u00f3n publicada, y aplicarla a la pr\u00e1ctica asistencial.<\/p><p>Presenta un\u00a0equilibrio entre las metodolog\u00edas de investigaci\u00f3n cualitativa y cuantitativa e incluye una introducci\u00f3n a la investigaci\u00f3n de m\u00e9todos mixtos y de resultados.<\/p><p>Su redacci\u00f3n es clara y concisa a lo largo de los cap\u00edtulos para facilitar el aprendizaje a los estudiantes e incorpora referencias bibliogr\u00e1ficas electr\u00f3nicas y sitios web que dirigen a una extensa informaci\u00f3n sobre lectura, valoraci\u00f3n cr\u00edtica y uso de conocimientos de investigaci\u00f3n en la pr\u00e1ctica.<\/p>\t\t\t\t\t\t\t\t<\/div>\n\t\t\t\t<\/div>\n\t\t\t\t\t<\/div>\n\t\t\t\t<\/div>\n\t\t\t\t<\/div>\n\t\t","protected":false},"excerpt":{"rendered":"<p><strong>Autores:<\/strong>\u00a0Susan K. Grove, PhD, RN, ANP-BC, GNP-BC and Jennifer R. Gray, PhD, RN, FAAN<br \/>\n<strong>ISBN:<\/strong>\u00a09788491135111<br \/>\n<strong>Editorial:<\/strong>\u00a0Elsevier<br \/>\n<strong>Edici\u00f3n:<\/strong>\u00a07\u00aa<br \/>\n<strong>Especialidad<\/strong>: Enfermer\u00eda<br \/>\n<strong>P\u00e1ginas<\/strong>: 520<br \/>\n\u00a9 2019<\/p>\n","protected":false},"featured_media":15575,"comment_status":"open","ping_status":"open","template":"","meta":{"_joinchat":[]},"product_cat":[115],"product_tag":[85,82],"class_list":{"0":"post-15574","1":"product","2":"type-product","3":"status-publish","4":"has-post-thumbnail","6":"product_cat-enfermeria","7":"product_tag-elsevier","8":"product_tag-enfermeria","10":"first","11":"outofstock","12":"featured","13":"purchasable","14":"product-type-simple"},"_links":{"self":[{"href":"https:\/\/edimeinter.com\/libreria\/wp-json\/wp\/v2\/product\/15574","targetHints":{"allow":["GET"]}}],"collection":[{"href":"https:\/\/edimeinter.com\/libreria\/wp-json\/wp\/v2\/product"}],"about":[{"href":"https:\/\/edimeinter.com\/libreria\/wp-json\/wp\/v2\/types\/product"}],"replies":[{"embeddable":true,"href":"https:\/\/edimeinter.com\/libreria\/wp-json\/wp\/v2\/comments?post=15574"}],"version-history":[{"count":5,"href":"https:\/\/edimeinter.com\/libreria\/wp-json\/wp\/v2\/product\/15574\/revisions"}],"predecessor-version":[{"id":16135,"href":"https:\/\/edimeinter.com\/libreria\/wp-json\/wp\/v2\/product\/15574\/revisions\/16135"}],"wp:featuredmedia":[{"embeddable":true,"href":"https:\/\/edimeinter.com\/libreria\/wp-json\/wp\/v2\/media\/15575"}],"wp:attachment":[{"href":"https:\/\/edimeinter.com\/libreria\/wp-json\/wp\/v2\/media?parent=15574"}],"wp:term":[{"taxonomy":"product_cat","embeddable":true,"href":"https:\/\/edimeinter.com\/libreria\/wp-json\/wp\/v2\/product_cat?post=15574"},{"taxonomy":"product_tag","embeddable":true,"href":"https:\/\/edimeinter.com\/libreria\/wp-json\/wp\/v2\/product_tag?post=15574"}],"curies":[{"name":"wp","href":"https:\/\/api.w.org\/{rel}","templated":true}]}}