{"id":15587,"date":"2025-03-05T17:56:43","date_gmt":"2025-03-05T17:56:43","guid":{"rendered":"https:\/\/edimeinter.com\/libreria\/?post_type=product&#038;p=15587"},"modified":"2026-03-25T18:32:59","modified_gmt":"2026-03-25T18:32:59","slug":"lo-esencial-en-metabolismo-y-nutricion-curso-crash-5a-edicion","status":"publish","type":"product","link":"https:\/\/edimeinter.com\/libreria\/product\/lo-esencial-en-metabolismo-y-nutricion-curso-crash-5a-edicion\/","title":{"rendered":"Lo esencial en Metabolismo y nutrici\u00f3n: Curso Crash. 5\u00aa Edici\u00f3n"},"content":{"rendered":"\t\t<div data-elementor-type=\"wp-post\" data-elementor-id=\"15587\" class=\"elementor elementor-15587\">\n\t\t\t\t<div class=\"elementor-element elementor-element-2612b12 e-flex e-con-boxed e-con e-parent\" data-id=\"2612b12\" data-element_type=\"container\" data-e-type=\"container\">\n\t\t\t\t\t<div class=\"e-con-inner\">\n\t\t\n\t\t<div class=\"elementor-element elementor-element-498707ae elementor-widget elementor-widget-text-editor\" data-id=\"498707ae\" data-element_type=\"widget\" data-e-type=\"widget\" data-widget_type=\"text-editor.default\">\n\t\t\t\t<div class=\"elementor-widget-container\">\n\t\t\t\t\t\t\t\t\t<p>Los cursos Crash son el compa\u00f1ero de estudio ideal y el ant\u00eddoto perfecto contra el estr\u00e9s de los ex\u00e1menes. Ahorra tiempo y asegura tener en un mismo lugar toda la informaci\u00f3n necesaria para sobresalir en el curso y superar con \u00e9xito los ex\u00e1menes.<\/p><p>La serie est\u00e1 escrita por estudiantes de \u00faltimos cursos y reci\u00e9n licenciados que acaban de superar sus ex\u00e1menes, y toda la informaci\u00f3n ha sido cuidadosamente revisada por profesores universitarios.<\/p><p>Los cuadros destacados a lo largo del texto ofrecen los apuntes, las sugerencias y los puntos clave esenciales. Se incluye una secci\u00f3n de autoevaluaci\u00f3n revisada y que se corresponde con los \u00faltimos formatos de ex\u00e1menes para comprobar los\u00a0conocimientos del alumno y ayudar en la preparaci\u00f3n de ex\u00e1menes.<\/p><p>La serie se ha mejorado para satisfacer las necesidades de los estudiantes de Medicina actuales y las de los estudiantes y profesionales de otras disciplinas sanitarias que requieran un acceso r\u00e1pido a los aspectos esenciales del metabolismo y la nutrici\u00f3n.<\/p>\t\t\t\t\t\t\t\t<\/div>\n\t\t\t\t<\/div>\n\t\t\t\t\t<\/div>\n\t\t\t\t<\/div>\n\t\t\t\t<\/div>\n\t\t","protected":false},"excerpt":{"rendered":"<p><strong>Autores:<\/strong>\u00a0Olivia Vanbergen, MA (Oxon), MSc, MBBS (Distinction) and Gareth Wintle<br \/>\n<strong>ISBN:<\/strong>\u00a09788491135371<br \/>\n<strong>Editorial:<\/strong>\u00a0Elsevier<br \/>\n<strong>Edici\u00f3n:<\/strong>\u00a05\u00aa<br \/>\n<strong>Especialidad<\/strong>: Nutrici\u00f3n y Dietoterapia<br \/>\n<strong>P\u00e1ginas<\/strong>: 280<br \/>\n\u00a9 2019<\/p>\n","protected":false},"featured_media":15588,"comment_status":"open","ping_status":"closed","template":"","meta":{"_joinchat":[]},"product_cat":[106],"product_tag":[85,107],"class_list":{"0":"post-15587","1":"product","2":"type-product","3":"status-publish","4":"has-post-thumbnail","6":"product_cat-nutricion-y-dietoterapia","7":"product_tag-elsevier","8":"product_tag-nutricion-y-dietoterapia","10":"first","11":"outofstock","12":"featured","13":"purchasable","14":"product-type-simple"},"_links":{"self":[{"href":"https:\/\/edimeinter.com\/libreria\/wp-json\/wp\/v2\/product\/15587","targetHints":{"allow":["GET"]}}],"collection":[{"href":"https:\/\/edimeinter.com\/libreria\/wp-json\/wp\/v2\/product"}],"about":[{"href":"https:\/\/edimeinter.com\/libreria\/wp-json\/wp\/v2\/types\/product"}],"replies":[{"embeddable":true,"href":"https:\/\/edimeinter.com\/libreria\/wp-json\/wp\/v2\/comments?post=15587"}],"version-history":[{"count":5,"href":"https:\/\/edimeinter.com\/libreria\/wp-json\/wp\/v2\/product\/15587\/revisions"}],"predecessor-version":[{"id":16136,"href":"https:\/\/edimeinter.com\/libreria\/wp-json\/wp\/v2\/product\/15587\/revisions\/16136"}],"wp:featuredmedia":[{"embeddable":true,"href":"https:\/\/edimeinter.com\/libreria\/wp-json\/wp\/v2\/media\/15588"}],"wp:attachment":[{"href":"https:\/\/edimeinter.com\/libreria\/wp-json\/wp\/v2\/media?parent=15587"}],"wp:term":[{"taxonomy":"product_cat","embeddable":true,"href":"https:\/\/edimeinter.com\/libreria\/wp-json\/wp\/v2\/product_cat?post=15587"},{"taxonomy":"product_tag","embeddable":true,"href":"https:\/\/edimeinter.com\/libreria\/wp-json\/wp\/v2\/product_tag?post=15587"}],"curies":[{"name":"wp","href":"https:\/\/api.w.org\/{rel}","templated":true}]}}