{"id":15593,"date":"2025-03-05T18:01:07","date_gmt":"2025-03-05T18:01:07","guid":{"rendered":"https:\/\/edimeinter.com\/libreria\/?post_type=product&#038;p=15593"},"modified":"2025-03-28T20:03:47","modified_gmt":"2025-03-28T20:03:47","slug":"principios-de-bioquimica-clinica-y-patologia-molecular-3a-edicion","status":"publish","type":"product","link":"https:\/\/edimeinter.com\/libreria\/product\/principios-de-bioquimica-clinica-y-patologia-molecular-3a-edicion\/","title":{"rendered":"Principios de bioqu\u00edmica cl\u00ednica y patolog\u00eda molecular. 3\u00aa Edici\u00f3n"},"content":{"rendered":"\t\t<div data-elementor-type=\"wp-post\" data-elementor-id=\"15593\" class=\"elementor elementor-15593\">\n\t\t\t\t<div class=\"elementor-element elementor-element-2612b12 e-flex e-con-boxed e-con e-parent\" data-id=\"2612b12\" data-element_type=\"container\" data-e-type=\"container\">\n\t\t\t\t\t<div class=\"e-con-inner\">\n\t\t\n\t\t<div class=\"elementor-element elementor-element-498707ae elementor-widget elementor-widget-text-editor\" data-id=\"498707ae\" data-element_type=\"widget\" data-e-type=\"widget\" data-widget_type=\"text-editor.default\">\n\t\t\t\t<div class=\"elementor-widget-container\">\n\t\t\t\t\t\t\t\t\t<p>Obra de referencia en el campo de la bioqu\u00edmica cl\u00ednica que edici\u00f3n tras edici\u00f3n se convierte en una herramienta ideal para la toma de decisiones cl\u00ednicas.<\/p><p>Abarca desde los conceptos preanal\u00edticos y metodol\u00f3gicos, de interpretaci\u00f3n de pruebas, y de calidad y gesti\u00f3n, hasta la aplicaci\u00f3n de las magnitudes bioqu\u00edmicas en el estudio de las alteraciones de \u00f3rganos y sistemas.<\/p><p>Se mantiene la estructura general de las dos ediciones anteriores, aunque con diversas modificaciones; se ha incluido un cap\u00edtulo dedicado en exclusiva a la Biolog\u00eda Molecular y se describe la utilidad del an\u00e1lisis de ADN circulante en diversos contextos cl\u00ednicos. Tambi\u00e9n se han incorporado nuevos cap\u00edtulos dedicados al an\u00e1lisis farmacocin\u00e9tico, evaluaci\u00f3n y comparaci\u00f3n de m\u00e9todos y an\u00e1lisis de cabecera del paciente. Por otra parte, con el fin de mantener la extensi\u00f3n del libro, se han fusionado algunos cap\u00edtulos dedicados a la patolog\u00eda molecular.<\/p><p>Nuevas preguntas de\u00a0autoevaluaci\u00f3n y casos cl\u00ednicos, y cuatro cap\u00edtulos adicionales acerca de metodolog\u00eda anal\u00edtica, incluyendo un cap\u00edtulo de t\u00e9cnicas de biolog\u00eda molecular.<\/p>\t\t\t\t\t\t\t\t<\/div>\n\t\t\t\t<\/div>\n\t\t\t\t\t<\/div>\n\t\t\t\t<\/div>\n\t\t\t\t<\/div>\n\t\t","protected":false},"excerpt":{"rendered":"<p><strong>Autores:<\/strong>\u00a0\u00c1lvaro Gonz\u00e1lez Hern\u00e1ndez<br \/>\n<strong>ISBN:<\/strong>\u00a09788491133896<br \/>\n<strong>Editorial:<\/strong>\u00a0Elsevier<br \/>\n<strong>Edici\u00f3n:<\/strong>\u00a03\u00aa<br \/>\n<strong>Especialidad<\/strong>: Bioqu\u00edmica<br \/>\n<strong>P\u00e1ginas<\/strong>: 432<br \/>\n\u00a9 2019<\/p>\n","protected":false},"featured_media":15594,"comment_status":"open","ping_status":"open","template":"","meta":{"_joinchat":[]},"product_cat":[90],"product_tag":[91,85],"class_list":{"0":"post-15593","1":"product","2":"type-product","3":"status-publish","4":"has-post-thumbnail","6":"product_cat-bioquimica","7":"product_tag-bioquimica","8":"product_tag-elsevier","10":"first","11":"instock","12":"featured","13":"purchasable","14":"product-type-simple"},"_links":{"self":[{"href":"https:\/\/edimeinter.com\/libreria\/wp-json\/wp\/v2\/product\/15593","targetHints":{"allow":["GET"]}}],"collection":[{"href":"https:\/\/edimeinter.com\/libreria\/wp-json\/wp\/v2\/product"}],"about":[{"href":"https:\/\/edimeinter.com\/libreria\/wp-json\/wp\/v2\/types\/product"}],"replies":[{"embeddable":true,"href":"https:\/\/edimeinter.com\/libreria\/wp-json\/wp\/v2\/comments?post=15593"}],"version-history":[{"count":4,"href":"https:\/\/edimeinter.com\/libreria\/wp-json\/wp\/v2\/product\/15593\/revisions"}],"predecessor-version":[{"id":15599,"href":"https:\/\/edimeinter.com\/libreria\/wp-json\/wp\/v2\/product\/15593\/revisions\/15599"}],"wp:featuredmedia":[{"embeddable":true,"href":"https:\/\/edimeinter.com\/libreria\/wp-json\/wp\/v2\/media\/15594"}],"wp:attachment":[{"href":"https:\/\/edimeinter.com\/libreria\/wp-json\/wp\/v2\/media?parent=15593"}],"wp:term":[{"taxonomy":"product_cat","embeddable":true,"href":"https:\/\/edimeinter.com\/libreria\/wp-json\/wp\/v2\/product_cat?post=15593"},{"taxonomy":"product_tag","embeddable":true,"href":"https:\/\/edimeinter.com\/libreria\/wp-json\/wp\/v2\/product_tag?post=15593"}],"curies":[{"name":"wp","href":"https:\/\/api.w.org\/{rel}","templated":true}]}}