{"id":15603,"date":"2025-03-05T18:47:06","date_gmt":"2025-03-05T18:47:06","guid":{"rendered":"https:\/\/edimeinter.com\/libreria\/?post_type=product&#038;p=15603"},"modified":"2025-03-28T20:03:39","modified_gmt":"2025-03-28T20:03:39","slug":"embriologia-humana-y-biologia-del-desarrollo-2a-edicion","status":"publish","type":"product","link":"https:\/\/edimeinter.com\/libreria\/product\/embriologia-humana-y-biologia-del-desarrollo-2a-edicion\/","title":{"rendered":"Embriolog\u00eda Humana y Biolog\u00eda del Desarrollo. 2\u00aa Edici\u00f3n"},"content":{"rendered":"\t\t<div data-elementor-type=\"wp-post\" data-elementor-id=\"15603\" class=\"elementor elementor-15603\">\n\t\t\t\t<div class=\"elementor-element elementor-element-2612b12 e-flex e-con-boxed e-con e-parent\" data-id=\"2612b12\" data-element_type=\"container\" data-e-type=\"container\">\n\t\t\t\t\t<div class=\"e-con-inner\">\n\t\t\n\t\t<div class=\"elementor-element elementor-element-498707ae elementor-widget elementor-widget-text-editor\" data-id=\"498707ae\" data-element_type=\"widget\" data-e-type=\"widget\" data-widget_type=\"text-editor.default\">\n\t\t\t\t<div class=\"elementor-widget-container\">\n\t\t\t\t\t\t\t\t\t<p>La segunda edici\u00f3n de Embriolog\u00eda Humana y Biolog\u00eda del Desarrollo es una obra dirigida no s\u00f3lo a los estudiantes de medicina sino tambi\u00e9n de muchas otras disciplinas afines, entre ellas: odontolog\u00eda, biolog\u00eda, enfermer\u00eda y antropolog\u00eda; as\u00ed mismo, a los profesionales que necesitan refrescar o consultar los avances alcanzados en este apasionante campo de la ciencia.<\/p><p>Para el estudiante de grado, este libro cubre los objetivos que se\u00f1alan los planes de estudio que incluyen a la Embriolog\u00eda en su curr\u00edculo nuclear, en las diferentes escuelas y facultades de las distintas universidades de M\u00e9xico y de cualquier otro pa\u00eds de habla hispana.<\/p><p>-La secci\u00f3n 1 comprende los temas de la embriolog\u00eda general, comenzando con los conceptos b\u00e1sicos del desarrollo y terminando con los errores de la morfog\u00e9nesis y el diagn\u00f3stico prenatal.<\/p><p>-En la secci\u00f3n 2 se revisa la organog\u00e9nesis de todos los sistemas org\u00e1nicos y cavidades de nuestro cuerpo, terminando con un nuevo cap\u00edtulo acerca de la fisiolog\u00eda materno-fetal y del crucial momento del nacimiento.<\/p><p>-El libro est\u00e1 profusamente ilustrado con m\u00e1s de 900 esquemas y fotograf\u00edas en color de embriones, fetos y pacientes, que muestran las caracter\u00edsticas de las estructuras en las diferentes etapas del desarrollo normal y en diversas situaciones patol\u00f3gicas.<\/p><p>-Cada cap\u00edtulo tiene perfectamente se\u00f1alados los objetivos que se pretenden cubrir y los subcap\u00edtulos que contempla, lo que permite al lector la f\u00e1cil ubicaci\u00f3n de los temas espec\u00edficos que quiere consultar.<\/p><p>-Se incluyen breves casos cl\u00ednicos de problemas relacionados con el tema y que refuerzan de manera significativa los conceptos te\u00f3ricos desarrollados.<\/p><p>-Finalmente la obra va acompa\u00f1ada de un sitio web complementario en el que se presentan las respuestas comentadas de las pruebas de autoevaluaci\u00f3n y de los casos cl\u00ednicos, as\u00ed como ejercicios cl\u00ednicos adicionales.<\/p>\t\t\t\t\t\t\t\t<\/div>\n\t\t\t\t<\/div>\n\t\t\t\t\t<\/div>\n\t\t\t\t<\/div>\n\t\t\t\t<\/div>\n\t\t","protected":false},"excerpt":{"rendered":"<p><strong>Autores:<\/strong>\u00a0Sebasti\u00e1n Manuel Arteaga Mart\u00ednez,Mar\u00eda Isabel Garc\u00eda Pel\u00e1ez<br \/>\n<strong>ISBN:<\/strong>\u00a09786079736842<br \/>\n<strong>Editorial:<\/strong>\u00a0Panamericana<br \/>\n<strong>Edici\u00f3n:<\/strong>\u00a02\u00aa<br \/>\n<strong>Especialidad<\/strong>: Embriolog\u00eda<br \/>\n<strong>P\u00e1ginas:\u00a0<\/strong>592<br \/>\n\u00a9 2017<\/p>\n","protected":false},"featured_media":15604,"comment_status":"open","ping_status":"open","template":"","meta":{"_joinchat":[]},"product_cat":[216],"product_tag":[217,174,70],"class_list":{"0":"post-15603","1":"product","2":"type-product","3":"status-publish","4":"has-post-thumbnail","6":"product_cat-embriologia","7":"product_tag-embriologia","8":"product_tag-outlet","9":"product_tag-panamericana","11":"first","12":"instock","13":"sale","14":"featured","15":"purchasable","16":"product-type-simple"},"_links":{"self":[{"href":"https:\/\/edimeinter.com\/libreria\/wp-json\/wp\/v2\/product\/15603","targetHints":{"allow":["GET"]}}],"collection":[{"href":"https:\/\/edimeinter.com\/libreria\/wp-json\/wp\/v2\/product"}],"about":[{"href":"https:\/\/edimeinter.com\/libreria\/wp-json\/wp\/v2\/types\/product"}],"replies":[{"embeddable":true,"href":"https:\/\/edimeinter.com\/libreria\/wp-json\/wp\/v2\/comments?post=15603"}],"version-history":[{"count":5,"href":"https:\/\/edimeinter.com\/libreria\/wp-json\/wp\/v2\/product\/15603\/revisions"}],"predecessor-version":[{"id":15625,"href":"https:\/\/edimeinter.com\/libreria\/wp-json\/wp\/v2\/product\/15603\/revisions\/15625"}],"wp:featuredmedia":[{"embeddable":true,"href":"https:\/\/edimeinter.com\/libreria\/wp-json\/wp\/v2\/media\/15604"}],"wp:attachment":[{"href":"https:\/\/edimeinter.com\/libreria\/wp-json\/wp\/v2\/media?parent=15603"}],"wp:term":[{"taxonomy":"product_cat","embeddable":true,"href":"https:\/\/edimeinter.com\/libreria\/wp-json\/wp\/v2\/product_cat?post=15603"},{"taxonomy":"product_tag","embeddable":true,"href":"https:\/\/edimeinter.com\/libreria\/wp-json\/wp\/v2\/product_tag?post=15603"}],"curies":[{"name":"wp","href":"https:\/\/api.w.org\/{rel}","templated":true}]}}