{"id":15628,"date":"2025-03-05T19:09:31","date_gmt":"2025-03-05T19:09:31","guid":{"rendered":"https:\/\/edimeinter.com\/libreria\/?post_type=product&#038;p=15628"},"modified":"2025-03-28T20:03:31","modified_gmt":"2025-03-28T20:03:31","slug":"afecciones-medicoquirurgicas-para-fisioterapeutas-sistema-musculoesqueletico-iii-1a-edicion","status":"publish","type":"product","link":"https:\/\/edimeinter.com\/libreria\/product\/afecciones-medicoquirurgicas-para-fisioterapeutas-sistema-musculoesqueletico-iii-1a-edicion\/","title":{"rendered":"Afecciones Medicoquir\u00fargicas para Fisioterapeutas (Sistema musculoesquel\u00e9tico \u2013 III). 1\u00aa Edici\u00f3n"},"content":{"rendered":"\t\t<div data-elementor-type=\"wp-post\" data-elementor-id=\"15628\" class=\"elementor elementor-15628\">\n\t\t\t\t<div class=\"elementor-element elementor-element-2612b12 e-flex e-con-boxed e-con e-parent\" data-id=\"2612b12\" data-element_type=\"container\" data-e-type=\"container\">\n\t\t\t\t\t<div class=\"e-con-inner\">\n\t\t\n\t\t<div class=\"elementor-element elementor-element-498707ae elementor-widget elementor-widget-text-editor\" data-id=\"498707ae\" data-element_type=\"widget\" data-e-type=\"widget\" data-widget_type=\"text-editor.default\">\n\t\t\t\t<div class=\"elementor-widget-container\">\n\t\t\t\t\t\t\t\t\t<p>En este tercer volumen titulado Afecciones M\u00e9dicoquir\u00fargicas para fisioterapeutas, hemos contemplado los procedimientos m\u00e1s relevantes del tratamiento tanto m\u00e9dico como quir\u00fargico de los traumatismos y enfermedades del sistema musculoesquel\u00e9tico. Todo ello, desde la praxis cl\u00ednico-asistencial, ahondando en los distintos programas de prevenci\u00f3n y tratamiento. Consta de 50 cap\u00edtulos con abundantes ilustraciones y excelentes materiales complementarios en formato multimedia.<\/p>\t\t\t\t\t\t\t\t<\/div>\n\t\t\t\t<\/div>\n\t\t\t\t\t<\/div>\n\t\t\t\t<\/div>\n\t\t\t\t<\/div>\n\t\t","protected":false},"excerpt":{"rendered":"<div>\n<p><strong>Autores:<\/strong>\u00a0Jes\u00fas Seco Calvo<br \/>\n<strong>ISBN:<\/strong>\u00a09788498359459<br \/>\n<strong>Editorial:<\/strong>\u00a0Panamericana<br \/>\n<strong>Edici\u00f3n:<\/strong>\u00a01\u00aa<br \/>\n<strong>Especialidad<\/strong>: Fisioterapia<br \/>\n<strong>P\u00e1ginas:\u00a0<\/strong>692<br \/>\n\u00a9 2017<\/p>\n<\/div>\n","protected":false},"featured_media":15629,"comment_status":"open","ping_status":"open","template":"","meta":{"_joinchat":[]},"product_cat":[111],"product_tag":[112,70],"class_list":{"0":"post-15628","1":"product","2":"type-product","3":"status-publish","4":"has-post-thumbnail","6":"product_cat-fisioterapia","7":"product_tag-fisioterapia","8":"product_tag-panamericana","10":"first","11":"instock","12":"featured","13":"purchasable","14":"product-type-simple"},"_links":{"self":[{"href":"https:\/\/edimeinter.com\/libreria\/wp-json\/wp\/v2\/product\/15628","targetHints":{"allow":["GET"]}}],"collection":[{"href":"https:\/\/edimeinter.com\/libreria\/wp-json\/wp\/v2\/product"}],"about":[{"href":"https:\/\/edimeinter.com\/libreria\/wp-json\/wp\/v2\/types\/product"}],"replies":[{"embeddable":true,"href":"https:\/\/edimeinter.com\/libreria\/wp-json\/wp\/v2\/comments?post=15628"}],"version-history":[{"count":4,"href":"https:\/\/edimeinter.com\/libreria\/wp-json\/wp\/v2\/product\/15628\/revisions"}],"predecessor-version":[{"id":15636,"href":"https:\/\/edimeinter.com\/libreria\/wp-json\/wp\/v2\/product\/15628\/revisions\/15636"}],"wp:featuredmedia":[{"embeddable":true,"href":"https:\/\/edimeinter.com\/libreria\/wp-json\/wp\/v2\/media\/15629"}],"wp:attachment":[{"href":"https:\/\/edimeinter.com\/libreria\/wp-json\/wp\/v2\/media?parent=15628"}],"wp:term":[{"taxonomy":"product_cat","embeddable":true,"href":"https:\/\/edimeinter.com\/libreria\/wp-json\/wp\/v2\/product_cat?post=15628"},{"taxonomy":"product_tag","embeddable":true,"href":"https:\/\/edimeinter.com\/libreria\/wp-json\/wp\/v2\/product_tag?post=15628"}],"curies":[{"name":"wp","href":"https:\/\/api.w.org\/{rel}","templated":true}]}}