{"id":15637,"date":"2025-03-05T19:16:04","date_gmt":"2025-03-05T19:16:04","guid":{"rendered":"https:\/\/edimeinter.com\/libreria\/?post_type=product&#038;p=15637"},"modified":"2025-03-28T20:03:22","modified_gmt":"2025-03-28T20:03:22","slug":"via-aerea-manejo-y-control-integral-comite-de-via-aerea-e-interfaces-de-la-sociedad-argentina-de-terapia-intensiva-2a-edicion","status":"publish","type":"product","link":"https:\/\/edimeinter.com\/libreria\/product\/via-aerea-manejo-y-control-integral-comite-de-via-aerea-e-interfaces-de-la-sociedad-argentina-de-terapia-intensiva-2a-edicion\/","title":{"rendered":"V\u00eda a\u00e9rea Manejo y control integral. Comit\u00e9 de V\u00eda A\u00e9rea e Interfaces de la Sociedad Argentina de Terapia Intensiva. 2\u00aa Edici\u00f3n"},"content":{"rendered":"\t\t<div data-elementor-type=\"wp-post\" data-elementor-id=\"15637\" class=\"elementor elementor-15637\">\n\t\t\t\t<div class=\"elementor-element elementor-element-2612b12 e-flex e-con-boxed e-con e-parent\" data-id=\"2612b12\" data-element_type=\"container\" data-e-type=\"container\">\n\t\t\t\t\t<div class=\"e-con-inner\">\n\t\t\n\t\t<div class=\"elementor-element elementor-element-498707ae elementor-widget elementor-widget-text-editor\" data-id=\"498707ae\" data-element_type=\"widget\" data-e-type=\"widget\" data-widget_type=\"text-editor.default\">\n\t\t\t\t<div class=\"elementor-widget-container\">\n\t\t\t\t\t\t\t\t\t<p>El manejo adecuado de la v\u00eda a\u00e9rea para mantenerla permeable y protegida es el paso inicial e inevitable frente a un paciente cuya vida corre peligro. Se constituye, en s\u00ed misma, en una de las destrezas prioritarias de manejo m\u00e1s certero e inmediato, imperativa a la hora de preservar la vida y la funci\u00f3n de los pacientes. Diversas especialidades han enfocado el tema, con los matices propios de cada una. No obstante, pensamos que para su abordaje en terapia intensiva hac\u00eda falta un manual con una visi\u00f3n distinta de la conocida hasta el momento, proveniente, en su mayor\u00eda, del campo de la anestesiolog\u00eda.<\/p><p>Durante varios a\u00f1os el Comit\u00e9 de V\u00eda A\u00e9rea e Interfaces de la Sociedad Argentina de Terapia Intensiva llev\u00f3 a cabo un taller te\u00f3ricopr\u00e1ctico de manejo integral de la v\u00eda a\u00e9rea, donde tuvo oportunidad de acumular experiencia sobre el conocimiento real de los especialistas y verificar, en la pr\u00e1ctica, las falencias que deb\u00edan afrontar. As\u00ed, se pens\u00f3 y public\u00f3 el primer manual, que abarcaba una tem\u00e1tica avanzada sobre el manejo y el control integral de la v\u00eda a\u00e9rea, en un contexto ya no planificado y electivo sino, y con especial hincapi\u00e9, en las situaciones de emergencia cotidiana.<\/p><p>El manual se agot\u00f3 con \u00edmpetu y celeridad, lo que demostr\u00f3 cu\u00e1n acertado estaba el pensamiento del Comit\u00e9; por lo tanto, se convoc\u00f3 nuevamente a sus integrantes para confeccionar, siguiendo la misma modalidad, un nuevo manual, actualizado y ampliado con respecto al anterior.<\/p>\t\t\t\t\t\t\t\t<\/div>\n\t\t\t\t<\/div>\n\t\t\t\t\t<\/div>\n\t\t\t\t<\/div>\n\t\t\t\t<\/div>\n\t\t","protected":false},"excerpt":{"rendered":"<p><strong>Autores:<\/strong>\u00a0SATI (Sociedad Argentina de Terapia Intensiva)<br \/>\n<strong>ISBN:<\/strong>\u00a09789500694964<br \/>\n<strong>Editorial:<\/strong>\u00a0Panamericana<br \/>\n<strong>Edici\u00f3n:<\/strong>\u00a02\u00aa<br \/>\n<strong>Especialidad<\/strong>: Cuidados Intensivos<br \/>\n<strong>P\u00e1ginas:\u00a0<\/strong>488<br \/>\n\u00a9 2017<\/p>\n","protected":false},"featured_media":15641,"comment_status":"open","ping_status":"open","template":"","meta":{"_joinchat":[]},"product_cat":[179],"product_tag":[180,70],"class_list":{"0":"post-15637","1":"product","2":"type-product","3":"status-publish","4":"has-post-thumbnail","6":"product_cat-cuidados-intensivos","7":"product_tag-cuidados-intensivos","8":"product_tag-panamericana","10":"first","11":"instock","12":"featured","13":"purchasable","14":"product-type-simple"},"_links":{"self":[{"href":"https:\/\/edimeinter.com\/libreria\/wp-json\/wp\/v2\/product\/15637","targetHints":{"allow":["GET"]}}],"collection":[{"href":"https:\/\/edimeinter.com\/libreria\/wp-json\/wp\/v2\/product"}],"about":[{"href":"https:\/\/edimeinter.com\/libreria\/wp-json\/wp\/v2\/types\/product"}],"replies":[{"embeddable":true,"href":"https:\/\/edimeinter.com\/libreria\/wp-json\/wp\/v2\/comments?post=15637"}],"version-history":[{"count":4,"href":"https:\/\/edimeinter.com\/libreria\/wp-json\/wp\/v2\/product\/15637\/revisions"}],"predecessor-version":[{"id":15646,"href":"https:\/\/edimeinter.com\/libreria\/wp-json\/wp\/v2\/product\/15637\/revisions\/15646"}],"wp:featuredmedia":[{"embeddable":true,"href":"https:\/\/edimeinter.com\/libreria\/wp-json\/wp\/v2\/media\/15641"}],"wp:attachment":[{"href":"https:\/\/edimeinter.com\/libreria\/wp-json\/wp\/v2\/media?parent=15637"}],"wp:term":[{"taxonomy":"product_cat","embeddable":true,"href":"https:\/\/edimeinter.com\/libreria\/wp-json\/wp\/v2\/product_cat?post=15637"},{"taxonomy":"product_tag","embeddable":true,"href":"https:\/\/edimeinter.com\/libreria\/wp-json\/wp\/v2\/product_tag?post=15637"}],"curies":[{"name":"wp","href":"https:\/\/api.w.org\/{rel}","templated":true}]}}