{"id":15648,"date":"2025-03-05T19:22:27","date_gmt":"2025-03-05T19:22:27","guid":{"rendered":"https:\/\/edimeinter.com\/libreria\/?post_type=product&#038;p=15648"},"modified":"2025-12-08T16:14:06","modified_gmt":"2025-12-08T16:14:06","slug":"manual-de-palpacion-osea-y-muscular-con-puntos-gatillo-patrones-de-referencia-y-estiramientos-2a-edicion","status":"publish","type":"product","link":"https:\/\/edimeinter.com\/libreria\/product\/manual-de-palpacion-osea-y-muscular-con-puntos-gatillo-patrones-de-referencia-y-estiramientos-2a-edicion\/","title":{"rendered":"Manual de Palpaci\u00f3n \u00d3sea y Muscular Con puntos gatillo, patrones de referencia y estiramientos. 2\u00aa Edici\u00f3n"},"content":{"rendered":"\t\t<div data-elementor-type=\"wp-post\" data-elementor-id=\"15648\" class=\"elementor elementor-15648\">\n\t\t\t\t<div class=\"elementor-element elementor-element-2612b12 e-flex e-con-boxed e-con e-parent\" data-id=\"2612b12\" data-element_type=\"container\" data-e-type=\"container\">\n\t\t\t\t\t<div class=\"e-con-inner\">\n\t\t\n\t\t<div class=\"elementor-element elementor-element-498707ae elementor-widget elementor-widget-text-editor\" data-id=\"498707ae\" data-element_type=\"widget\" data-e-type=\"widget\" data-widget_type=\"text-editor.default\">\n\t\t\t\t<div class=\"elementor-widget-container\">\n\t\t\t\t\t\t\t\t\t<div class=\"accordionContent pulir\"><p>El Manual de Palpaci\u00f3n \u00d3sea y Muscular de Muscolino proporciona, de una forma muy detallada y precisa, los m\u00e9todos de palpaci\u00f3n de m\u00fasculos y huesos, as\u00ed como de los puntos gatillo y sus patrones de irradiaci\u00f3n del dolor, estiramiento y tratamiento de m\u00fasculos espec\u00edficos.<\/p><p>Todo ello asociado con ilustraciones de gran claridad, algunas de ellas basadas en fotograf\u00edas a todo color que ofrecen una mejor sensaci\u00f3n de la forma precisa en la que se ven los m\u00fasculos y el sitio en el que se encuentran bajo la piel durante la palpaci\u00f3n.<\/p><\/div><div class=\"accordionContent pulir\">\u00a0<\/div><div class=\"accordionContent pulir\">Adem\u00e1s, este manual facilita la comprensi\u00f3n y captaci\u00f3n, en lugar de la memorizaci\u00f3n, de los contenidos gracias al an\u00e1lisis claro, simple y progresivo que hace de la palpaci\u00f3n muscular.<\/div>\t\t\t\t\t\t\t\t<\/div>\n\t\t\t\t<\/div>\n\t\t\t\t\t<\/div>\n\t\t\t\t<\/div>\n\t\t\t\t<\/div>\n\t\t","protected":false},"excerpt":{"rendered":"<p><strong>Autores:<\/strong>\u00a0Joseph E. Muscolino<br \/>\n<strong>ISBN:<\/strong>\u00a09788498353655<br \/>\n<strong>Editorial:<\/strong>\u00a0Panamericana<br \/>\n<strong>Edici\u00f3n:<\/strong>\u00a02\u00aa<br \/>\n<strong>Especialidad<\/strong>: Fisioterapia<br \/>\n<strong>P\u00e1ginas:\u00a0<\/strong>566<br \/>\n\u00a9 2017<\/p>\n","protected":false},"featured_media":15649,"comment_status":"open","ping_status":"closed","template":"","meta":{"_joinchat":[]},"product_cat":[111],"product_tag":[112,70],"class_list":{"0":"post-15648","1":"product","2":"type-product","3":"status-publish","4":"has-post-thumbnail","6":"product_cat-fisioterapia","7":"product_tag-fisioterapia","8":"product_tag-panamericana","10":"first","11":"instock","12":"featured","13":"purchasable","14":"product-type-simple"},"_links":{"self":[{"href":"https:\/\/edimeinter.com\/libreria\/wp-json\/wp\/v2\/product\/15648","targetHints":{"allow":["GET"]}}],"collection":[{"href":"https:\/\/edimeinter.com\/libreria\/wp-json\/wp\/v2\/product"}],"about":[{"href":"https:\/\/edimeinter.com\/libreria\/wp-json\/wp\/v2\/types\/product"}],"replies":[{"embeddable":true,"href":"https:\/\/edimeinter.com\/libreria\/wp-json\/wp\/v2\/comments?post=15648"}],"version-history":[{"count":5,"href":"https:\/\/edimeinter.com\/libreria\/wp-json\/wp\/v2\/product\/15648\/revisions"}],"predecessor-version":[{"id":16253,"href":"https:\/\/edimeinter.com\/libreria\/wp-json\/wp\/v2\/product\/15648\/revisions\/16253"}],"wp:featuredmedia":[{"embeddable":true,"href":"https:\/\/edimeinter.com\/libreria\/wp-json\/wp\/v2\/media\/15649"}],"wp:attachment":[{"href":"https:\/\/edimeinter.com\/libreria\/wp-json\/wp\/v2\/media?parent=15648"}],"wp:term":[{"taxonomy":"product_cat","embeddable":true,"href":"https:\/\/edimeinter.com\/libreria\/wp-json\/wp\/v2\/product_cat?post=15648"},{"taxonomy":"product_tag","embeddable":true,"href":"https:\/\/edimeinter.com\/libreria\/wp-json\/wp\/v2\/product_tag?post=15648"}],"curies":[{"name":"wp","href":"https:\/\/api.w.org\/{rel}","templated":true}]}}