{"id":15660,"date":"2025-03-05T19:38:29","date_gmt":"2025-03-05T19:38:29","guid":{"rendered":"https:\/\/edimeinter.com\/libreria\/?post_type=product&#038;p=15660"},"modified":"2025-03-28T20:02:54","modified_gmt":"2025-03-28T20:02:54","slug":"fundamentos-de-farmacologia-para-fisioterapeutas-1a-edicion","status":"publish","type":"product","link":"https:\/\/edimeinter.com\/libreria\/product\/fundamentos-de-farmacologia-para-fisioterapeutas-1a-edicion\/","title":{"rendered":"Fundamentos de Farmacolog\u00eda para Fisioterapeutas. 1\u00aa Edici\u00f3n"},"content":{"rendered":"\t\t<div data-elementor-type=\"wp-post\" data-elementor-id=\"15660\" class=\"elementor elementor-15660\">\n\t\t\t\t<div class=\"elementor-element elementor-element-2612b12 e-flex e-con-boxed e-con e-parent\" data-id=\"2612b12\" data-element_type=\"container\" data-e-type=\"container\">\n\t\t\t\t\t<div class=\"e-con-inner\">\n\t\t\n\t\t<div class=\"elementor-element elementor-element-498707ae elementor-widget elementor-widget-text-editor\" data-id=\"498707ae\" data-element_type=\"widget\" data-e-type=\"widget\" data-widget_type=\"text-editor.default\">\n\t\t\t\t<div class=\"elementor-widget-container\">\n\t\t\t\t\t\t\t\t\t<p>Los modelos asistenciales actuales ponen de manifiesto la necesidad de que todos los profesionales sanitarios, sea cual sea su especialidad, intervengan de forma integrada en beneficio del paciente. El sanitario deber\u00eda, no solo comprender su \u00e1mbito competencial, sino tambi\u00e9n el de otros profesionales, para poder proporcionar una atenci\u00f3n \u00f3ptima al usuario.<\/p><p>La farmacolog\u00eda, en concreto, es un \u00e1rea de conocimiento muy amplia y en constante evoluci\u00f3n. Los fisioterapeutas, por lo tanto, han de conocer la influencia que los tratamientos farmacol\u00f3gicos ejercen sobre las terapias f\u00edsicas que realizan sobre los pacientes. Los medicamentos pueden provocar efectos beneficiosos que act\u00faen de forma sin\u00e9rgica sobre el tratamiento rehabilitador, o pueden desencadenar efectos adversos que modifiquen los objetivos de la terapia rehabilitadora.<\/p><p>Este libro, cuyo objetivo es ser el punto de partida para que los fisioterapeutas entiendan la influencia de los f\u00e1rmacos en su pr\u00e1ctica profesional, destaca por las siguientes caracter\u00edsticas:<\/p><ul><li>Sienta las bases generales de la Farmacolog\u00eda y describe los diferentes grupos farmacol\u00f3gicos estructurados por \u00f3rganos o sistemas sobre los que act\u00faan.<\/li><\/ul><ul><li>Explica de forma detallada la problem\u00e1tica existente y la interacci\u00f3n entre las terapias de rehabilitaci\u00f3n y farmacolog\u00eda.<\/li><\/ul><ul><li>Cuenta un sitio web complementario con ejercicios de autoevaluaci\u00f3n y casos cl\u00ednicos que favorecen la comprensi\u00f3n y la pr\u00e1ctica de situaciones cl\u00ednicas habituales.<\/li><\/ul>\t\t\t\t\t\t\t\t<\/div>\n\t\t\t\t<\/div>\n\t\t\t\t\t<\/div>\n\t\t\t\t<\/div>\n\t\t\t\t<\/div>\n\t\t","protected":false},"excerpt":{"rendered":"<p><strong>Autores:<\/strong>\u00a0M\u00e0rius Duran Hortol\u00e0, Concepci\u00f3 Mestres Miralles, Mar\u00eda Rosa Nogues Llort<br \/>\n<strong>ISBN:<\/strong>\u00a09788498359411<br \/>\n<strong>Editorial:<\/strong>\u00a0Panamericana<br \/>\n<strong>Edici\u00f3n:<\/strong>\u00a01\u00aa<br \/>\n<strong>Especialidad<\/strong>: Fisioterapia<br \/>\n<strong>P\u00e1ginas:\u00a0<\/strong>372<br \/>\n\u00a9 2017<\/p>\n","protected":false},"featured_media":15661,"comment_status":"open","ping_status":"open","template":"","meta":{"_joinchat":[]},"product_cat":[111],"product_tag":[112,174,70],"class_list":{"0":"post-15660","1":"product","2":"type-product","3":"status-publish","4":"has-post-thumbnail","6":"product_cat-fisioterapia","7":"product_tag-fisioterapia","8":"product_tag-outlet","9":"product_tag-panamericana","11":"first","12":"instock","13":"sale","14":"featured","15":"purchasable","16":"product-type-simple"},"_links":{"self":[{"href":"https:\/\/edimeinter.com\/libreria\/wp-json\/wp\/v2\/product\/15660","targetHints":{"allow":["GET"]}}],"collection":[{"href":"https:\/\/edimeinter.com\/libreria\/wp-json\/wp\/v2\/product"}],"about":[{"href":"https:\/\/edimeinter.com\/libreria\/wp-json\/wp\/v2\/types\/product"}],"replies":[{"embeddable":true,"href":"https:\/\/edimeinter.com\/libreria\/wp-json\/wp\/v2\/comments?post=15660"}],"version-history":[{"count":5,"href":"https:\/\/edimeinter.com\/libreria\/wp-json\/wp\/v2\/product\/15660\/revisions"}],"predecessor-version":[{"id":15680,"href":"https:\/\/edimeinter.com\/libreria\/wp-json\/wp\/v2\/product\/15660\/revisions\/15680"}],"wp:featuredmedia":[{"embeddable":true,"href":"https:\/\/edimeinter.com\/libreria\/wp-json\/wp\/v2\/media\/15661"}],"wp:attachment":[{"href":"https:\/\/edimeinter.com\/libreria\/wp-json\/wp\/v2\/media?parent=15660"}],"wp:term":[{"taxonomy":"product_cat","embeddable":true,"href":"https:\/\/edimeinter.com\/libreria\/wp-json\/wp\/v2\/product_cat?post=15660"},{"taxonomy":"product_tag","embeddable":true,"href":"https:\/\/edimeinter.com\/libreria\/wp-json\/wp\/v2\/product_tag?post=15660"}],"curies":[{"name":"wp","href":"https:\/\/api.w.org\/{rel}","templated":true}]}}