{"id":15666,"date":"2025-03-05T19:43:05","date_gmt":"2025-03-05T19:43:05","guid":{"rendered":"https:\/\/edimeinter.com\/libreria\/?post_type=product&#038;p=15666"},"modified":"2025-03-28T20:02:46","modified_gmt":"2025-03-28T20:02:46","slug":"atlas-de-anatomia-de-la-pelvis-y-cirugia-ginecologica-4a-edicion","status":"publish","type":"product","link":"https:\/\/edimeinter.com\/libreria\/product\/atlas-de-anatomia-de-la-pelvis-y-cirugia-ginecologica-4a-edicion\/","title":{"rendered":"Atlas de Anatom\u00eda de la Pelvis y Cirug\u00eda Ginecol\u00f3gica. 4\u00aa Edici\u00f3n"},"content":{"rendered":"\t\t<div data-elementor-type=\"wp-post\" data-elementor-id=\"15666\" class=\"elementor elementor-15666\">\n\t\t\t\t<div class=\"elementor-element elementor-element-2612b12 e-flex e-con-boxed e-con e-parent\" data-id=\"2612b12\" data-element_type=\"container\" data-e-type=\"container\">\n\t\t\t\t\t<div class=\"e-con-inner\">\n\t\t\n\t\t<div class=\"elementor-element elementor-element-498707ae elementor-widget elementor-widget-text-editor\" data-id=\"498707ae\" data-element_type=\"widget\" data-e-type=\"widget\" data-widget_type=\"text-editor.default\">\n\t\t\t\t<div class=\"elementor-widget-container\">\n\t\t\t\t\t\t\t\t\t<p>La cuarta edici\u00f3n del Atlas de Anatom\u00eda de la Pelvis y Cirug\u00eda Ginecol\u00f3gica mantiene y extiende la idea original de los autores \u2013\u201cuna imagen vale m\u00e1s que mil palabras\u201d\u2013, que es cierta para este libro como lo fue para las tres ediciones anteriores. Los ginec\u00f3logos en pr\u00e1ctica, los residentes, los becarios y los estudiantes no desean leer descripciones laboriosas y con abundancia de texto cuando las fotograf\u00edas y las ilustraciones describen mejor la anatom\u00eda espec\u00edfica y los detalles t\u00e9cnicos operatorios. No solo las im\u00e1genes se fijan m\u00e1s r\u00e1pido, sino que adem\u00e1s se retienen con mayor facilidad en forma permanente en los centros de memoria prefrontales y l\u00edmbicos del cerebro.<\/p>\t\t\t\t\t\t\t\t<\/div>\n\t\t\t\t<\/div>\n\t\t\t\t\t<\/div>\n\t\t\t\t<\/div>\n\t\t\t\t<\/div>\n\t\t","protected":false},"excerpt":{"rendered":"<p><strong>Autores:<\/strong>\u00a0Michael Baggish, Mickey Karram<br \/>\n<strong>ISBN:<\/strong>\u00a09789500695411<br \/>\n<strong>Editorial:<\/strong>\u00a0Panamericana<br \/>\n<strong>Edici\u00f3n:<\/strong>\u00a04\u00aa<br \/>\n<strong>Especialidad<\/strong>: Ginecolog\u00eda y Obstetricia<br \/>\n<strong>P\u00e1ginas:\u00a0<\/strong>1424<br \/>\n\u00a9 2017<\/p>\n","protected":false},"featured_media":15667,"comment_status":"open","ping_status":"open","template":"","meta":{"_joinchat":[]},"product_cat":[104],"product_tag":[105,174,70],"class_list":{"0":"post-15666","1":"product","2":"type-product","3":"status-publish","4":"has-post-thumbnail","6":"product_cat-ginecologia-y-obstetricia","7":"product_tag-ginecologia-y-obstetricia","8":"product_tag-outlet","9":"product_tag-panamericana","11":"first","12":"instock","13":"sale","14":"featured","15":"purchasable","16":"product-type-simple"},"_links":{"self":[{"href":"https:\/\/edimeinter.com\/libreria\/wp-json\/wp\/v2\/product\/15666","targetHints":{"allow":["GET"]}}],"collection":[{"href":"https:\/\/edimeinter.com\/libreria\/wp-json\/wp\/v2\/product"}],"about":[{"href":"https:\/\/edimeinter.com\/libreria\/wp-json\/wp\/v2\/types\/product"}],"replies":[{"embeddable":true,"href":"https:\/\/edimeinter.com\/libreria\/wp-json\/wp\/v2\/comments?post=15666"}],"version-history":[{"count":5,"href":"https:\/\/edimeinter.com\/libreria\/wp-json\/wp\/v2\/product\/15666\/revisions"}],"predecessor-version":[{"id":15679,"href":"https:\/\/edimeinter.com\/libreria\/wp-json\/wp\/v2\/product\/15666\/revisions\/15679"}],"wp:featuredmedia":[{"embeddable":true,"href":"https:\/\/edimeinter.com\/libreria\/wp-json\/wp\/v2\/media\/15667"}],"wp:attachment":[{"href":"https:\/\/edimeinter.com\/libreria\/wp-json\/wp\/v2\/media?parent=15666"}],"wp:term":[{"taxonomy":"product_cat","embeddable":true,"href":"https:\/\/edimeinter.com\/libreria\/wp-json\/wp\/v2\/product_cat?post=15666"},{"taxonomy":"product_tag","embeddable":true,"href":"https:\/\/edimeinter.com\/libreria\/wp-json\/wp\/v2\/product_tag?post=15666"}],"curies":[{"name":"wp","href":"https:\/\/api.w.org\/{rel}","templated":true}]}}