{"id":15672,"date":"2025-03-05T19:49:22","date_gmt":"2025-03-05T19:49:22","guid":{"rendered":"https:\/\/edimeinter.com\/libreria\/?post_type=product&#038;p=15672"},"modified":"2025-11-21T20:54:36","modified_gmt":"2025-11-21T20:54:36","slug":"guia-de-estudio-dsm-5-1a-edicion","status":"publish","type":"product","link":"https:\/\/edimeinter.com\/libreria\/product\/guia-de-estudio-dsm-5-1a-edicion\/","title":{"rendered":"Gu\u00eda de Estudio DSM-5. 1\u00aa Edici\u00f3n"},"content":{"rendered":"\t\t<div data-elementor-type=\"wp-post\" data-elementor-id=\"15672\" class=\"elementor elementor-15672\">\n\t\t\t\t<div class=\"elementor-element elementor-element-2612b12 e-flex e-con-boxed e-con e-parent\" data-id=\"2612b12\" data-element_type=\"container\" data-e-type=\"container\">\n\t\t\t\t\t<div class=\"e-con-inner\">\n\t\t\n\t\t<div class=\"elementor-element elementor-element-498707ae elementor-widget elementor-widget-text-editor\" data-id=\"498707ae\" data-element_type=\"widget\" data-e-type=\"widget\" data-widget_type=\"text-editor.default\">\n\t\t\t\t<div class=\"elementor-widget-container\">\n\t\t\t\t\t\t\t\t\t<p>La Gu\u00eda de Estudio del DSM-5\u00ae es un complemento did\u00e1ctico indispensable del Manual Diagn\u00f3stico y Estad\u00edstico de los Trastornos Mentales, 5\u00aa edici\u00f3n, que ayudar\u00e1 al lector a entender los criterios diagn\u00f3sticos y los conceptos del DSM-5\u00ae, as\u00ed como la forma de aplicarlos.<br \/>Cada grupo de cap\u00edtulos va precedido por unos objetivos docentes, para perfeccionar los conocimientos cr\u00edticos necesarios sobre el diagn\u00f3stico. Las clases diagn\u00f3sticas se explican mediante relatos descriptivos, exposiciones resumidas y perlas diagn\u00f3sticas. En cada clase diagn\u00f3stica, el lector encontrar\u00e1 secciones detalladas sobre los diagn\u00f3sticos m\u00e1s importantes, como el enfoque del diagn\u00f3stico, la historia cl\u00ednica, los consejos para clarificar el diagn\u00f3stico, los ejemplos de casos y el diagn\u00f3stico diferencial. Adem\u00e1s, con el fin de ayudar al lector a comprender los diagn\u00f3sticos tal y como se producen de modo natural en los escenarios cl\u00ednicos complejos y multidimensionales, cada clase diagn\u00f3stica contiene una secci\u00f3n de autoevaluaci\u00f3n en la que se incluyen una lista de conceptos clave, preguntas a debatir, preguntas basadas en casos y preguntas de respuesta breve.<\/p>\t\t\t\t\t\t\t\t<\/div>\n\t\t\t\t<\/div>\n\t\t\t\t\t<\/div>\n\t\t\t\t<\/div>\n\t\t\t\t<\/div>\n\t\t","protected":false},"excerpt":{"rendered":"<p><strong>Autores:<\/strong>\u00a0American Psychiatric Association<br \/>\n<strong>ISBN:<\/strong>\u00a09788498359749<br \/>\n<strong>Editorial:<\/strong>\u00a0Panamericana<br \/>\n<strong>Edici\u00f3n:<\/strong>\u00a01\u00aa<br \/>\n<strong>Especialidad<\/strong>: Psicolog\u00eda<br \/>\n<strong>P\u00e1ginas:\u00a0<\/strong>552<br \/>\n\u00a9 2017<\/p>\n","protected":false},"featured_media":15673,"comment_status":"open","ping_status":"closed","template":"","meta":{"_joinchat":[]},"product_cat":[88],"product_tag":[174,70,89],"class_list":{"0":"post-15672","1":"product","2":"type-product","3":"status-publish","4":"has-post-thumbnail","6":"product_cat-psicologia","7":"product_tag-outlet","8":"product_tag-panamericana","9":"product_tag-psicologia","11":"first","12":"outofstock","13":"sale","14":"featured","15":"purchasable","16":"product-type-simple"},"_links":{"self":[{"href":"https:\/\/edimeinter.com\/libreria\/wp-json\/wp\/v2\/product\/15672","targetHints":{"allow":["GET"]}}],"collection":[{"href":"https:\/\/edimeinter.com\/libreria\/wp-json\/wp\/v2\/product"}],"about":[{"href":"https:\/\/edimeinter.com\/libreria\/wp-json\/wp\/v2\/types\/product"}],"replies":[{"embeddable":true,"href":"https:\/\/edimeinter.com\/libreria\/wp-json\/wp\/v2\/comments?post=15672"}],"version-history":[{"count":5,"href":"https:\/\/edimeinter.com\/libreria\/wp-json\/wp\/v2\/product\/15672\/revisions"}],"predecessor-version":[{"id":15678,"href":"https:\/\/edimeinter.com\/libreria\/wp-json\/wp\/v2\/product\/15672\/revisions\/15678"}],"wp:featuredmedia":[{"embeddable":true,"href":"https:\/\/edimeinter.com\/libreria\/wp-json\/wp\/v2\/media\/15673"}],"wp:attachment":[{"href":"https:\/\/edimeinter.com\/libreria\/wp-json\/wp\/v2\/media?parent=15672"}],"wp:term":[{"taxonomy":"product_cat","embeddable":true,"href":"https:\/\/edimeinter.com\/libreria\/wp-json\/wp\/v2\/product_cat?post=15672"},{"taxonomy":"product_tag","embeddable":true,"href":"https:\/\/edimeinter.com\/libreria\/wp-json\/wp\/v2\/product_tag?post=15672"}],"curies":[{"name":"wp","href":"https:\/\/api.w.org\/{rel}","templated":true}]}}