{"id":15681,"date":"2025-03-05T20:05:59","date_gmt":"2025-03-05T20:05:59","guid":{"rendered":"https:\/\/edimeinter.com\/libreria\/?post_type=product&#038;p=15681"},"modified":"2025-03-28T20:02:26","modified_gmt":"2025-03-28T20:02:26","slug":"manual-de-medicina-del-dolor-fundamentos-evaluacion-y-tratamiento-1a-edicion","status":"publish","type":"product","link":"https:\/\/edimeinter.com\/libreria\/product\/manual-de-medicina-del-dolor-fundamentos-evaluacion-y-tratamiento-1a-edicion\/","title":{"rendered":"Manual de Medicina del Dolor. Fundamentos, evaluaci\u00f3n y tratamiento. 1\u00aa Edici\u00f3n"},"content":{"rendered":"\t\t<div data-elementor-type=\"wp-post\" data-elementor-id=\"15681\" class=\"elementor elementor-15681\">\n\t\t\t\t<div class=\"elementor-element elementor-element-2612b12 e-flex e-con-boxed e-con e-parent\" data-id=\"2612b12\" data-element_type=\"container\" data-e-type=\"container\">\n\t\t\t\t\t<div class=\"e-con-inner\">\n\t\t\n\t\t<div class=\"elementor-element elementor-element-498707ae elementor-widget elementor-widget-text-editor\" data-id=\"498707ae\" data-element_type=\"widget\" data-e-type=\"widget\" data-widget_type=\"text-editor.default\">\n\t\t\t\t<div class=\"elementor-widget-container\">\n\t\t\t\t\t\t\t\t\t<p>M\u00e1s del 20% de la poblaci\u00f3n padece dolor cr\u00f3nico, con las consecuentes repercusiones sociales, laborales, asistenciales y econ\u00f3micas. La Medicina del Dolor es un \u00e1rea reciente que trata de mejorar la calidad de la atenci\u00f3n de estos pacientes.<br \/>El dolor es un proceso neurosensorial cuyo tratamiento debe dirigirse tanto a la causa como a los mecanismo fisiopatol\u00f3gicos que intervienen. Por ello, la estructura de esta obra abarca todos los aspectos relativos a la disciplina: fundamentos de anatomofisolog\u00eda, evaluaci\u00f3n del dolor, tratamientos no farmacol\u00f3gicos, farmacol\u00f3gicos e intervencionistas, diferentes cuadros cl\u00ednicos de dolor y dolor en situaciones especiales. Para mejorar su comprensi\u00f3n, siempre que ha sido posible, se han incluido algoritmos diagn\u00f3sticos y de tratamiento basados en la evidencia.<\/p>\t\t\t\t\t\t\t\t<\/div>\n\t\t\t\t<\/div>\n\t\t\t\t\t<\/div>\n\t\t\t\t<\/div>\n\t\t\t\t<\/div>\n\t\t","protected":false},"excerpt":{"rendered":"<p><strong>Autores:<\/strong> SED Sociedad Espa\u00f1ola del Dolor<br \/>\n<strong>ISBN:<\/strong> 9788491104858<br \/>\n<strong>Editorial:<\/strong>\u00a0Panamericana<br \/>\n<strong>Edici\u00f3n:<\/strong>\u00a01\u00aa<br \/>\n<strong>Especialidad<\/strong>: Anestesiolog\u00eda<br \/>\n<strong>P\u00e1ginas:\u00a0<\/strong>542<br \/>\n\u00a9 2016<\/p>\n","protected":false},"featured_media":15682,"comment_status":"open","ping_status":"open","template":"","meta":{"_joinchat":[]},"product_cat":[86],"product_tag":[87,70],"class_list":{"0":"post-15681","1":"product","2":"type-product","3":"status-publish","4":"has-post-thumbnail","6":"product_cat-anestesiologia-y-reanimacion","7":"product_tag-anestesiologia-y-reanimacion","8":"product_tag-panamericana","10":"first","11":"instock","12":"featured","13":"purchasable","14":"product-type-simple"},"_links":{"self":[{"href":"https:\/\/edimeinter.com\/libreria\/wp-json\/wp\/v2\/product\/15681","targetHints":{"allow":["GET"]}}],"collection":[{"href":"https:\/\/edimeinter.com\/libreria\/wp-json\/wp\/v2\/product"}],"about":[{"href":"https:\/\/edimeinter.com\/libreria\/wp-json\/wp\/v2\/types\/product"}],"replies":[{"embeddable":true,"href":"https:\/\/edimeinter.com\/libreria\/wp-json\/wp\/v2\/comments?post=15681"}],"version-history":[{"count":5,"href":"https:\/\/edimeinter.com\/libreria\/wp-json\/wp\/v2\/product\/15681\/revisions"}],"predecessor-version":[{"id":15748,"href":"https:\/\/edimeinter.com\/libreria\/wp-json\/wp\/v2\/product\/15681\/revisions\/15748"}],"wp:featuredmedia":[{"embeddable":true,"href":"https:\/\/edimeinter.com\/libreria\/wp-json\/wp\/v2\/media\/15682"}],"wp:attachment":[{"href":"https:\/\/edimeinter.com\/libreria\/wp-json\/wp\/v2\/media?parent=15681"}],"wp:term":[{"taxonomy":"product_cat","embeddable":true,"href":"https:\/\/edimeinter.com\/libreria\/wp-json\/wp\/v2\/product_cat?post=15681"},{"taxonomy":"product_tag","embeddable":true,"href":"https:\/\/edimeinter.com\/libreria\/wp-json\/wp\/v2\/product_tag?post=15681"}],"curies":[{"name":"wp","href":"https:\/\/api.w.org\/{rel}","templated":true}]}}