{"id":15687,"date":"2025-03-05T20:46:59","date_gmt":"2025-03-05T20:46:59","guid":{"rendered":"https:\/\/edimeinter.com\/libreria\/?post_type=product&#038;p=15687"},"modified":"2025-03-28T20:02:17","modified_gmt":"2025-03-28T20:02:17","slug":"competencias-en-las-practicas-clinicas-en-ciencias-de-la-salud-1a-edicion","status":"publish","type":"product","link":"https:\/\/edimeinter.com\/libreria\/product\/competencias-en-las-practicas-clinicas-en-ciencias-de-la-salud-1a-edicion\/","title":{"rendered":"Competencias en las Pr\u00e1cticas Cl\u00ednicas en Ciencias de la Salud. 1\u00aa Edici\u00f3n"},"content":{"rendered":"\t\t<div data-elementor-type=\"wp-post\" data-elementor-id=\"15687\" class=\"elementor elementor-15687\">\n\t\t\t\t<div class=\"elementor-element elementor-element-2612b12 e-flex e-con-boxed e-con e-parent\" data-id=\"2612b12\" data-element_type=\"container\" data-e-type=\"container\">\n\t\t\t\t\t<div class=\"e-con-inner\">\n\t\t\n\t\t<div class=\"elementor-element elementor-element-498707ae elementor-widget elementor-widget-text-editor\" data-id=\"498707ae\" data-element_type=\"widget\" data-e-type=\"widget\" data-widget_type=\"text-editor.default\">\n\t\t\t\t<div class=\"elementor-widget-container\">\n\t\t\t\t\t\t\t\t\t<p>En el sistema de educaci\u00f3n actual en el \u00e1mbito de las ciencias de la salud, se hace fundamental tanto la adquisici\u00f3n de las competencias pr\u00e1cticas cl\u00ednicas, como el disponer de herramientas e instrumentos de evaluaci\u00f3n por parte de los docentes y tutores que est\u00e1n formando a los futuros profesionales. Este libro proporciona estrategias y recursos psicopedag\u00f3gicos para llevar a cabo el desarrollo de las competencias y la evaluaci\u00f3n del alumno por parte de los tutores.<\/p><p>Las caracter\u00edsticas principales de la obra son:<\/p><ul><li>Los recursos psicopedag\u00f3gicos que se exponen reflejan situaciones cotidianas dentro del \u00e1mbito acad\u00e9mico y asistencial que facilitan la comprensi\u00f3n del texto.<\/li><\/ul><ul><li>Por cada competencia propuesta, se presenta un modelo de r\u00fabrica de evaluaci\u00f3n. Las r\u00fabricas permiten orientar al estudiante en lo que se espera de sus competencias asistenciales y al profesor le permite valorar el nivel de competencias. Facilitan el seguimiento, la orientaci\u00f3n y el apoyo del tutor.<\/li><\/ul><ul><li>La r\u00fabricas se presentan tambi\u00e9n en formato online para que el docente pueda adaptar su propio dise\u00f1o de r\u00fabrica.<\/li><\/ul><ul><li>Cuenta con m\u00faltiples recursos visuales para facilitar la comprensi\u00f3n, como fi guras, tablas y fotograf\u00edas, que ponen en contexto lo descrito en el texto.<\/li><\/ul><ul><li>Se ajusta a los diferentes programas curriculares de las titulaciones de grado en ciencias de la salud. Por ello, ha sido elaborado por un equipo multidisciplinar, que pertenece al \u00e1mbito acad\u00e9mico, asistencial y al de la gesti\u00f3n.<\/li><\/ul>\t\t\t\t\t\t\t\t<\/div>\n\t\t\t\t<\/div>\n\t\t\t\t\t<\/div>\n\t\t\t\t<\/div>\n\t\t\t\t<\/div>\n\t\t","protected":false},"excerpt":{"rendered":"<p><strong>Autores:<\/strong> Noa Lola Marti\u00e1\u00f1ez Ram\u00edrez \/ Mar\u00eda Jos\u00e9 Terr\u00f3n L\u00f3pez \/ Tom\u00e1s Gallego Izquierdo \/ Mar\u00eda Jos\u00e9 \u00c1lvarez Comino \/ Margarita Rubio Alonso \/ M\u00aa Asunci\u00f3n Hernando Jerez<br \/>\n<strong>ISBN:<\/strong> 9788498359626<br \/>\n<strong>Editorial:<\/strong>\u00a0Panamericana<br \/>\n<strong>Edici\u00f3n:<\/strong>\u00a01\u00aa<br \/>\n<strong>Especialidad<\/strong>: Educaci\u00f3n en Ciencias de la Salud y Pedagog\u00eda<br \/>\n<strong>P\u00e1ginas: <\/strong>334<br \/>\n\u00a9 2016<\/p>\n","protected":false},"featured_media":15688,"comment_status":"open","ping_status":"open","template":"","meta":{"_joinchat":[]},"product_cat":[128],"product_tag":[174,70,129],"class_list":{"0":"post-15687","1":"product","2":"type-product","3":"status-publish","4":"has-post-thumbnail","6":"product_cat-pedagogia","7":"product_tag-outlet","8":"product_tag-panamericana","9":"product_tag-pedagogia","11":"first","12":"instock","13":"sale","14":"featured","15":"purchasable","16":"product-type-simple"},"_links":{"self":[{"href":"https:\/\/edimeinter.com\/libreria\/wp-json\/wp\/v2\/product\/15687","targetHints":{"allow":["GET"]}}],"collection":[{"href":"https:\/\/edimeinter.com\/libreria\/wp-json\/wp\/v2\/product"}],"about":[{"href":"https:\/\/edimeinter.com\/libreria\/wp-json\/wp\/v2\/types\/product"}],"replies":[{"embeddable":true,"href":"https:\/\/edimeinter.com\/libreria\/wp-json\/wp\/v2\/comments?post=15687"}],"version-history":[{"count":4,"href":"https:\/\/edimeinter.com\/libreria\/wp-json\/wp\/v2\/product\/15687\/revisions"}],"predecessor-version":[{"id":15692,"href":"https:\/\/edimeinter.com\/libreria\/wp-json\/wp\/v2\/product\/15687\/revisions\/15692"}],"wp:featuredmedia":[{"embeddable":true,"href":"https:\/\/edimeinter.com\/libreria\/wp-json\/wp\/v2\/media\/15688"}],"wp:attachment":[{"href":"https:\/\/edimeinter.com\/libreria\/wp-json\/wp\/v2\/media?parent=15687"}],"wp:term":[{"taxonomy":"product_cat","embeddable":true,"href":"https:\/\/edimeinter.com\/libreria\/wp-json\/wp\/v2\/product_cat?post=15687"},{"taxonomy":"product_tag","embeddable":true,"href":"https:\/\/edimeinter.com\/libreria\/wp-json\/wp\/v2\/product_tag?post=15687"}],"curies":[{"name":"wp","href":"https:\/\/api.w.org\/{rel}","templated":true}]}}