{"id":15694,"date":"2025-03-05T21:10:09","date_gmt":"2025-03-05T21:10:09","guid":{"rendered":"https:\/\/edimeinter.com\/libreria\/?post_type=product&#038;p=15694"},"modified":"2025-12-08T16:26:43","modified_gmt":"2025-12-08T16:26:43","slug":"gerencia-hospitalaria-para-una-administracion-efectiva-4a-edicion","status":"publish","type":"product","link":"https:\/\/edimeinter.com\/libreria\/product\/gerencia-hospitalaria-para-una-administracion-efectiva-4a-edicion\/","title":{"rendered":"Gerencia Hospitalaria. Para una administraci\u00f3n efectiva. 4\u00aa Edici\u00f3n"},"content":{"rendered":"\t\t<div data-elementor-type=\"wp-post\" data-elementor-id=\"15694\" class=\"elementor elementor-15694\">\n\t\t\t\t<div class=\"elementor-element elementor-element-2612b12 e-flex e-con-boxed e-con e-parent\" data-id=\"2612b12\" data-element_type=\"container\" data-e-type=\"container\">\n\t\t\t\t\t<div class=\"e-con-inner\">\n\t\t\n\t\t<div class=\"elementor-element elementor-element-498707ae elementor-widget elementor-widget-text-editor\" data-id=\"498707ae\" data-element_type=\"widget\" data-e-type=\"widget\" data-widget_type=\"text-editor.default\">\n\t\t\t\t<div class=\"elementor-widget-container\">\n\t\t\t\t\t\t\t\t\t<p>En las circunstancias en las que se vive en la actualidad, los hospitales se han constituido en componente fundamental de la atenci\u00f3n en salud; la creciente complejidad de las intervenciones m\u00e9dicas ha logrado que la operaci\u00f3n de estas organizaciones sea cada vez m\u00e1s compleja. Por los permanentes y acelerados cambios que se est\u00e1n presentando en los sistemas de salud en una gran cantidad de pa\u00edses, cada vez es m\u00e1s indispensable contar con el conocimiento y las habilidades necesarias para poder gerenciar el hospital, con el fin de cumplir con los objetivos propuestos y satisfacer las necesidades de las comunidades.<\/p><p>La cuarta edici\u00f3n de Administraci\u00f3n Hospitalaria, titulada en esta ocasi\u00f3n GERENCIA HOSPITALARIA tiene como fin subrayar el concepto de un hospital incluyente e integrado a las necesidades de la poblaci\u00f3n y administrado efectivamente; la primera secci\u00f3n est\u00e1 dedicada a la instituci\u00f3n hospitalaria, en esta se presentan aspectos relacionados con las generalidades sobre gerencia hospitalaria, la organizaci\u00f3n estructural y funcional y el concepto de \u201cHospital Verde\u201d que en la actualidad se est\u00e1 convirtiendo en un reto para los pa\u00edses, los sistemas de salud y en particular para los hospitales de cara a la necesidad de contar con un planeta ecosostenible.<\/p><p>En la segunda secci\u00f3n se formulan orientaciones relacionadas con la planeaci\u00f3n, el funcionamiento y el monitoreo que se debe llevar a cabo en el hospital con el fin de atender de forma oportuna y efectiva las necesidades de la comunidad usuaria. El t\u00e9rmino \u00abhospital\u00bb se aplica a muchos tipos de instituciones, desde el hospital de atenci\u00f3n b\u00e1sica, con unas pocas camas, hasta el altamente especializado, que cuenta con numerosas camas, instalaciones y tecnolog\u00eda para la atenci\u00f3n de los usuarios, la investigaci\u00f3n cient\u00edfica y la ense\u00f1anza de las ciencias de la salud.<\/p><p>La tercera secci\u00f3n se dedica al an\u00e1lisis de los requisitos para la adecuada asistencia, la docencia y la investigaci\u00f3n que hacen del hospital una organizaci\u00f3n integral que puede ofrecerle a la comunidad una atenci\u00f3n segura y efectiva.<\/p><p>Esta obra ha sido concebida con el prop\u00f3sito de brindar a todos los profesionales que laboren en instituciones hospitalarias, los instrumentos necesarios para una gesti\u00f3n efectiva; de igual forma ser\u00e1 de gran utilidad para los profesores de las c\u00e1tedras de administraci\u00f3n y especializaci\u00f3n en Gerencia de Servicios de Salud y a los estudiantes de estas \u00e1reas.<\/p>\t\t\t\t\t\t\t\t<\/div>\n\t\t\t\t<\/div>\n\t\t\t\t\t<\/div>\n\t\t\t\t<\/div>\n\t\t\t\t<\/div>\n\t\t","protected":false},"excerpt":{"rendered":"<p><strong>Autores:<\/strong> Gustavo Malag\u00f3n-Londo\u00f1o \/ Gabriel Pont\u00f3n Laverde \/ Jairo Reynales Londo\u00f1o<br \/>\n<strong>ISBN:<\/strong> 9789588443874<br \/>\n<strong>Editorial:<\/strong>\u00a0Panamericana<br \/>\n<strong>Edici\u00f3n:<\/strong> 4\u00aa<br \/>\n<strong>Especialidad<\/strong>: Salud P\u00fablica y Administraci\u00f3n Hospitalaria<br \/>\n<strong>P\u00e1ginas: <\/strong>708<br \/>\n\u00a9 2016<\/p>\n","protected":false},"featured_media":15695,"comment_status":"open","ping_status":"closed","template":"","meta":{"_joinchat":[]},"product_cat":[193],"product_tag":[70,194],"class_list":{"0":"post-15694","1":"product","2":"type-product","3":"status-publish","4":"has-post-thumbnail","6":"product_cat-salud-publica","7":"product_tag-panamericana","8":"product_tag-salud-publica","10":"first","11":"outofstock","12":"featured","13":"purchasable","14":"product-type-simple"},"_links":{"self":[{"href":"https:\/\/edimeinter.com\/libreria\/wp-json\/wp\/v2\/product\/15694","targetHints":{"allow":["GET"]}}],"collection":[{"href":"https:\/\/edimeinter.com\/libreria\/wp-json\/wp\/v2\/product"}],"about":[{"href":"https:\/\/edimeinter.com\/libreria\/wp-json\/wp\/v2\/types\/product"}],"replies":[{"embeddable":true,"href":"https:\/\/edimeinter.com\/libreria\/wp-json\/wp\/v2\/comments?post=15694"}],"version-history":[{"count":5,"href":"https:\/\/edimeinter.com\/libreria\/wp-json\/wp\/v2\/product\/15694\/revisions"}],"predecessor-version":[{"id":15749,"href":"https:\/\/edimeinter.com\/libreria\/wp-json\/wp\/v2\/product\/15694\/revisions\/15749"}],"wp:featuredmedia":[{"embeddable":true,"href":"https:\/\/edimeinter.com\/libreria\/wp-json\/wp\/v2\/media\/15695"}],"wp:attachment":[{"href":"https:\/\/edimeinter.com\/libreria\/wp-json\/wp\/v2\/media?parent=15694"}],"wp:term":[{"taxonomy":"product_cat","embeddable":true,"href":"https:\/\/edimeinter.com\/libreria\/wp-json\/wp\/v2\/product_cat?post=15694"},{"taxonomy":"product_tag","embeddable":true,"href":"https:\/\/edimeinter.com\/libreria\/wp-json\/wp\/v2\/product_tag?post=15694"}],"curies":[{"name":"wp","href":"https:\/\/api.w.org\/{rel}","templated":true}]}}