{"id":15700,"date":"2025-03-05T21:27:49","date_gmt":"2025-03-05T21:27:49","guid":{"rendered":"https:\/\/edimeinter.com\/libreria\/?post_type=product&#038;p=15700"},"modified":"2025-03-26T23:22:23","modified_gmt":"2025-03-26T23:22:23","slug":"manual-para-el-examen-nacional-de-residencias-medicas-enarm-5a-edicion","status":"publish","type":"product","link":"https:\/\/edimeinter.com\/libreria\/product\/manual-para-el-examen-nacional-de-residencias-medicas-enarm-5a-edicion\/","title":{"rendered":"Manual para el Examen Nacional de Residencias M\u00e9dicas ENARM. 5\u00aa Edici\u00f3n"},"content":{"rendered":"\t\t<div data-elementor-type=\"wp-post\" data-elementor-id=\"15700\" class=\"elementor elementor-15700\">\n\t\t\t\t<div class=\"elementor-element elementor-element-2612b12 e-flex e-con-boxed e-con e-parent\" data-id=\"2612b12\" data-element_type=\"container\" data-e-type=\"container\">\n\t\t\t\t\t<div class=\"e-con-inner\">\n\t\t\n\t\t<div class=\"elementor-element elementor-element-498707ae elementor-widget elementor-widget-text-editor\" data-id=\"498707ae\" data-element_type=\"widget\" data-e-type=\"widget\" data-widget_type=\"text-editor.default\">\n\t\t\t\t<div class=\"elementor-widget-container\">\n\t\t\t\t\t\t\t\t\t<p>\u00danico libro especializado en el entrenamiento para la preparaci\u00f3n del Examen Nacional de Aspirantes a Residencias M\u00e9dicas (ENARM). Por tanto, no s\u00f3lo presentamos la informaci\u00f3n relevante para la preparaci\u00f3n del ENARM, vamos m\u00e1s all\u00e1 y le ofrecemos todo un programa de estudio, maneras para evaluar qu\u00e9 tan efectiva es su forma de estudiar, adem\u00e1s de proponerle metodolog\u00edas que le permitir\u00e1n corregir errores y hacer m\u00e1s productivas sus sesiones de estudio.<\/p><p>La quinta edici\u00f3n tiene muchos cambios, ahora es m\u00e1s extensa pero respeta su intenci\u00f3n primordial: ser un material de repaso final. El temario cuenta con casi el doble de materias y los temas originales se han mejorado. Asimismo, en sus 19 secciones, cuenta con nuevas herramientas did\u00e1cticas y m\u00e1s de 300 casos cl\u00ednicos preparados seg\u00fan los est\u00e1ndares internacionales para redacci\u00f3n de reactivos m\u00e9dicos, similares a los que se presentan en el ENARM. Todos los casos est\u00e1n resueltos y cuentan con una explicaci\u00f3n y justificaci\u00f3n de sus respuestas.<\/p><p>Se ha tenido el cuidado de resaltar la informaci\u00f3n importante y se indica cuando el concepto proviene de las gu\u00edas CENETEC, material fundamental en la preparaci\u00f3n del ENARM. Las nemotecnias se han denominado Truco ENARM. Tambi\u00e9n se presentan cerca de 150 ilustraciones, tablas y fotograf\u00edas que lo hacen una poderosa herramienta para el estudio y preparaci\u00f3n.<\/p><p>Para redactar la parte m\u00e9dica participaron m\u00e1s de cien especialistas, j\u00f3venes egresados de las mejores instituciones, que practican la medicina exitosamente. Dentro de estos colaboradores encontramos renombrados cl\u00ednicos e investigadores nacionales con amplia experiencia internacional, quienes son tambi\u00e9n catedr\u00e1ticos en diversas escuelas y facultades de medicina. Estamos muy orgullosos de contar con la colaboraci\u00f3n escrita de m\u00e9dicos de tal renombre.<\/p><p>En esta quinta edici\u00f3n, y continuando con el respaldo de Editorial M\u00e9dica Panamericana, el autor ha renovado por completo el texto y la estructura de esta obra \u00fanica dedicada especialmente a la preparaci\u00f3n del ENARM, pero conservando su objetivo principal: que los miles de m\u00e9dicos que enfrentan cada a\u00f1o este dif\u00edcil y trascendental examen puedan hacerlo de manera exitosa.<\/p>\t\t\t\t\t\t\t\t<\/div>\n\t\t\t\t<\/div>\n\t\t\t\t\t<\/div>\n\t\t\t\t<\/div>\n\t\t\t\t<\/div>\n\t\t","protected":false},"excerpt":{"rendered":"<p><strong>Autor:<\/strong>\u00a0Carlos Gonz\u00e1lez-Parra<br \/>\n<strong>ISBN:<\/strong>\u00a09786079356941<br \/>\n<strong>Edici\u00f3n:<\/strong>\u00a05\u00aa<br \/>\n<strong>Especialidad:<\/strong> Educaci\u00f3n en Ciencias de la Salud y Pedagog\u00eda<br \/>\n<strong>P\u00e1ginas:<\/strong>\u00a01282<br \/>\n\u00a9 2016<\/p>\n","protected":false},"featured_media":15701,"comment_status":"open","ping_status":"open","template":"","meta":{"_joinchat":[]},"product_cat":[128],"product_tag":[174,70,129],"class_list":{"0":"post-15700","1":"product","2":"type-product","3":"status-publish","4":"has-post-thumbnail","6":"product_cat-pedagogia","7":"product_tag-outlet","8":"product_tag-panamericana","9":"product_tag-pedagogia","11":"first","12":"instock","13":"sale","14":"featured","15":"purchasable","16":"product-type-simple"},"_links":{"self":[{"href":"https:\/\/edimeinter.com\/libreria\/wp-json\/wp\/v2\/product\/15700","targetHints":{"allow":["GET"]}}],"collection":[{"href":"https:\/\/edimeinter.com\/libreria\/wp-json\/wp\/v2\/product"}],"about":[{"href":"https:\/\/edimeinter.com\/libreria\/wp-json\/wp\/v2\/types\/product"}],"replies":[{"embeddable":true,"href":"https:\/\/edimeinter.com\/libreria\/wp-json\/wp\/v2\/comments?post=15700"}],"version-history":[{"count":4,"href":"https:\/\/edimeinter.com\/libreria\/wp-json\/wp\/v2\/product\/15700\/revisions"}],"predecessor-version":[{"id":15705,"href":"https:\/\/edimeinter.com\/libreria\/wp-json\/wp\/v2\/product\/15700\/revisions\/15705"}],"wp:featuredmedia":[{"embeddable":true,"href":"https:\/\/edimeinter.com\/libreria\/wp-json\/wp\/v2\/media\/15701"}],"wp:attachment":[{"href":"https:\/\/edimeinter.com\/libreria\/wp-json\/wp\/v2\/media?parent=15700"}],"wp:term":[{"taxonomy":"product_cat","embeddable":true,"href":"https:\/\/edimeinter.com\/libreria\/wp-json\/wp\/v2\/product_cat?post=15700"},{"taxonomy":"product_tag","embeddable":true,"href":"https:\/\/edimeinter.com\/libreria\/wp-json\/wp\/v2\/product_tag?post=15700"}],"curies":[{"name":"wp","href":"https:\/\/api.w.org\/{rel}","templated":true}]}}