{"id":15706,"date":"2025-03-05T21:35:29","date_gmt":"2025-03-05T21:35:29","guid":{"rendered":"https:\/\/edimeinter.com\/libreria\/?post_type=product&#038;p=15706"},"modified":"2025-03-26T23:22:14","modified_gmt":"2025-03-26T23:22:14","slug":"manual-de-pilates-aplicado-al-embarazo-fernandez-lambruschini","status":"publish","type":"product","link":"https:\/\/edimeinter.com\/libreria\/product\/manual-de-pilates-aplicado-al-embarazo-fernandez-lambruschini\/","title":{"rendered":"Manual de Pilates Aplicado al Embarazo. Fern\u00e1ndez \u2013 Lambruschini. 1\u00aa Edici\u00f3n"},"content":{"rendered":"\t\t<div data-elementor-type=\"wp-post\" data-elementor-id=\"15706\" class=\"elementor elementor-15706\">\n\t\t\t\t<div class=\"elementor-element elementor-element-2612b12 e-flex e-con-boxed e-con e-parent\" data-id=\"2612b12\" data-element_type=\"container\" data-e-type=\"container\">\n\t\t\t\t\t<div class=\"e-con-inner\">\n\t\t\n\t\t<div class=\"elementor-element elementor-element-498707ae elementor-widget elementor-widget-text-editor\" data-id=\"498707ae\" data-element_type=\"widget\" data-e-type=\"widget\" data-widget_type=\"text-editor.default\">\n\t\t\t\t<div class=\"elementor-widget-container\">\n\t\t\t\t\t\t\t\t\t<p>La actividad f\u00edsica es un pilar fundamental durante el embarazo y el m\u00e9todo Pilates ha resultado el ejercicio ideal para mantener y mejorar la salud de las mujeres durante el periodo de gestaci\u00f3n, parto y posparto. Esta obra es una herramienta clave para vehiculizar los componentes f\u00edsicos que se deben trabajar durante esta etapa y sus caracter\u00edsticas m\u00e1s importantes son:<\/p><ul><li>Describe los pilares fundamentales del m\u00e9todo Pilates, as\u00ed como una paleta amplia de ejercicios, tanto sin accesorios como con ellos, para que el profesional que trabaje con la embarazada.<\/li><\/ul><ul><li>Cuenta con una amplia variedad de ejercicios, por lo que resulta de ayuda a la hora de dise\u00f1ar las din\u00e1micas de la clase.<\/li><\/ul><ul><li>Los ejercicios han sido planteados con variaciones dependiendo del trimestre del embarazo en el cual se encuentre la mujer y con distintas versiones que modifiquen el grado de dificultad.<\/li><\/ul><ul><li>Est\u00e1 especialmente dise\u00f1ado para trabajar los m\u00fasculos posturales profundos y as\u00ed desarrollar la fuerza desde el interior, mientras se estabiliza el tronco.<\/li><\/ul><ul><li>Est\u00e1 escrito por un equipo multidisciplinar que a\u00fan a profesionales de dilatada experiencia en ciencias de la educaci\u00f3n f\u00edsica y el deporte, as\u00ed como en enfermer\u00eda obst\u00e9trico-ginecol\u00f3gica (matronas).<\/li><\/ul>\t\t\t\t\t\t\t\t<\/div>\n\t\t\t\t<\/div>\n\t\t\t\t\t<\/div>\n\t\t\t\t<\/div>\n\t\t\t\t<\/div>\n\t\t","protected":false},"excerpt":{"rendered":"<p><strong>Autor:<\/strong> Mayte Fern\u00e1ndez Arranz \/ Roberto Lambruschini \/ Julita Fern\u00e1ndez Arranz<br \/>\n<strong>ISBN:<\/strong> 9788498359022<br \/>\n<strong>Edici\u00f3n:<\/strong> 1\u00aa<br \/>\n<strong>Especialidad:<\/strong> Ciencias de la Actividad F\u00edsica y Medicina del Deporte<br \/>\n<strong>P\u00e1ginas:<\/strong> 156<br \/>\n\u00a9 2016<\/p>\n","protected":false},"featured_media":15707,"comment_status":"open","ping_status":"open","template":"","meta":{"_joinchat":[]},"product_cat":[201],"product_tag":[202,174,70],"class_list":{"0":"post-15706","1":"product","2":"type-product","3":"status-publish","4":"has-post-thumbnail","6":"product_cat-medicina-del-deporte","7":"product_tag-medicina-del-deporte","8":"product_tag-outlet","9":"product_tag-panamericana","11":"first","12":"instock","13":"sale","14":"featured","15":"purchasable","16":"product-type-simple"},"_links":{"self":[{"href":"https:\/\/edimeinter.com\/libreria\/wp-json\/wp\/v2\/product\/15706","targetHints":{"allow":["GET"]}}],"collection":[{"href":"https:\/\/edimeinter.com\/libreria\/wp-json\/wp\/v2\/product"}],"about":[{"href":"https:\/\/edimeinter.com\/libreria\/wp-json\/wp\/v2\/types\/product"}],"replies":[{"embeddable":true,"href":"https:\/\/edimeinter.com\/libreria\/wp-json\/wp\/v2\/comments?post=15706"}],"version-history":[{"count":7,"href":"https:\/\/edimeinter.com\/libreria\/wp-json\/wp\/v2\/product\/15706\/revisions"}],"predecessor-version":[{"id":15716,"href":"https:\/\/edimeinter.com\/libreria\/wp-json\/wp\/v2\/product\/15706\/revisions\/15716"}],"wp:featuredmedia":[{"embeddable":true,"href":"https:\/\/edimeinter.com\/libreria\/wp-json\/wp\/v2\/media\/15707"}],"wp:attachment":[{"href":"https:\/\/edimeinter.com\/libreria\/wp-json\/wp\/v2\/media?parent=15706"}],"wp:term":[{"taxonomy":"product_cat","embeddable":true,"href":"https:\/\/edimeinter.com\/libreria\/wp-json\/wp\/v2\/product_cat?post=15706"},{"taxonomy":"product_tag","embeddable":true,"href":"https:\/\/edimeinter.com\/libreria\/wp-json\/wp\/v2\/product_tag?post=15706"}],"curies":[{"name":"wp","href":"https:\/\/api.w.org\/{rel}","templated":true}]}}