{"id":15721,"date":"2025-03-05T22:08:23","date_gmt":"2025-03-05T22:08:23","guid":{"rendered":"https:\/\/edimeinter.com\/libreria\/?post_type=product&#038;p=15721"},"modified":"2026-04-10T16:02:58","modified_gmt":"2026-04-10T16:02:58","slug":"willard-spackman-terapia-ocupacional-12a-edicion","status":"publish","type":"product","link":"https:\/\/edimeinter.com\/libreria\/product\/willard-spackman-terapia-ocupacional-12a-edicion\/","title":{"rendered":"Willard &amp; Spackman Terapia Ocupacional. 12\u00aa Edici\u00f3n"},"content":{"rendered":"\t\t<div data-elementor-type=\"wp-post\" data-elementor-id=\"15721\" class=\"elementor elementor-15721\">\n\t\t\t\t<div class=\"elementor-element elementor-element-2612b12 e-flex e-con-boxed e-con e-parent\" data-id=\"2612b12\" data-element_type=\"container\" data-e-type=\"container\">\n\t\t\t\t\t<div class=\"e-con-inner\">\n\t\t\n\t\t<div class=\"elementor-element elementor-element-498707ae elementor-widget elementor-widget-text-editor\" data-id=\"498707ae\" data-element_type=\"widget\" data-e-type=\"widget\" data-widget_type=\"text-editor.default\">\n\t\t\t\t<div class=\"elementor-widget-container\">\n\t\t\t\t\t\t\t\t\t<p>Esta nueva edici\u00f3n de Terapia Ocupacional de Willard y Spackman contin\u00faa una larga tradici\u00f3n iniciada hace casi setenta a\u00f1os y que le ha permitido transformarse en un \u00edcono de la especialidad. Es el texto que introduce a los estudiantes en el intrincado campo de la profesi\u00f3n recientemente elegida y, a la vez, constituye un recurso invalorable para el estudio de los conocimientos y pr\u00e1cticas esenciales para el ejercicio de la disciplina. Sus cap\u00edtulos ofrecen, en un lenguaje accesible, informaci\u00f3n relevante y compleja sobre las diversas facetas de la ocupaci\u00f3n con un enfoque centrado en el paciente, y la descripci\u00f3n del proceso de terapia ocupacional en una variedad de escenarios. Entre sus caracter\u00edsticas m\u00e1s importantes se encuentran:<\/p><ul><li>La restructuraci\u00f3n de las unidades para mejorar la claridad y resaltar la relaci\u00f3n de los contenidos con el Marco de Trabajo para la Pr\u00e1ctica de la Terapia Ocupacional: Dominio y Proceso, AOTA, 2.\u00aa edici\u00f3n, y la Clasificaci\u00f3n Internacional del Funcionamiento, de la discapacidad y de la Salud (CIF) de la Organizaci\u00f3n Mundial de la Salud (OMS).<\/li><\/ul><ul><li>El dise\u00f1o gr\u00e1fico novedoso, ahora totalmente en color, que implica una gran mejora desde la perspectiva visual.<\/li><\/ul><ul><li>Las nuevas unidades sobre Teor\u00edas generales que sustentan la pr\u00e1ctica, pero que se originan fuera de esta disciplina, como el modelo de recuperaci\u00f3n y las teor\u00edas de promoci\u00f3n de la salud, del aprendizaje y de los cambios de conducta; y Contexto de la pr\u00e1ctica: terapeutas en acci\u00f3n, que ejemplifican la toma de decisiones del terapeuta en diferentes \u00e1mbitos terap\u00e9uticos y dentro de un variado espectro de atenci\u00f3n.<\/li><\/ul><ul><li>Los nuevos contenidos sobre temas actuales y de reciente aparici\u00f3n, como los entornos f\u00edsicos y virtuales, el proceso de intervenci\u00f3n individual frente al grupal y el basado en la poblaci\u00f3n, las necesidades de los pacientes y el centro emocional y la comunicaci\u00f3n e interacci\u00f3n social.<\/li><\/ul><ul><li>Los valiosos recuadros especiales en cada cap\u00edtulo que abordan: Aspectos pr\u00e1cticos, una situaci\u00f3n de la pr\u00e1ctica relacionada con el contenido y preguntas que incitan al razonamiento cr\u00edtico; Aspectos \u00e9ticos, un escenario relevante del cap\u00edtulo que plantea un desaf\u00edo \u00e9tico para los profesionales; Estudio de casos, ejemplos de evaluaci\u00f3n e intervenci\u00f3n de terapia ocupacional en la pr\u00e1ctica especializada; y Comentario sobre la evidencia, breve an\u00e1lisis sobre la informaci\u00f3n disponible que sustenta la pr\u00e1ctica, o si la evidencia no es concluyente y se requiere m\u00e1s investigaci\u00f3n.<\/li><\/ul><ul><li>Los Ap\u00e9ndices son res\u00famenes, nuevos y actualizados, de recursos y evidencias sobre los trastornos habituales que se tratan en los servicios de terapia ocupacional, y un listado alfab\u00e9tico de las diferentes pruebas de valoraci\u00f3n.<\/li><\/ul><ul><li>El Glosario con definiciones de t\u00e9rminos clave de los cap\u00edtulos y terminolog\u00eda importante de documentos oficiales.<\/li><\/ul><p>Una obra imprescindible para quienes se est\u00e1n preparando para ingresar en el campo de la terapia ocupacional o ya se encuentran trabajando en \u00e9l y deseen respuestas para los interrogantes sobre su pr\u00e1ctica cotidiana.<\/p>\t\t\t\t\t\t\t\t<\/div>\n\t\t\t\t<\/div>\n\t\t\t\t\t<\/div>\n\t\t\t\t<\/div>\n\t\t\t\t<\/div>\n\t\t","protected":false},"excerpt":{"rendered":"<p><strong>Autores<\/strong>: Barbara A. Boyt Schell \/ Glen Gillen \/ Marjorie E. Scaffa<br \/>\n<strong>ISBN<\/strong>: 9786079356866<br \/>\n<strong>Edici\u00f3n<\/strong>: 12\u00aa<br \/>\n<strong>Especialidad<\/strong>: Terapia Ocupacional<br \/>\n<strong>P\u00e1ginas<\/strong>: 1294<br \/>\n\u00a9 2016<\/p>\n","protected":false},"featured_media":15722,"comment_status":"open","ping_status":"closed","template":"","meta":{"_joinchat":[]},"product_cat":[199],"product_tag":[174,70,200],"class_list":{"0":"post-15721","1":"product","2":"type-product","3":"status-publish","4":"has-post-thumbnail","6":"product_cat-terapia-ocupacional","7":"product_tag-outlet","8":"product_tag-panamericana","9":"product_tag-terapia-ocupacional","11":"first","12":"instock","13":"sale","14":"featured","15":"purchasable","16":"product-type-simple"},"_links":{"self":[{"href":"https:\/\/edimeinter.com\/libreria\/wp-json\/wp\/v2\/product\/15721","targetHints":{"allow":["GET"]}}],"collection":[{"href":"https:\/\/edimeinter.com\/libreria\/wp-json\/wp\/v2\/product"}],"about":[{"href":"https:\/\/edimeinter.com\/libreria\/wp-json\/wp\/v2\/types\/product"}],"replies":[{"embeddable":true,"href":"https:\/\/edimeinter.com\/libreria\/wp-json\/wp\/v2\/comments?post=15721"}],"version-history":[{"count":5,"href":"https:\/\/edimeinter.com\/libreria\/wp-json\/wp\/v2\/product\/15721\/revisions"}],"predecessor-version":[{"id":18003,"href":"https:\/\/edimeinter.com\/libreria\/wp-json\/wp\/v2\/product\/15721\/revisions\/18003"}],"wp:featuredmedia":[{"embeddable":true,"href":"https:\/\/edimeinter.com\/libreria\/wp-json\/wp\/v2\/media\/15722"}],"wp:attachment":[{"href":"https:\/\/edimeinter.com\/libreria\/wp-json\/wp\/v2\/media?parent=15721"}],"wp:term":[{"taxonomy":"product_cat","embeddable":true,"href":"https:\/\/edimeinter.com\/libreria\/wp-json\/wp\/v2\/product_cat?post=15721"},{"taxonomy":"product_tag","embeddable":true,"href":"https:\/\/edimeinter.com\/libreria\/wp-json\/wp\/v2\/product_tag?post=15721"}],"curies":[{"name":"wp","href":"https:\/\/api.w.org\/{rel}","templated":true}]}}