{"id":15733,"date":"2025-03-06T16:16:18","date_gmt":"2025-03-06T16:16:18","guid":{"rendered":"https:\/\/edimeinter.com\/libreria\/?post_type=product&#038;p=15733"},"modified":"2025-12-22T20:43:57","modified_gmt":"2025-12-22T20:43:57","slug":"medicina-de-laboratorio-fundamentos-y-aplicaciones-en-el-diagnostico-clinico-1a-edicion","status":"publish","type":"product","link":"https:\/\/edimeinter.com\/libreria\/product\/medicina-de-laboratorio-fundamentos-y-aplicaciones-en-el-diagnostico-clinico-1a-edicion\/","title":{"rendered":"Medicina de laboratorio. Fundamentos y aplicaciones en el diagn\u00f3stico cl\u00ednico. 1\u00aa Edici\u00f3n"},"content":{"rendered":"\t\t<div data-elementor-type=\"wp-post\" data-elementor-id=\"15733\" class=\"elementor elementor-15733\">\n\t\t\t\t<div class=\"elementor-element elementor-element-2612b12 e-flex e-con-boxed e-con e-parent\" data-id=\"2612b12\" data-element_type=\"container\" data-e-type=\"container\">\n\t\t\t\t\t<div class=\"e-con-inner\">\n\t\t\n\t\t<div class=\"elementor-element elementor-element-498707ae elementor-widget elementor-widget-text-editor\" data-id=\"498707ae\" data-element_type=\"widget\" data-e-type=\"widget\" data-widget_type=\"text-editor.default\">\n\t\t\t\t<div class=\"elementor-widget-container\">\n\t\t\t\t\t\t\t\t\t<p>Este texto tiene como objetivo primordial presentar, de manera did\u00e1ctica y desde cierto punto de vista original, los contenidos de formaci\u00f3n y profesionalizaci\u00f3n de la Medicina de Laboratorio, parte integrante de los planes de estudio de muchas carreras en el \u00e1rea sanitaria. Esta disciplina tiene la precisa e ineludible finalidad de formar, de modo completo y actualizado, a los m\u00e9dicos y los profesionales especializados en el laboratorio biom\u00e9dico en la solicitud de los ex\u00e1menes de laboratorio y su adecuada interpretaci\u00f3n para lograr el diagn\u00f3stico cl\u00ednico correcto y asegurar la salud del paciente. Entre sus caracter\u00edsticas se destacan:<\/p><ul><li>La descripci\u00f3n detallada de cada una de las t\u00e9cnicas y pruebas de laboratorio en la sangre y los l\u00edquidos corporales, y su interpretaci\u00f3n en el contexto de las diferentes afecciones de \u00f3rganos y sistemas.<\/li><\/ul><ul><li>Los cap\u00edtulos dedicados a los aspectos t\u00e9cnicos del laboratorio, como la organizaci\u00f3n, la seguridad y la acreditaci\u00f3n.<\/li><\/ul><ul><li>La jerarquizaci\u00f3n de los valores de cribado de las pruebas (sensibilidad, especificidad, valor predictivo, etc.), y de temas en los que el laboratorio desempe\u00f1a un papel importante, como la monitorizaci\u00f3n de f\u00e1rmacos, los biomarcadores tumorales, el abuso de drogas, las inmunodeficiencias y la alergia.<\/li><\/ul><ul><li>La inclusi\u00f3n en cada cap\u00edtulo de objetivos de aprendizaje, un resumen de los contenidos y preguntas de autoevaluaci\u00f3n, con las respuestas al final del libro.<\/li><\/ul><ul><li>La cantidad de ilustraciones de calidad y de tablas que facilitan la adquisici\u00f3n de los conocimientos.<\/li><\/ul><p>Una obra muy bien pensada para el m\u00e9dico cl\u00ednico, de familia, generalista y pediatra, y para el especialista en el laboratorio y todo profesional que desee conocer el significado y la interpretaci\u00f3n de los ex\u00e1menes de laboratorio de uso habitual en la pr\u00e1ctica cl\u00ednica que, junto con la anamnesis y el examen f\u00edsico, constituyen los pilares para un diagn\u00f3stico cl\u00ednico preciso.<\/p>\t\t\t\t\t\t\t\t<\/div>\n\t\t\t\t<\/div>\n\t\t\t\t\t<\/div>\n\t\t\t\t<\/div>\n\t\t\t\t<\/div>\n\t\t","protected":false},"excerpt":{"rendered":"<p><strong>Autores<\/strong>: Italo Antonozzi \/ Elio Gulletta<br \/>\n<strong>ISBN<\/strong>: 9786079356712<br \/>\n<strong>Edici\u00f3n<\/strong>: 1\u00aa<br \/>\n<strong>Especialidad<\/strong>: Laboratorio y An\u00e1lisis Cl\u00ednicos<br \/>\n<strong>P\u00e1ginas<\/strong>: 1168<br \/>\n\u00a9 2015<\/p>\n","protected":false},"featured_media":15736,"comment_status":"open","ping_status":"closed","template":"","meta":{"_joinchat":[]},"product_cat":[136],"product_tag":[137,174,70],"class_list":{"0":"post-15733","1":"product","2":"type-product","3":"status-publish","4":"has-post-thumbnail","6":"product_cat-laboratorio-clinico","7":"product_tag-laboratorio-clinico","8":"product_tag-outlet","9":"product_tag-panamericana","11":"first","12":"instock","13":"sale","14":"featured","15":"purchasable","16":"product-type-simple"},"_links":{"self":[{"href":"https:\/\/edimeinter.com\/libreria\/wp-json\/wp\/v2\/product\/15733","targetHints":{"allow":["GET"]}}],"collection":[{"href":"https:\/\/edimeinter.com\/libreria\/wp-json\/wp\/v2\/product"}],"about":[{"href":"https:\/\/edimeinter.com\/libreria\/wp-json\/wp\/v2\/types\/product"}],"replies":[{"embeddable":true,"href":"https:\/\/edimeinter.com\/libreria\/wp-json\/wp\/v2\/comments?post=15733"}],"version-history":[{"count":5,"href":"https:\/\/edimeinter.com\/libreria\/wp-json\/wp\/v2\/product\/15733\/revisions"}],"predecessor-version":[{"id":16860,"href":"https:\/\/edimeinter.com\/libreria\/wp-json\/wp\/v2\/product\/15733\/revisions\/16860"}],"wp:featuredmedia":[{"embeddable":true,"href":"https:\/\/edimeinter.com\/libreria\/wp-json\/wp\/v2\/media\/15736"}],"wp:attachment":[{"href":"https:\/\/edimeinter.com\/libreria\/wp-json\/wp\/v2\/media?parent=15733"}],"wp:term":[{"taxonomy":"product_cat","embeddable":true,"href":"https:\/\/edimeinter.com\/libreria\/wp-json\/wp\/v2\/product_cat?post=15733"},{"taxonomy":"product_tag","embeddable":true,"href":"https:\/\/edimeinter.com\/libreria\/wp-json\/wp\/v2\/product_tag?post=15733"}],"curies":[{"name":"wp","href":"https:\/\/api.w.org\/{rel}","templated":true}]}}