{"id":15750,"date":"2025-03-06T16:54:17","date_gmt":"2025-03-06T16:54:17","guid":{"rendered":"https:\/\/edimeinter.com\/libreria\/?post_type=product&#038;p=15750"},"modified":"2025-12-30T16:04:47","modified_gmt":"2025-12-30T16:04:47","slug":"nutricion-y-rinon-2a-edicion","status":"publish","type":"product","link":"https:\/\/edimeinter.com\/libreria\/product\/nutricion-y-rinon-2a-edicion\/","title":{"rendered":"Nutrici\u00f3n y Ri\u00f1\u00f3n. 2\u00aa Edici\u00f3n"},"content":{"rendered":"\t\t<div data-elementor-type=\"wp-post\" data-elementor-id=\"15750\" class=\"elementor elementor-15750\">\n\t\t\t\t<div class=\"elementor-element elementor-element-2612b12 e-flex e-con-boxed e-con e-parent\" data-id=\"2612b12\" data-element_type=\"container\" data-e-type=\"container\">\n\t\t\t\t\t<div class=\"e-con-inner\">\n\t\t\n\t\t<div class=\"elementor-element elementor-element-498707ae elementor-widget elementor-widget-text-editor\" data-id=\"498707ae\" data-element_type=\"widget\" data-e-type=\"widget\" data-widget_type=\"text-editor.default\">\n\t\t\t\t<div class=\"elementor-widget-container\">\n\t\t\t\t\t\t\t\t\t<p>En la actualidad se reconoce la nefropat\u00eda cr\u00f3nica y la lesi\u00f3n renal aguda como grandes problemas de la salud p\u00fablica. Se estima que la nefropat\u00eda cr\u00f3nica afecta a cerca del 10% de los adultos del mundo, y que estas personas presentan un riesgo mayor de morbimortalidad tempranas. Adem\u00e1s, los enfermos que desarrollan una lesi\u00f3n renal aguda tienden a evolucionar hacia la fase terminal de la insuficiencia renal, incluso cuando se recuperan de esa lesi\u00f3n. Esta obra pone de manifiesto el creciente y relevante papel de la nutrici\u00f3n en los pacientes con insuficiencia renal, desde la influencia de la dieta en la progresi\u00f3n de la enfermedad hasta el impacto del estado nutricional en la supervivencia durante la di\u00e1lisis.<\/p>\t\t\t\t\t\t\t\t<\/div>\n\t\t\t\t<\/div>\n\t\t\t\t\t<\/div>\n\t\t\t\t<\/div>\n\t\t\t\t<\/div>\n\t\t","protected":false},"excerpt":{"rendered":"<p><strong>Autores:<\/strong>\u00a0Miguel Carlos Riella \/ Cristina Martins<br \/>\n<strong>ISBN<\/strong>: 9789500606738<br \/>\n<strong>Edici\u00f3n:<\/strong>\u00a02\u00aa<br \/>\n<strong>Especialidad<\/strong>: Nutrici\u00f3n<br \/>\n<strong>P\u00e1ginas:<\/strong>\u00a0368<br \/>\n\u00a9 2015<\/p>\n","protected":false},"featured_media":15751,"comment_status":"open","ping_status":"closed","template":"","meta":{"_joinchat":[]},"product_cat":[106],"product_tag":[107,174,70],"class_list":{"0":"post-15750","1":"product","2":"type-product","3":"status-publish","4":"has-post-thumbnail","6":"product_cat-nutricion-y-dietoterapia","7":"product_tag-nutricion-y-dietoterapia","8":"product_tag-outlet","9":"product_tag-panamericana","11":"first","12":"outofstock","13":"sale","14":"featured","15":"purchasable","16":"product-type-simple"},"_links":{"self":[{"href":"https:\/\/edimeinter.com\/libreria\/wp-json\/wp\/v2\/product\/15750","targetHints":{"allow":["GET"]}}],"collection":[{"href":"https:\/\/edimeinter.com\/libreria\/wp-json\/wp\/v2\/product"}],"about":[{"href":"https:\/\/edimeinter.com\/libreria\/wp-json\/wp\/v2\/types\/product"}],"replies":[{"embeddable":true,"href":"https:\/\/edimeinter.com\/libreria\/wp-json\/wp\/v2\/comments?post=15750"}],"version-history":[{"count":8,"href":"https:\/\/edimeinter.com\/libreria\/wp-json\/wp\/v2\/product\/15750\/revisions"}],"predecessor-version":[{"id":16863,"href":"https:\/\/edimeinter.com\/libreria\/wp-json\/wp\/v2\/product\/15750\/revisions\/16863"}],"wp:featuredmedia":[{"embeddable":true,"href":"https:\/\/edimeinter.com\/libreria\/wp-json\/wp\/v2\/media\/15751"}],"wp:attachment":[{"href":"https:\/\/edimeinter.com\/libreria\/wp-json\/wp\/v2\/media?parent=15750"}],"wp:term":[{"taxonomy":"product_cat","embeddable":true,"href":"https:\/\/edimeinter.com\/libreria\/wp-json\/wp\/v2\/product_cat?post=15750"},{"taxonomy":"product_tag","embeddable":true,"href":"https:\/\/edimeinter.com\/libreria\/wp-json\/wp\/v2\/product_tag?post=15750"}],"curies":[{"name":"wp","href":"https:\/\/api.w.org\/{rel}","templated":true}]}}