{"id":15759,"date":"2025-03-06T17:07:06","date_gmt":"2025-03-06T17:07:06","guid":{"rendered":"https:\/\/edimeinter.com\/libreria\/?post_type=product&#038;p=15759"},"modified":"2025-03-26T23:21:15","modified_gmt":"2025-03-26T23:21:15","slug":"histologia-basica-fundamentos-de-biologia-celular-y-del-desarrollo-humano-1a-edicion","status":"publish","type":"product","link":"https:\/\/edimeinter.com\/libreria\/product\/histologia-basica-fundamentos-de-biologia-celular-y-del-desarrollo-humano-1a-edicion\/","title":{"rendered":"Histolog\u00eda B\u00e1sica. Fundamentos de biolog\u00eda celular y del desarrollo humano. 1\u00aa Edici\u00f3n"},"content":{"rendered":"\t\t<div data-elementor-type=\"wp-post\" data-elementor-id=\"15759\" class=\"elementor elementor-15759\">\n\t\t\t\t<div class=\"elementor-element elementor-element-2612b12 e-flex e-con-boxed e-con e-parent\" data-id=\"2612b12\" data-element_type=\"container\" data-e-type=\"container\">\n\t\t\t\t\t<div class=\"e-con-inner\">\n\t\t\n\t\t<div class=\"elementor-element elementor-element-498707ae elementor-widget elementor-widget-text-editor\" data-id=\"498707ae\" data-element_type=\"widget\" data-e-type=\"widget\" data-widget_type=\"text-editor.default\">\n\t\t\t\t<div class=\"elementor-widget-container\">\n\t\t\t\t\t\t\t\t\t<p>Este libro tiene la gran ventaja de mostrar al estudiante la relaci\u00f3n entre la histolog\u00eda y embriolog\u00eda y las otras materias b\u00e1sicas, enfatizando especialmente su relaci\u00f3n con las aplicaciones cl\u00ednicas. A medida que se adquieren los conocimientos de este campo, ser\u00e1 posible que el alumno comprenda mejor la respuesta biol\u00f3gica de los pacientes a los procedimientos cl\u00ednicos.<\/p><p>Es un texto destinado fundamentalmente a estudiantes que se inician en la materia, pero tambi\u00e9n es una obra de consulta muy adecuada para estudiantes en general y profesionistas, ayudando a despertar el inter\u00e9s por la estructura microsc\u00f3pica del organismo con la ayuda de esquemas que facilitan el proceso de interpretaci\u00f3n y el reconocimiento microsc\u00f3pico de los tejidos y elementos que los integran.<\/p>\t\t\t\t\t\t\t\t<\/div>\n\t\t\t\t<\/div>\n\t\t\t\t\t<\/div>\n\t\t\t\t<\/div>\n\t\t\t\t<\/div>\n\t\t","protected":false},"excerpt":{"rendered":"<p><strong>Autores:<\/strong> Santa Ponce Bravo<br \/>\n<strong>ISBN<\/strong>: 9786079356750<br \/>\n<strong>Edici\u00f3n:<\/strong> 1\u00aa<br \/>\n<strong>Especialidad<\/strong>: Histolog\u00eda<br \/>\n<strong>P\u00e1ginas:<\/strong> 410<br \/>\n\u00a9 2016<\/p>\n","protected":false},"featured_media":15760,"comment_status":"open","ping_status":"open","template":"","meta":{"_joinchat":[]},"product_cat":[154],"product_tag":[155,174,70],"class_list":{"0":"post-15759","1":"product","2":"type-product","3":"status-publish","4":"has-post-thumbnail","6":"product_cat-histologia","7":"product_tag-histologia","8":"product_tag-outlet","9":"product_tag-panamericana","11":"first","12":"instock","13":"sale","14":"featured","15":"purchasable","16":"product-type-simple"},"_links":{"self":[{"href":"https:\/\/edimeinter.com\/libreria\/wp-json\/wp\/v2\/product\/15759","targetHints":{"allow":["GET"]}}],"collection":[{"href":"https:\/\/edimeinter.com\/libreria\/wp-json\/wp\/v2\/product"}],"about":[{"href":"https:\/\/edimeinter.com\/libreria\/wp-json\/wp\/v2\/types\/product"}],"replies":[{"embeddable":true,"href":"https:\/\/edimeinter.com\/libreria\/wp-json\/wp\/v2\/comments?post=15759"}],"version-history":[{"count":4,"href":"https:\/\/edimeinter.com\/libreria\/wp-json\/wp\/v2\/product\/15759\/revisions"}],"predecessor-version":[{"id":15764,"href":"https:\/\/edimeinter.com\/libreria\/wp-json\/wp\/v2\/product\/15759\/revisions\/15764"}],"wp:featuredmedia":[{"embeddable":true,"href":"https:\/\/edimeinter.com\/libreria\/wp-json\/wp\/v2\/media\/15760"}],"wp:attachment":[{"href":"https:\/\/edimeinter.com\/libreria\/wp-json\/wp\/v2\/media?parent=15759"}],"wp:term":[{"taxonomy":"product_cat","embeddable":true,"href":"https:\/\/edimeinter.com\/libreria\/wp-json\/wp\/v2\/product_cat?post=15759"},{"taxonomy":"product_tag","embeddable":true,"href":"https:\/\/edimeinter.com\/libreria\/wp-json\/wp\/v2\/product_tag?post=15759"}],"curies":[{"name":"wp","href":"https:\/\/api.w.org\/{rel}","templated":true}]}}