{"id":15771,"date":"2025-03-06T17:24:22","date_gmt":"2025-03-06T17:24:22","guid":{"rendered":"https:\/\/edimeinter.com\/libreria\/?post_type=product&#038;p=15771"},"modified":"2025-06-02T22:09:29","modified_gmt":"2025-06-02T22:09:29","slug":"dsm-5-casos-clinicos-dsm-5","status":"publish","type":"product","link":"https:\/\/edimeinter.com\/libreria\/product\/dsm-5-casos-clinicos-dsm-5\/","title":{"rendered":"DSM-5. Casos Cl\u00ednicos DSM-5\u00ae. 1\u00aa Edici\u00f3n"},"content":{"rendered":"\t\t<div data-elementor-type=\"wp-post\" data-elementor-id=\"15771\" class=\"elementor elementor-15771\">\n\t\t\t\t<div class=\"elementor-element elementor-element-2612b12 e-flex e-con-boxed e-con e-parent\" data-id=\"2612b12\" data-element_type=\"container\" data-e-type=\"container\">\n\t\t\t\t\t<div class=\"e-con-inner\">\n\t\t\n\t\t<div class=\"elementor-element elementor-element-498707ae elementor-widget elementor-widget-text-editor\" data-id=\"498707ae\" data-element_type=\"widget\" data-e-type=\"widget\" data-widget_type=\"text-editor.default\">\n\t\t\t\t<div class=\"elementor-widget-container\">\n\t\t\t\t\t\t\t\t\t<p>Expone casos de pacientes desarrollados por especialistas en el trastorno descrito. Estos casos, que hacen referencia cruzada con el DSM-5, ayudan al lector a comprender los conceptos de diagn\u00f3stico, incluyendo s\u00edntomas, gravedad, comorbilidades, edad de inicio, desarrollo y dimensi\u00f3n, a trav\u00e9s de las implicaciones de g\u00e9nero y culturales. Las caracter\u00edsticas pueden incluir la historia de la enfermedad actual, antecedentes psiqui\u00e1tricos familiares, historial cl\u00ednico, resultados del examen de estado mental, caracter\u00edsticas de diagn\u00f3stico y hallazgos f\u00edsicos.<\/p>\t\t\t\t\t\t\t\t<\/div>\n\t\t\t\t<\/div>\n\t\t\t\t\t<\/div>\n\t\t\t\t<\/div>\n\t\t\t\t<\/div>\n\t\t","protected":false},"excerpt":{"rendered":"<p><strong>Autores:<\/strong> American Psychiatric Association \/ John W. Barnhill<br \/>\n<strong>ISBN<\/strong>: 9788491105022<br \/>\n<strong>Edici\u00f3n:<\/strong> 1\u00aa<br \/>\n<strong>Especialidad<\/strong>: Psiquiatr\u00eda<br \/>\n<strong>P\u00e1ginas:<\/strong> 402<br \/>\n\u00a9 2016<\/p>\n","protected":false},"featured_media":15772,"comment_status":"open","ping_status":"closed","template":"","meta":{"_joinchat":[]},"product_cat":[68],"product_tag":[174,70,69],"class_list":{"0":"post-15771","1":"product","2":"type-product","3":"status-publish","4":"has-post-thumbnail","6":"product_cat-psiquiatria","7":"product_tag-outlet","8":"product_tag-panamericana","9":"product_tag-psiquiatria","11":"first","12":"outofstock","13":"sale","14":"featured","15":"purchasable","16":"product-type-simple"},"_links":{"self":[{"href":"https:\/\/edimeinter.com\/libreria\/wp-json\/wp\/v2\/product\/15771","targetHints":{"allow":["GET"]}}],"collection":[{"href":"https:\/\/edimeinter.com\/libreria\/wp-json\/wp\/v2\/product"}],"about":[{"href":"https:\/\/edimeinter.com\/libreria\/wp-json\/wp\/v2\/types\/product"}],"replies":[{"embeddable":true,"href":"https:\/\/edimeinter.com\/libreria\/wp-json\/wp\/v2\/comments?post=15771"}],"version-history":[{"count":5,"href":"https:\/\/edimeinter.com\/libreria\/wp-json\/wp\/v2\/product\/15771\/revisions"}],"predecessor-version":[{"id":15809,"href":"https:\/\/edimeinter.com\/libreria\/wp-json\/wp\/v2\/product\/15771\/revisions\/15809"}],"wp:featuredmedia":[{"embeddable":true,"href":"https:\/\/edimeinter.com\/libreria\/wp-json\/wp\/v2\/media\/15772"}],"wp:attachment":[{"href":"https:\/\/edimeinter.com\/libreria\/wp-json\/wp\/v2\/media?parent=15771"}],"wp:term":[{"taxonomy":"product_cat","embeddable":true,"href":"https:\/\/edimeinter.com\/libreria\/wp-json\/wp\/v2\/product_cat?post=15771"},{"taxonomy":"product_tag","embeddable":true,"href":"https:\/\/edimeinter.com\/libreria\/wp-json\/wp\/v2\/product_tag?post=15771"}],"curies":[{"name":"wp","href":"https:\/\/api.w.org\/{rel}","templated":true}]}}