{"id":15783,"date":"2025-03-06T18:06:25","date_gmt":"2025-03-06T18:06:25","guid":{"rendered":"https:\/\/edimeinter.com\/libreria\/?post_type=product&#038;p=15783"},"modified":"2025-03-26T23:20:39","modified_gmt":"2025-03-26T23:20:39","slug":"lesiones-cronicas-del-tobillo-en-el-deporte-monografia-setrade","status":"publish","type":"product","link":"https:\/\/edimeinter.com\/libreria\/product\/lesiones-cronicas-del-tobillo-en-el-deporte-monografia-setrade\/","title":{"rendered":"Lesiones Cr\u00f3nicas del Tobillo en el Deporte. Monograf\u00eda SETRADE. 1\u00aa Edici\u00f3n"},"content":{"rendered":"\t\t<div data-elementor-type=\"wp-post\" data-elementor-id=\"15783\" class=\"elementor elementor-15783\">\n\t\t\t\t<div class=\"elementor-element elementor-element-2612b12 e-flex e-con-boxed e-con e-parent\" data-id=\"2612b12\" data-element_type=\"container\" data-e-type=\"container\">\n\t\t\t\t\t<div class=\"e-con-inner\">\n\t\t\n\t\t<div class=\"elementor-element elementor-element-498707ae elementor-widget elementor-widget-text-editor\" data-id=\"498707ae\" data-element_type=\"widget\" data-e-type=\"widget\" data-widget_type=\"text-editor.default\">\n\t\t\t\t<div class=\"elementor-widget-container\">\n\t\t\t\t\t\t\t\t\t<p>La medicina y la traumatolog\u00eda del deporte juegan un papel vital para minimizar el riesgo de lesi\u00f3n, y cuando se produce, lograr un diagn\u00f3stico certero y un tratamiento adecuado para reintegrar al deportista lo antes posible y evitar la reaparici\u00f3n de nuevas patolog\u00edas.<\/p><p>Las lesiones cr\u00f3nicas m\u00e1s frecuentes se producen en la articulaci\u00f3n del tobillo, especialmente las que afectan al ligamento lateral. Esta obra pretende aportar los \u00faltimos avances en esta patolog\u00eda tan com\u00fan entre los deportistas. Destacan los siguientes aspectos cl\u00ednicos:<\/p><ul><li>La estabilidad cr\u00f3nica desarrollada en los esguinces<\/li><\/ul><ul><li>Las lesiones de las sindesmosis tibioperonea que con relativa frecuencia pasan desapercibidas<\/li><\/ul><ul><li>Los pinzamientos anteriores y posteriores que limitan el rango de movilidad del tobillo<\/li><\/ul><ul><li>La patolog\u00eda tendinosa de los tendones que circundan la articulaci\u00f3n<\/li><\/ul><ul><li>Las lesiones subastragalinas, poco frencuentes y de dif\u00edcil diagn\u00f3stico<\/li><\/ul><ul><li>Las facturas de estr\u00e9s o por sobrecarga.<\/li><\/ul><p>Patolog\u00eda del tobillo; Lesiones cr\u00f3nicas en el deporte es un manual de referencia dirigido a todos los profesionales relacionados con el mundo de la patolog\u00eda deportiva, sobre todo, traumat\u00f3logos y m\u00e9dicos deportivos.<\/p>\t\t\t\t\t\t\t\t<\/div>\n\t\t\t\t<\/div>\n\t\t\t\t\t<\/div>\n\t\t\t\t<\/div>\n\t\t\t\t<\/div>\n\t\t","protected":false},"excerpt":{"rendered":"<p><strong>Autores:<\/strong> SETRADE Sociedad Espa\u00f1ola de Traumatolog\u00eda del Deporte<br \/>\n<strong>ISBN:<\/strong> 9788479037925<br \/>\n<strong>Edici\u00f3n:<\/strong> 1\u00aa<br \/>\n<strong>Especialidad:<\/strong> Ortopedia y Traumatolog\u00eda<br \/>\n<strong>P\u00e1ginas:<\/strong> 130<br \/>\n\u00a9 2015<\/p>\n","protected":false},"featured_media":15784,"comment_status":"open","ping_status":"open","template":"","meta":{"_joinchat":[]},"product_cat":[97],"product_tag":[98,174,70],"class_list":{"0":"post-15783","1":"product","2":"type-product","3":"status-publish","4":"has-post-thumbnail","6":"product_cat-ortopedia-y-traumatologia","7":"product_tag-ortopedia-y-traumatologia","8":"product_tag-outlet","9":"product_tag-panamericana","11":"first","12":"instock","13":"sale","14":"featured","15":"purchasable","16":"product-type-simple"},"_links":{"self":[{"href":"https:\/\/edimeinter.com\/libreria\/wp-json\/wp\/v2\/product\/15783","targetHints":{"allow":["GET"]}}],"collection":[{"href":"https:\/\/edimeinter.com\/libreria\/wp-json\/wp\/v2\/product"}],"about":[{"href":"https:\/\/edimeinter.com\/libreria\/wp-json\/wp\/v2\/types\/product"}],"replies":[{"embeddable":true,"href":"https:\/\/edimeinter.com\/libreria\/wp-json\/wp\/v2\/comments?post=15783"}],"version-history":[{"count":5,"href":"https:\/\/edimeinter.com\/libreria\/wp-json\/wp\/v2\/product\/15783\/revisions"}],"predecessor-version":[{"id":15808,"href":"https:\/\/edimeinter.com\/libreria\/wp-json\/wp\/v2\/product\/15783\/revisions\/15808"}],"wp:featuredmedia":[{"embeddable":true,"href":"https:\/\/edimeinter.com\/libreria\/wp-json\/wp\/v2\/media\/15784"}],"wp:attachment":[{"href":"https:\/\/edimeinter.com\/libreria\/wp-json\/wp\/v2\/media?parent=15783"}],"wp:term":[{"taxonomy":"product_cat","embeddable":true,"href":"https:\/\/edimeinter.com\/libreria\/wp-json\/wp\/v2\/product_cat?post=15783"},{"taxonomy":"product_tag","embeddable":true,"href":"https:\/\/edimeinter.com\/libreria\/wp-json\/wp\/v2\/product_tag?post=15783"}],"curies":[{"name":"wp","href":"https:\/\/api.w.org\/{rel}","templated":true}]}}