{"id":15789,"date":"2025-03-06T18:12:46","date_gmt":"2025-03-06T18:12:46","guid":{"rendered":"https:\/\/edimeinter.com\/libreria\/?post_type=product&#038;p=15789"},"modified":"2025-06-25T21:12:20","modified_gmt":"2025-06-25T21:12:20","slug":"geneser-histologia-edicion-4a","status":"publish","type":"product","link":"https:\/\/edimeinter.com\/libreria\/product\/geneser-histologia-edicion-4a\/","title":{"rendered":"Geneser Histolog\u00eda. Edici\u00f3n 4\u00aa"},"content":{"rendered":"\t\t<div data-elementor-type=\"wp-post\" data-elementor-id=\"15789\" class=\"elementor elementor-15789\">\n\t\t\t\t<div class=\"elementor-element elementor-element-2612b12 e-flex e-con-boxed e-con e-parent\" data-id=\"2612b12\" data-element_type=\"container\" data-e-type=\"container\">\n\t\t\t\t\t<div class=\"e-con-inner\">\n\t\t\n\t\t<div class=\"elementor-element elementor-element-498707ae elementor-widget elementor-widget-text-editor\" data-id=\"498707ae\" data-element_type=\"widget\" data-e-type=\"widget\" data-widget_type=\"text-editor.default\">\n\t\t\t\t<div class=\"elementor-widget-container\">\n\t\t\t\t\t\t\t\t\t<p>Debido al importante avance del conocimiento en las disciplinas de las ciencias m\u00e9dicas, entre ellas la histolog\u00eda, este cl\u00e1sico -con m\u00e1s de treinta a\u00f1os en el mercado- ha incorporado cuatro coautores en su revisi\u00f3n y actualizaci\u00f3n, todos investigadores de renombre internacional y que cuentan con muchos a\u00f1os de experiencia en el estudio y la ense\u00f1anza de esta materia. Igual que en las ediciones anteriores, la Histolog\u00eda de Geneser describe de manera sencilla y clara, pero a la vez rigurosa, las bases de esta disciplina con la m\u00e1xima correlaci\u00f3n entre estructura y funci\u00f3n. Siguiendo las modernas tendencias pedag\u00f3gicas en el mundo, las relaciona tambi\u00e9n con los procesos patol\u00f3gicos y la cl\u00ednica.<\/p><p>Entre los aspectos destacados de esta nueva edici\u00f3n se encuentran:<\/p><ul><li>Actualizaci\u00f3n de la terminolog\u00eda, agregado de nuevas ilustraciones y reemplazo de muchas de ellas de acuerdo con el conocimiento m\u00e1s reciente.<\/li><\/ul><ul><li>Inclusi\u00f3n de los conceptos de la biolog\u00eda celular y molecular, indisociables hoy de la mera descripci\u00f3n morfol\u00f3gica.<\/li><\/ul><ul><li>Utilizaci\u00f3n de recuadros con fondos de distintos colores: amarillo, con conocimientos m\u00e1s profundos; rojo, con ejemplos cl\u00ednicos; y azul, con preguntas sobre el cap\u00edtulo, para que el alumno autoeval\u00fae su aprendizaje.<\/li><\/ul><ul><li>Complementaci\u00f3n del libro con un sitio web complementario en espa\u00f1ol para docentes y estudiantes con gran cantidad de im\u00e1genes histol\u00f3gicas, que representa una excelente herramienta para el estudio y la autoevaluaci\u00f3n.<\/li><\/ul><p>Un texto f\u00e1cil de comprender y muy detallado sobre la biolog\u00eda celular y la histolog\u00eda general y especial creado para los estudiantes que aspiran a alcanzar el nivel cient\u00edfico que exige la medicina del siglo XXI.<\/p>\t\t\t\t\t\t\t\t<\/div>\n\t\t\t\t<\/div>\n\t\t\t\t\t<\/div>\n\t\t\t\t<\/div>\n\t\t\t\t<\/div>\n\t\t","protected":false},"excerpt":{"rendered":"<p><strong>Autores:<\/strong>\u00a0Annemarie Br\u00fcel \/ Erik Ils\u00f8 Christensen \/ J\u00f8rgen Tranum-Jensen \/ Klaus Qvortrup \/ Finn Geneser<br \/>\n<strong>ISBN:<\/strong> 9788411060639<br \/>\n<strong>Edici\u00f3n:<\/strong>\u00a04\u00aa<br \/>\n<strong>Especialidad:<\/strong>\u00a0Histolog\u00eda<br \/>\n<strong>P\u00e1ginas:<\/strong>\u00a0768<br \/>\n\u00a9 2015<\/p>\n","protected":false},"featured_media":15790,"comment_status":"open","ping_status":"closed","template":"","meta":{"_joinchat":[]},"product_cat":[154],"product_tag":[155,70],"class_list":{"0":"post-15789","1":"product","2":"type-product","3":"status-publish","4":"has-post-thumbnail","6":"product_cat-histologia","7":"product_tag-histologia","8":"product_tag-panamericana","10":"first","11":"outofstock","12":"featured","13":"purchasable","14":"product-type-simple"},"_links":{"self":[{"href":"https:\/\/edimeinter.com\/libreria\/wp-json\/wp\/v2\/product\/15789","targetHints":{"allow":["GET"]}}],"collection":[{"href":"https:\/\/edimeinter.com\/libreria\/wp-json\/wp\/v2\/product"}],"about":[{"href":"https:\/\/edimeinter.com\/libreria\/wp-json\/wp\/v2\/types\/product"}],"replies":[{"embeddable":true,"href":"https:\/\/edimeinter.com\/libreria\/wp-json\/wp\/v2\/comments?post=15789"}],"version-history":[{"count":5,"href":"https:\/\/edimeinter.com\/libreria\/wp-json\/wp\/v2\/product\/15789\/revisions"}],"predecessor-version":[{"id":16875,"href":"https:\/\/edimeinter.com\/libreria\/wp-json\/wp\/v2\/product\/15789\/revisions\/16875"}],"wp:featuredmedia":[{"embeddable":true,"href":"https:\/\/edimeinter.com\/libreria\/wp-json\/wp\/v2\/media\/15790"}],"wp:attachment":[{"href":"https:\/\/edimeinter.com\/libreria\/wp-json\/wp\/v2\/media?parent=15789"}],"wp:term":[{"taxonomy":"product_cat","embeddable":true,"href":"https:\/\/edimeinter.com\/libreria\/wp-json\/wp\/v2\/product_cat?post=15789"},{"taxonomy":"product_tag","embeddable":true,"href":"https:\/\/edimeinter.com\/libreria\/wp-json\/wp\/v2\/product_tag?post=15789"}],"curies":[{"name":"wp","href":"https:\/\/api.w.org\/{rel}","templated":true}]}}