{"id":15802,"date":"2025-03-06T18:28:58","date_gmt":"2025-03-06T18:28:58","guid":{"rendered":"https:\/\/edimeinter.com\/libreria\/?post_type=product&#038;p=15802"},"modified":"2025-06-02T22:14:29","modified_gmt":"2025-06-02T22:14:29","slug":"principios-de-educacion-medica-desde-el-grado-hasta-el-desarrollo-profesional-1a-edicion","status":"publish","type":"product","link":"https:\/\/edimeinter.com\/libreria\/product\/principios-de-educacion-medica-desde-el-grado-hasta-el-desarrollo-profesional-1a-edicion\/","title":{"rendered":"Principios de Educaci\u00f3n M\u00e9dica. Desde el grado hasta el desarrollo profesional. 1\u00aa Edici\u00f3n"},"content":{"rendered":"\t\t<div data-elementor-type=\"wp-post\" data-elementor-id=\"15802\" class=\"elementor elementor-15802\">\n\t\t\t\t<div class=\"elementor-element elementor-element-2612b12 e-flex e-con-boxed e-con e-parent\" data-id=\"2612b12\" data-element_type=\"container\" data-e-type=\"container\">\n\t\t\t\t\t<div class=\"e-con-inner\">\n\t\t\n\t\t<div class=\"elementor-element elementor-element-498707ae elementor-widget elementor-widget-text-editor\" data-id=\"498707ae\" data-element_type=\"widget\" data-e-type=\"widget\" data-widget_type=\"text-editor.default\">\n\t\t\t\t<div class=\"elementor-widget-container\">\n\t\t\t\t\t\t\t\t\t<div class=\"accordionContent pulir\"><p>La comunidad educativa ha avanzado hacia una educaci\u00f3n m\u00e9dica basada en las mejores evidencias y pr\u00e1cticas educativas, intentado alejarse de la educaci\u00f3n basada en la opini\u00f3n. Las profundas transformaciones sociosanitarias de las dos \u00faltimas d\u00e9cadas exigen nuevas competencias en los profesionales de la salud, una modificaci\u00f3n del papel del docente y del discente, la modernizaci\u00f3n de los m\u00e9todos de aprendizaje y de evaluaci\u00f3n, as\u00ed como nuevas f\u00f3rmulas para una gesti\u00f3n de calidad del proceso de la educaci\u00f3n m\u00e9dica.<\/p><p>Este libro refleja los avances m\u00e1s relevantes relacionados con la teor\u00eda y la pr\u00e1ctica del aprendizaje y de la ense\u00f1anza de la medicina, a trav\u00e9s de una visi\u00f3n global y unitaria que va desde el an\u00e1lisis de los perfiles competenciales para afrontar las nuevas necesidades, las metodolog\u00edas docentes disponibles, as\u00ed como las diferentes t\u00e9cnicas de evaluaci\u00f3n, o las formas de organizaci\u00f3n, gesti\u00f3n y control de calidad.<\/p><\/div><div class=\"accordionContent pulir\">\u00a0<\/div><div class=\"accordionContent pulir\">Cada vez existe un mayor inter\u00e9s por parte del educador por la profundizaci\u00f3n en este tema, a fin de disponer de una herramienta para el propio desarrollo educativo y profesional como profesor. Por ello, la obra surge con la vocaci\u00f3n de servir de gu\u00eda y texto para mejorar la calidad del binomio aprendizaje-ense\u00f1anza y est\u00e1 dirigida a todos aquellos implicados en la educaci\u00f3n m\u00e9dica para facilitar las bases cient\u00edficas y evidencias de su propia actividad docente.<\/div>\t\t\t\t\t\t\t\t<\/div>\n\t\t\t\t<\/div>\n\t\t\t\t\t<\/div>\n\t\t\t\t<\/div>\n\t\t\t\t<\/div>\n\t\t","protected":false},"excerpt":{"rendered":"<p><strong>Autores:<\/strong> Jes\u00fas Mill\u00e1n N\u00fa\u00f1ez-Cort\u00e9s \/ Jorge Luis Pal\u00e9s Argull\u00f3s \/ Jes\u00fas Mor\u00e1n-Barrios<br \/>\n<strong>ISBN:<\/strong> 9788498354447<br \/>\n<strong>Edici\u00f3n:<\/strong> 1\u00aa<br \/>\n<strong>Especialidad:<\/strong> Educaci\u00f3n en Ciencias de la Salud y Pedagog\u00eda<br \/>\n<strong>P\u00e1ginas:<\/strong> 756<br \/>\n\u00a9 2015<\/p>\n","protected":false},"featured_media":15803,"comment_status":"open","ping_status":"closed","template":"","meta":{"_joinchat":[]},"product_cat":[128],"product_tag":[174,70,129],"class_list":{"0":"post-15802","1":"product","2":"type-product","3":"status-publish","4":"has-post-thumbnail","6":"product_cat-pedagogia","7":"product_tag-outlet","8":"product_tag-panamericana","9":"product_tag-pedagogia","11":"first","12":"instock","13":"sale","14":"featured","15":"taxable","16":"shipping-taxable","17":"purchasable","18":"product-type-simple"},"_links":{"self":[{"href":"https:\/\/edimeinter.com\/libreria\/wp-json\/wp\/v2\/product\/15802","targetHints":{"allow":["GET"]}}],"collection":[{"href":"https:\/\/edimeinter.com\/libreria\/wp-json\/wp\/v2\/product"}],"about":[{"href":"https:\/\/edimeinter.com\/libreria\/wp-json\/wp\/v2\/types\/product"}],"replies":[{"embeddable":true,"href":"https:\/\/edimeinter.com\/libreria\/wp-json\/wp\/v2\/comments?post=15802"}],"version-history":[{"count":5,"href":"https:\/\/edimeinter.com\/libreria\/wp-json\/wp\/v2\/product\/15802\/revisions"}],"predecessor-version":[{"id":16868,"href":"https:\/\/edimeinter.com\/libreria\/wp-json\/wp\/v2\/product\/15802\/revisions\/16868"}],"wp:featuredmedia":[{"embeddable":true,"href":"https:\/\/edimeinter.com\/libreria\/wp-json\/wp\/v2\/media\/15803"}],"wp:attachment":[{"href":"https:\/\/edimeinter.com\/libreria\/wp-json\/wp\/v2\/media?parent=15802"}],"wp:term":[{"taxonomy":"product_cat","embeddable":true,"href":"https:\/\/edimeinter.com\/libreria\/wp-json\/wp\/v2\/product_cat?post=15802"},{"taxonomy":"product_tag","embeddable":true,"href":"https:\/\/edimeinter.com\/libreria\/wp-json\/wp\/v2\/product_tag?post=15802"}],"curies":[{"name":"wp","href":"https:\/\/api.w.org\/{rel}","templated":true}]}}