{"id":15816,"date":"2025-03-06T18:43:37","date_gmt":"2025-03-06T18:43:37","guid":{"rendered":"https:\/\/edimeinter.com\/libreria\/?post_type=product&#038;p=15816"},"modified":"2025-05-27T17:34:56","modified_gmt":"2025-05-27T17:34:56","slug":"gerencia-y-administracion-estrategica-de-la-atencion-medica","status":"publish","type":"product","link":"https:\/\/edimeinter.com\/libreria\/product\/gerencia-y-administracion-estrategica-de-la-atencion-medica\/","title":{"rendered":"Gerencia y Administraci\u00f3n Estrat\u00e9gica de la Atenci\u00f3n M\u00e9dica. 1\u00aa Edici\u00f3n"},"content":{"rendered":"\t\t<div data-elementor-type=\"wp-post\" data-elementor-id=\"15816\" class=\"elementor elementor-15816\">\n\t\t\t\t<div class=\"elementor-element elementor-element-2612b12 e-flex e-con-boxed e-con e-parent\" data-id=\"2612b12\" data-element_type=\"container\" data-e-type=\"container\">\n\t\t\t\t\t<div class=\"e-con-inner\">\n\t\t\n\t\t<div class=\"elementor-element elementor-element-498707ae elementor-widget elementor-widget-text-editor\" data-id=\"498707ae\" data-element_type=\"widget\" data-e-type=\"widget\" data-widget_type=\"text-editor.default\">\n\t\t\t\t<div class=\"elementor-widget-container\">\n\t\t\t\t\t\t\t\t\t<div class=\"accordionContent pulir\"><p>Esta obra obedece a la necesidad de contar con experiencias, testimonios y conocimientos que contribuyan a la pr\u00e1ctica de una mejor gerencia de la atenci\u00f3n m\u00e9dica.<\/p><p>\u00datil para quienes se desempe\u00f1an en la planeaci\u00f3n, operaci\u00f3n y evaluaci\u00f3n de cl\u00ednicas, hospitales y otros servicios m\u00e9dicos; el presente texto aspira a tener un impacto importante en el ejercicio, la docencia y la investigaci\u00f3n de la misma; su contenido intenta evitar la disfuncionalidad de la gerencia de la atenci\u00f3n m\u00e9dica.<\/p><\/div><div class=\"accordionContent pulir\">\u00a0<\/div><div class=\"accordionContent pulir\">El libro nace a ra\u00edz de las solicitudes y los requerimientos de los estudiantes de pregrado y posgrado de la gerencia de servicios m\u00e9dicos, de los asesores y profesores, as\u00ed como de los directivos al servicio de las distintas instituciones de salud involucrados en esta disciplina.<\/div>\t\t\t\t\t\t\t\t<\/div>\n\t\t\t\t<\/div>\n\t\t\t\t\t<\/div>\n\t\t\t\t<\/div>\n\t\t\t\t<\/div>\n\t\t","protected":false},"excerpt":{"rendered":"<p><strong>Autor: <\/strong>Guillermo Fajardo Ortiz<strong><br \/>\nISBN:<\/strong> 9786079356583<br \/>\n<strong>Edici\u00f3n:<\/strong> 1\u00aa<br \/>\n<strong>Especialidad: <\/strong>Salud P\u00fablica y Administraci\u00f3n Hospitalaria<strong><br \/>\nP\u00e1ginas:<\/strong> 678<br \/>\n\u00a9 2015<\/p>\n","protected":false},"featured_media":15817,"comment_status":"open","ping_status":"closed","template":"","meta":{"_joinchat":[]},"product_cat":[193],"product_tag":[174,70,194],"class_list":{"0":"post-15816","1":"product","2":"type-product","3":"status-publish","4":"has-post-thumbnail","6":"product_cat-salud-publica","7":"product_tag-outlet","8":"product_tag-panamericana","9":"product_tag-salud-publica","11":"first","12":"outofstock","13":"sale","14":"featured","15":"purchasable","16":"product-type-simple"},"_links":{"self":[{"href":"https:\/\/edimeinter.com\/libreria\/wp-json\/wp\/v2\/product\/15816","targetHints":{"allow":["GET"]}}],"collection":[{"href":"https:\/\/edimeinter.com\/libreria\/wp-json\/wp\/v2\/product"}],"about":[{"href":"https:\/\/edimeinter.com\/libreria\/wp-json\/wp\/v2\/types\/product"}],"replies":[{"embeddable":true,"href":"https:\/\/edimeinter.com\/libreria\/wp-json\/wp\/v2\/comments?post=15816"}],"version-history":[{"count":6,"href":"https:\/\/edimeinter.com\/libreria\/wp-json\/wp\/v2\/product\/15816\/revisions"}],"predecessor-version":[{"id":16858,"href":"https:\/\/edimeinter.com\/libreria\/wp-json\/wp\/v2\/product\/15816\/revisions\/16858"}],"wp:featuredmedia":[{"embeddable":true,"href":"https:\/\/edimeinter.com\/libreria\/wp-json\/wp\/v2\/media\/15817"}],"wp:attachment":[{"href":"https:\/\/edimeinter.com\/libreria\/wp-json\/wp\/v2\/media?parent=15816"}],"wp:term":[{"taxonomy":"product_cat","embeddable":true,"href":"https:\/\/edimeinter.com\/libreria\/wp-json\/wp\/v2\/product_cat?post=15816"},{"taxonomy":"product_tag","embeddable":true,"href":"https:\/\/edimeinter.com\/libreria\/wp-json\/wp\/v2\/product_tag?post=15816"}],"curies":[{"name":"wp","href":"https:\/\/api.w.org\/{rel}","templated":true}]}}