{"id":15825,"date":"2025-03-06T18:50:01","date_gmt":"2025-03-06T18:50:01","guid":{"rendered":"https:\/\/edimeinter.com\/libreria\/?post_type=product&#038;p=15825"},"modified":"2025-03-28T19:59:58","modified_gmt":"2025-03-28T19:59:58","slug":"flores-embriologia-humana-bases-moleculares-y-celulares-de-la-histogenesis","status":"publish","type":"product","link":"https:\/\/edimeinter.com\/libreria\/product\/flores-embriologia-humana-bases-moleculares-y-celulares-de-la-histogenesis\/","title":{"rendered":"Flores. Embriolog\u00eda Humana. Bases moleculares y celulares de la histog\u00e9nesis."},"content":{"rendered":"\t\t<div data-elementor-type=\"wp-post\" data-elementor-id=\"15825\" class=\"elementor elementor-15825\">\n\t\t\t\t<div class=\"elementor-element elementor-element-2612b12 e-flex e-con-boxed e-con e-parent\" data-id=\"2612b12\" data-element_type=\"container\" data-e-type=\"container\">\n\t\t\t\t\t<div class=\"e-con-inner\">\n\t\t\n\t\t<div class=\"elementor-element elementor-element-498707ae elementor-widget elementor-widget-text-editor\" data-id=\"498707ae\" data-element_type=\"widget\" data-e-type=\"widget\" data-widget_type=\"text-editor.default\">\n\t\t\t\t<div class=\"elementor-widget-container\">\n\t\t\t\t\t\t\t\t\t<p>El libro fue concebido con la idea de ofrecer a alumnos y docentes una obra completa y vers\u00e1til que posibilite enfocar la ense\u00f1anza del desarrollo embrionario humano desde m\u00faltiples perspectivas: desde una visi\u00f3n actualizada y cr\u00edticamente revisada de la embriolog\u00eda cl\u00e1sica, fundada en la morfolog\u00eda del desarrollo y la histog\u00e9nesis, hasta la comprensi\u00f3n m\u00e1s moderna y profunda aportada por la Biolog\u00eda Celular y Molecular que tienden a una explicaci\u00f3n del desarrollo y de la patogenia de las fallas del desarrollo en t\u00e9rminos de comportamientos celulares y moleculares. La obra puede ser f\u00e1cilmente adaptada por docentes y alumnos a diversos tipos de enfoques de la ense\u00f1anza-aprendizaje de la Embriolog\u00eda M\u00e9dica y la Biolog\u00eda del Desarrollo intermedio entre las situaciones mencionadas.<\/p><p>Se trata de un texto moderno de Embriolog\u00eda que dispone de recursos pedag\u00f3gicos y tecnolog\u00eda educativa amplios y vers\u00e1tiles. Provee de marcos conceptuales, jerarquizaci\u00f3n de conceptos y contenidos y actividades de aprendizaje no contemplados en otras obras. A lo largo del libro el lector es tambi\u00e9n part\u00edcipe de discusiones, reflexiones, cr\u00edticas y dudas frente al conocimiento. Esto es as\u00ed pues la obra no presenta una visi\u00f3n lineal de la disciplina sino que presenta concepciones dis\u00edmiles de diversos autores e investigadores correspondientes al \u00e1rea del conocimiento. Pretende as\u00ed producir modificaciones en el educando que lo acerquen gradualmente al perfil del egresado.<\/p>\t\t\t\t\t\t\t\t<\/div>\n\t\t\t\t<\/div>\n\t\t\t\t\t<\/div>\n\t\t\t\t<\/div>\n\t\t\t\t<\/div>\n\t\t","protected":false},"excerpt":{"rendered":"<p><strong>Autor: <\/strong>Vladimir Flores<strong><br \/>\nISBN:<\/strong> 9789500600927<br \/>\n<strong>Edici\u00f3n:<\/strong> 1\u00aa<br \/>\n<strong>Especialidad: <\/strong>Embriolog\u00eda y Biolog\u00eda del Desarrollo<strong><br \/>\nP\u00e1ginas:<\/strong> 584<br \/>\n\u00a9 2015<\/p>\n","protected":false},"featured_media":15826,"comment_status":"open","ping_status":"open","template":"","meta":{"_joinchat":[]},"product_cat":[216],"product_tag":[217,174,70],"class_list":{"0":"post-15825","1":"product","2":"type-product","3":"status-publish","4":"has-post-thumbnail","6":"product_cat-embriologia","7":"product_tag-embriologia","8":"product_tag-outlet","9":"product_tag-panamericana","11":"first","12":"instock","13":"sale","14":"featured","15":"purchasable","16":"product-type-simple"},"_links":{"self":[{"href":"https:\/\/edimeinter.com\/libreria\/wp-json\/wp\/v2\/product\/15825","targetHints":{"allow":["GET"]}}],"collection":[{"href":"https:\/\/edimeinter.com\/libreria\/wp-json\/wp\/v2\/product"}],"about":[{"href":"https:\/\/edimeinter.com\/libreria\/wp-json\/wp\/v2\/types\/product"}],"replies":[{"embeddable":true,"href":"https:\/\/edimeinter.com\/libreria\/wp-json\/wp\/v2\/comments?post=15825"}],"version-history":[{"count":6,"href":"https:\/\/edimeinter.com\/libreria\/wp-json\/wp\/v2\/product\/15825\/revisions"}],"predecessor-version":[{"id":16197,"href":"https:\/\/edimeinter.com\/libreria\/wp-json\/wp\/v2\/product\/15825\/revisions\/16197"}],"wp:featuredmedia":[{"embeddable":true,"href":"https:\/\/edimeinter.com\/libreria\/wp-json\/wp\/v2\/media\/15826"}],"wp:attachment":[{"href":"https:\/\/edimeinter.com\/libreria\/wp-json\/wp\/v2\/media?parent=15825"}],"wp:term":[{"taxonomy":"product_cat","embeddable":true,"href":"https:\/\/edimeinter.com\/libreria\/wp-json\/wp\/v2\/product_cat?post=15825"},{"taxonomy":"product_tag","embeddable":true,"href":"https:\/\/edimeinter.com\/libreria\/wp-json\/wp\/v2\/product_tag?post=15825"}],"curies":[{"name":"wp","href":"https:\/\/api.w.org\/{rel}","templated":true}]}}