{"id":16305,"date":"2025-05-01T22:53:54","date_gmt":"2025-05-01T22:53:54","guid":{"rendered":"https:\/\/edimeinter.com\/libreria\/?post_type=product&#038;p=16305"},"modified":"2025-05-01T22:58:08","modified_gmt":"2025-05-01T22:58:08","slug":"manejo-nutricional-y-suplementacion-en-cirugia-bariatrica-1a-edicion","status":"publish","type":"product","link":"https:\/\/edimeinter.com\/libreria\/product\/manejo-nutricional-y-suplementacion-en-cirugia-bariatrica-1a-edicion\/","title":{"rendered":"Manejo Nutricional y Suplementaci\u00f3n en Cirug\u00eda Bari\u00e1trica. 1\u00aa Edici\u00f3n"},"content":{"rendered":"\t\t<div data-elementor-type=\"wp-post\" data-elementor-id=\"16305\" class=\"elementor elementor-16305\">\n\t\t\t\t<div class=\"elementor-element elementor-element-2612b12 e-flex e-con-boxed e-con e-parent\" data-id=\"2612b12\" data-element_type=\"container\" data-e-type=\"container\">\n\t\t\t\t\t<div class=\"e-con-inner\">\n\t\t\n\t\t<div class=\"elementor-element elementor-element-498707ae elementor-widget elementor-widget-text-editor\" data-id=\"498707ae\" data-element_type=\"widget\" data-e-type=\"widget\" data-widget_type=\"text-editor.default\">\n\t\t\t\t<div class=\"elementor-widget-container\">\n\t\t\t\t\t\t\t\t\t<p>La cirug\u00eda bari\u00e1trica es actualmente la \u00fanica opci\u00f3n para tratar de manera eficaz la obesidad m\u00f3rbida en personas para quienes medidas m\u00e1s conservadoras como la dieta, el ejercicio y la medicaci\u00f3n han fracasado. Este tipo de cirug\u00eda contribuye adem\u00e1s de manera importante a resolver comorbilidades y a mejorar la calidad de vida. Se ha demostrado que, tras una cirug\u00eda bari\u00e1trica exitosa, los pacientes obtienen beneficios como reducci\u00f3n de la glucemia y de la presi\u00f3n arterial, reducci\u00f3n o eliminaci\u00f3n de la apnea del sue\u00f1o, y reducci\u00f3n de la carga de trabajo del coraz\u00f3n y de los niveles de colesterol.<\/p><p>Manejo nutricional y suplementaci\u00f3n en cirug\u00eda bari\u00e1trica. Gu\u00eda de pr\u00e1ctica cl\u00ednica es un recurso de referencia que abarca todas las \u00e1reas del manejo nutricional y la suplementaci\u00f3n en cirug\u00eda bari\u00e1trica, desde la valoraci\u00f3n y la preparaci\u00f3n preoperatorias del paciente hasta los cuidados postoperatorios. Se trata de la primera obra latinoamericana publicada en espa\u00f1ol dirigida a los equipos transdisciplinarios que se dedican al manejo quir\u00fargico de la obesidad, la diabetes y el s\u00edndrome metab\u00f3lico.<\/p>\t\t\t\t\t\t\t\t<\/div>\n\t\t\t\t<\/div>\n\t\t\t\t\t<\/div>\n\t\t\t\t<\/div>\n\t\t\t\t<\/div>\n\t\t","protected":false},"excerpt":{"rendered":"<p><strong>Autores:<\/strong> Brenda Ceballos Gonz\u00e1lez, Nelson Rodr\u00edguez Huerta and Estuardo Behrens Estrada<br \/>\n<strong>ISBN:<\/strong> 9788413825496<br \/>\n<strong>Editorial:<\/strong>\u00a0Elsevier<br \/>\n<strong>Edici\u00f3n:<\/strong> 1\u00aa<br \/>\n<strong>Especialidad<\/strong>: Nutrici\u00f3n y Dietoterapia<br \/>\n<strong>P\u00e1ginas<\/strong>: 160<br \/>\n\u00a9 2024<\/p>\n","protected":false},"featured_media":16306,"comment_status":"open","ping_status":"closed","template":"","meta":{"_joinchat":[]},"product_cat":[106],"product_tag":[240,85,107],"class_list":{"0":"post-16305","1":"product","2":"type-product","3":"status-publish","4":"has-post-thumbnail","6":"product_cat-nutricion-y-dietoterapia","7":"product_tag-240","8":"product_tag-elsevier","9":"product_tag-nutricion-y-dietoterapia","11":"first","12":"instock","13":"featured","14":"purchasable","15":"product-type-simple"},"_links":{"self":[{"href":"https:\/\/edimeinter.com\/libreria\/wp-json\/wp\/v2\/product\/16305","targetHints":{"allow":["GET"]}}],"collection":[{"href":"https:\/\/edimeinter.com\/libreria\/wp-json\/wp\/v2\/product"}],"about":[{"href":"https:\/\/edimeinter.com\/libreria\/wp-json\/wp\/v2\/types\/product"}],"replies":[{"embeddable":true,"href":"https:\/\/edimeinter.com\/libreria\/wp-json\/wp\/v2\/comments?post=16305"}],"version-history":[{"count":4,"href":"https:\/\/edimeinter.com\/libreria\/wp-json\/wp\/v2\/product\/16305\/revisions"}],"predecessor-version":[{"id":16310,"href":"https:\/\/edimeinter.com\/libreria\/wp-json\/wp\/v2\/product\/16305\/revisions\/16310"}],"wp:featuredmedia":[{"embeddable":true,"href":"https:\/\/edimeinter.com\/libreria\/wp-json\/wp\/v2\/media\/16306"}],"wp:attachment":[{"href":"https:\/\/edimeinter.com\/libreria\/wp-json\/wp\/v2\/media?parent=16305"}],"wp:term":[{"taxonomy":"product_cat","embeddable":true,"href":"https:\/\/edimeinter.com\/libreria\/wp-json\/wp\/v2\/product_cat?post=16305"},{"taxonomy":"product_tag","embeddable":true,"href":"https:\/\/edimeinter.com\/libreria\/wp-json\/wp\/v2\/product_tag?post=16305"}],"curies":[{"name":"wp","href":"https:\/\/api.w.org\/{rel}","templated":true}]}}